{"id":3348,"date":"2021-12-07T20:05:18","date_gmt":"2021-12-07T19:05:18","guid":{"rendered":"https:\/\/www.sorainstyles.com\/boutique\/produit\/charleston-gray-243\/"},"modified":"2025-10-04T12:26:14","modified_gmt":"2025-10-04T10:26:14","slug":"charleston-gray-243","status":"publish","type":"product","link":"https:\/\/www.sorainstyles.com\/boutique\/produit\/charleston-gray-243\/","title":{"rendered":"Charleston Gray 243"},"content":{"rendered":"<h1 class=\"product-hero__title\">Charleston Gray &#8211; No.243 de chez Farrow &amp; Ball<\/h1>\n<h2>Un gris chaud et profond<\/h2>\n<p>La teinte No.243 &#8211; Charleston Gray est un gris sobre et chaud qui doit son nom \u00e0 la maison tant aim\u00e9e du Bloomsbury Group, qui rassemblait intellectuels et artistes dans le East Sussex. Il s\u2019agit de la couleur accent id\u00e9ale pour la palette des Neutres Contemporains. Il peut aussi \u00eatre utilis\u00e9 sur les boiseries avec le somptueux <a href=\"https:\/\/www.farrow-ball.com\/fr\/couleurs\/brinjal\" target=\"_blank\" rel=\"noopener\">Brinjal<\/a>.<\/p>\n<p>Primer &amp; Undercoat recommand\u00e9e: <a href=\"https:\/\/www.sorainstyles.com\/boutique\/categorie-produit\/appret-sous-couches\/dark-tones\/\" target=\"_blank\" rel=\"noopener\">Dark Tones<\/a><\/p>\n<p>Blanc compl\u00e9mentaire : <a href=\"https:\/\/www.sorainstyles.com\/boutique\/produit\/strong-white-2001\/\" target=\"_blank\" rel=\"noopener\">Strong White<\/a><\/p>\n<h3>4 exemples d&rsquo;harmonies de couleurs avec la teinte Charleston Gray &#8211; No.243<\/h3>\n<ul>\n<li>Strong White No.2001 &#8211; Skimming Stone No.241<\/li>\n<li>Elephant&rsquo;s Breath No.229 &#8211; Dove Tale No.267<\/li>\n<li>London Clay No.244 &#8211; Pelt No.254<\/li>\n<li>Brinjal No.222 &#8211; Paean Black No.294<\/li>\n<\/ul>\n<h3>Information produit<\/h3>\n<h4>A base d&rsquo;eau et sans danger pour les enfants<\/h4>\n<p>En 2010, Farrow &amp; Ball a \u00e9t\u00e9 les premiers du secteur \u00e0 passer \u00e0 une gamme de finitions \u00e9labor\u00e9es enti\u00e8rement \u00e0 base d\u2019eau. En effet, ces finitions \u00e0 faible teneur en COV et pratiquement sans odeur sont faciles \u00e0 nettoyer sans recourir \u00e0 des solvants nocifs.<\/p>\n<h4>Finitions de qualit\u00e9<\/h4>\n<p>Tout d&rsquo;abord, chacune de nos couleurs est disponible dans une gamme de finitions de peinture d\u2019int\u00e9rieur et d\u2019ext\u00e9rieur. Ensuite, chaque finition est test\u00e9e de mani\u00e8re rigoureuse pour garantir un fini durable et une profondeur de couleur exceptionnelle. Enfin, pour obtenir les meilleurs r\u00e9sultats, nous recommandons toujours d\u2019utiliser une Impression &amp; Sous-couche Farrow &amp; Ball &#8211; voir plus haut pour trouver la tonalit\u00e9 de couleur exacte pour cette peinture.<\/p>\n","protected":false},"excerpt":{"rendered":"<h3>Un gris chaud et profond<\/h3>\n<p>Charleston Gray est un gris sobre et chaleureux aux tons bruns sous-jacents. Cette couleur est id\u00e9ale pour cr\u00e9er une ambiance enveloppante et feutr\u00e9e. Et, se marie tr\u00e8s bien avec les tons chauds.<\/p>\n<p>Sous-couche recommand\u00e9e : <a href=\"https:\/\/www.sorainstyles.com\/boutique\/categorie-produit\/appret-sous-couches\/dark-tones\/\" target=\"_blank\" rel=\"noopener\">Dark Tones<\/a><\/p>\n","protected":false},"featured_media":14254,"template":"","meta":{"_acf_changed":false,"_et_pb_use_builder":"","_et_pb_old_content":"","_et_gb_content_width":""},"product_brand":[],"product_cat":[341,329,143,81],"product_tag":[561,560,406,371,366,362],"class_list":{"0":"post-3348","1":"product","2":"type-product","3":"status-publish","4":"has-post-thumbnail","6":"product_cat-fonce-luminosite","7":"product_cat-neutre","8":"product_cat-nuancier-actuel","9":"product_cat-peintures-de-finition","10":"product_tag-561","11":"product_tag-charleston-gray","12":"product_tag-couleur","13":"product_tag-farrow","14":"product_tag-farrowball","15":"product_tag-peinture","17":"first","18":"instock","19":"taxable","20":"shipping-taxable","21":"purchasable","22":"product-type-variable"},"acf":[],"_links":{"self":[{"href":"https:\/\/www.sorainstyles.com\/boutique\/wp-json\/wp\/v2\/product\/3348","targetHints":{"allow":["GET"]}}],"collection":[{"href":"https:\/\/www.sorainstyles.com\/boutique\/wp-json\/wp\/v2\/product"}],"about":[{"href":"https:\/\/www.sorainstyles.com\/boutique\/wp-json\/wp\/v2\/types\/product"}],"wp:featuredmedia":[{"embeddable":true,"href":"https:\/\/www.sorainstyles.com\/boutique\/wp-json\/wp\/v2\/media\/14254"}],"wp:attachment":[{"href":"https:\/\/www.sorainstyles.com\/boutique\/wp-json\/wp\/v2\/media?parent=3348"}],"wp:term":[{"taxonomy":"product_brand","embeddable":true,"href":"https:\/\/www.sorainstyles.com\/boutique\/wp-json\/wp\/v2\/product_brand?post=3348"},{"taxonomy":"product_cat","embeddable":true,"href":"https:\/\/www.sorainstyles.com\/boutique\/wp-json\/wp\/v2\/product_cat?post=3348"},{"taxonomy":"product_tag","embeddable":true,"href":"https:\/\/www.sorainstyles.com\/boutique\/wp-json\/wp\/v2\/product_tag?post=3348"}],"curies":[{"name":"wp","href":"https:\/\/api.w.org\/{rel}","templated":true}]}}