{"id":3345,"date":"2021-12-07T20:05:14","date_gmt":"2021-12-07T19:05:14","guid":{"rendered":"https:\/\/www.sorainstyles.com\/boutique\/produit\/pavilion-gray-242\/"},"modified":"2025-10-04T12:28:49","modified_gmt":"2025-10-04T10:28:49","slug":"pavilion-gray-242","status":"publish","type":"product","link":"https:\/\/www.sorainstyles.com\/boutique\/produit\/pavilion-gray-242\/","title":{"rendered":"Pavilion Gray 242"},"content":{"rendered":"<h1 class=\"product-hero__title\">Pavilion Gray No.242 de chez Farrow &amp; Ball<\/h1>\n<h2>Un gris frais<\/h2>\n<p>Ce gris classique fut \u00e0 l\u2019origine sp\u00e9cialement cr\u00e9\u00e9 pour un pavillon. N\u00e9anmoins, il \u00e9voque aussi une \u00e9l\u00e9gante couleur su\u00e9doise du XVIIIe si\u00e8cle. Associez-le \u00e0 Dimpse, Blackened ou Manor House Gray dans n\u2019importe quelle combinaison pour un d\u00e9cor qui convient parfaitement \u00e0 une <a href=\"https:\/\/www.cotemaison.fr\/maison-reve\/\" target=\"_blank\" rel=\"noopener\">maison de famille<\/a> moderne.<\/p>\n<p>Primer &amp; Undercoat recommand\u00e9e: <a href=\"https:\/\/www.sorainstyles.com\/boutique\/categorie-produit\/appret-sous-couches\/mid-tones\/\" target=\"_blank\" rel=\"noopener\">Mid Tones<\/a><\/p>\n<p>Blanc compl\u00e9mentaire :\u00a0<a href=\"https:\/\/www.sorainstyles.com\/boutique\/produit\/blackened-2011\/\" target=\"_blank\" rel=\"noopener\">Blackened<\/a><\/p>\n<h3>5 exemples d\u2019harmonies de couleurs avec la teinte Pavilion Gray \u2013 No.242<\/h3>\n<ul>\n<li>Down Pipe No.26 &#8211; Railings No.31<\/li>\n<li>Blackened No.2011 &#8211; Strong White No.2001<\/li>\n<li>Wevet No.273 &#8211; Dimpse No.277<\/li>\n<li>Manor House Gray No.265 &#8211; Plummett No.272<\/li>\n<li>Blackened No.2011 &#8211; Hopper Head No.305<\/li>\n<\/ul>\n<h3>Information produit<\/h3>\n<h4>A base d\u2019eau et sans danger pour les enfants<\/h4>\n<p>En 2010, Farrow &amp; Ball a \u00e9t\u00e9 les premiers du secteur \u00e0 passer \u00e0 une gamme de finitions \u00e9labor\u00e9es enti\u00e8rement \u00e0 base d\u2019eau. En effet, ces finitions \u00e0 faible teneur en COV et pratiquement sans odeur sont faciles \u00e0 nettoyer sans recourir \u00e0 des solvants nocifs.<\/p>\n<h4>Finitions de qualit\u00e9<\/h4>\n<p>Tout d\u2019abord, chacune de nos couleurs est disponible dans une gamme de finitions de peinture d\u2019int\u00e9rieur et d\u2019ext\u00e9rieur. Ensuite, chaque finition est test\u00e9e de mani\u00e8re rigoureuse pour garantir un fini durable et une profondeur de couleur exceptionnelle. Enfin, pour obtenir les meilleurs r\u00e9sultats, nous recommandons toujours d\u2019utiliser une Impression &amp; Sous-couche Farrow &amp; Ball \u2013 voir plus haut pour trouver la tonalit\u00e9 de couleur exacte pour cette peinture.<\/p>\n<p>&nbsp;<\/p>\n<p>&nbsp;<\/p>\n","protected":false},"excerpt":{"rendered":"<h3>Un gris frais<\/h3>\n<p>Pavilion Gray, un gris classique avec de l\u00e9gers tons bleus sous-jacents, apporte une touche contemporaine et \u00e9largit n\u2019importe quel espace.<\/p>\n<p>Sous-couche recommand\u00e9e : <a href=\"https:\/\/www.sorainstyles.com\/boutique\/categorie-produit\/appret-sous-couches\/mid-tones\/\" target=\"_blank\" rel=\"noopener\">Mid Tones<\/a><\/p>\n","protected":false},"featured_media":14310,"template":"","meta":{"_acf_changed":false,"_et_pb_use_builder":"","_et_pb_old_content":"","_et_gb_content_width":""},"product_brand":[],"product_cat":[98,329,143,81],"product_tag":[563,406,371,366,562,362],"class_list":{"0":"post-3345","1":"product","2":"type-product","3":"status-publish","4":"has-post-thumbnail","6":"product_cat-moyen","7":"product_cat-neutre","8":"product_cat-nuancier-actuel","9":"product_cat-peintures-de-finition","10":"product_tag-563","11":"product_tag-couleur","12":"product_tag-farrow","13":"product_tag-farrowball","14":"product_tag-pavilion-gray","15":"product_tag-peinture","17":"first","18":"instock","19":"taxable","20":"shipping-taxable","21":"purchasable","22":"product-type-variable"},"acf":[],"_links":{"self":[{"href":"https:\/\/www.sorainstyles.com\/boutique\/wp-json\/wp\/v2\/product\/3345","targetHints":{"allow":["GET"]}}],"collection":[{"href":"https:\/\/www.sorainstyles.com\/boutique\/wp-json\/wp\/v2\/product"}],"about":[{"href":"https:\/\/www.sorainstyles.com\/boutique\/wp-json\/wp\/v2\/types\/product"}],"wp:featuredmedia":[{"embeddable":true,"href":"https:\/\/www.sorainstyles.com\/boutique\/wp-json\/wp\/v2\/media\/14310"}],"wp:attachment":[{"href":"https:\/\/www.sorainstyles.com\/boutique\/wp-json\/wp\/v2\/media?parent=3345"}],"wp:term":[{"taxonomy":"product_brand","embeddable":true,"href":"https:\/\/www.sorainstyles.com\/boutique\/wp-json\/wp\/v2\/product_brand?post=3345"},{"taxonomy":"product_cat","embeddable":true,"href":"https:\/\/www.sorainstyles.com\/boutique\/wp-json\/wp\/v2\/product_cat?post=3345"},{"taxonomy":"product_tag","embeddable":true,"href":"https:\/\/www.sorainstyles.com\/boutique\/wp-json\/wp\/v2\/product_tag?post=3345"}],"curies":[{"name":"wp","href":"https:\/\/api.w.org\/{rel}","templated":true}]}}