{"id":3335,"date":"2021-12-07T20:03:32","date_gmt":"2021-12-07T19:03:32","guid":{"rendered":"https:\/\/www.sorainstyles.com\/boutique\/produit\/wimborne-white-239\/"},"modified":"2025-10-04T12:38:41","modified_gmt":"2025-10-04T10:38:41","slug":"wimborne-white-239","status":"publish","type":"product","link":"https:\/\/www.sorainstyles.com\/boutique\/produit\/wimborne-white-239\/","title":{"rendered":"Wimborne White 239"},"content":{"rendered":"<h1 class=\"product-hero__title\">Wimborne White No.239 de chez Farrow &amp; Ball<\/h1>\n<h2>Un blanc tr\u00e8s l\u00e9g\u00e8rement cass\u00e9<\/h2>\n<p>Ce <a href=\"https:\/\/www.cotemaison.fr\/inspirations\/diaporama\/deco-mur-blanc-idees-originales_31334.html\" target=\"_blank\" rel=\"noopener\">blanc<\/a> l\u00e9g\u00e8rement cass\u00e9 est baptis\u00e9 du nom de la ville historique de Wimborne dans le Dorset. En effet, c&rsquo;est d&rsquo;ailleurs l\u00e0 o\u00f9 la soci\u00e9t\u00e9 Farrow &amp; Ball est domicili\u00e9e. Blanc quasi-pur : \u00e0 une tonalit\u00e9 pr\u00e8s, la teinte No.239 &#8211; Wimborne White contient, en effet, une quantit\u00e9 minuscule de pigment jaune chaud qui en fait une teinte tr\u00e8s polyvalente et l\u00e9g\u00e8rement plus douce qu\u2019All White.<\/p>\n<p>Primer &amp; Undercoat recommand\u00e9e: <a href=\"https:\/\/www.sorainstyles.com\/boutique\/categorie-produit\/appret-sous-couches\/white-and-light-tones\/\" target=\"_blank\" rel=\"noopener\">White and Light Tones<\/a><\/p>\n<p>Blanc compl\u00e9mentaire :\u00a0<a href=\"https:\/\/www.sorainstyles.com\/boutique\/produit\/all-white-2005\/\" target=\"_blank\" rel=\"noopener\">All White<\/a><\/p>\n<h3>3 exemples d\u2019harmonies de couleurs avec la teinte Wimborne White \u2013 No.239<\/h3>\n<ul>\n<li>Pink Ground No.202 &#8211; Setting Plaster No.231<\/li>\n<li>Bone No.15 &#8211; Lime White No.1<\/li>\n<li>Pale Powder No.204 &#8211; Stiffkey Blue No.281<\/li>\n<\/ul>\n<h3>Information produit<\/h3>\n<h4>A base d\u2019eau et sans danger pour les enfants<\/h4>\n<p>En 2010, Farrow &amp; Ball a \u00e9t\u00e9 les premiers du secteur \u00e0 passer \u00e0 une gamme de finitions \u00e9labor\u00e9es enti\u00e8rement \u00e0 base d\u2019eau. En effet, ces finitions \u00e0 faible teneur en COV et pratiquement sans odeur sont faciles \u00e0 nettoyer sans recourir \u00e0 des solvants nocifs.<\/p>\n<h4>Finitions de qualit\u00e9<\/h4>\n<p>Tout d\u2019abord, chacune de nos couleurs est disponible dans une gamme de finitions de peinture d\u2019int\u00e9rieur et d\u2019ext\u00e9rieur. Ensuite, chaque finition est test\u00e9e de mani\u00e8re rigoureuse pour garantir un fini durable et une profondeur de couleur exceptionnelle. Enfin, pour obtenir les meilleurs r\u00e9sultats, nous recommandons toujours d\u2019utiliser une Impression &amp; Sous-couche Farrow &amp; Ball \u2013 voir plus haut pour trouver la tonalit\u00e9 de couleur exacte pour cette peinture.<\/p>\n","protected":false},"excerpt":{"rendered":"<h3>Un blanc tr\u00e8s l\u00e9g\u00e8rement cass\u00e9<\/h3>\n<p>Wimborne White, nomm\u00e9 d&rsquo;apr\u00e8s la ville historique de Wimborne dans le Dorset, est un blanc quasi-pur avec une touche de pigment jaune chaud, le rendant polyvalent et doux.<\/p>\n<p>Sous-couche recommand\u00e9e : <a href=\"https:\/\/www.sorainstyles.com\/boutique\/categorie-produit\/appret-sous-couches\/white-and-light-tones\/\" target=\"_blank\" rel=\"noopener\">White and Light Tones<\/a><\/p>\n","protected":false},"featured_media":14293,"template":"","meta":{"_acf_changed":false,"_et_pb_use_builder":"","_et_pb_old_content":"","_et_gb_content_width":""},"product_brand":[],"product_cat":[331,329,143,81],"product_tag":[569,406,371,366,362,568],"class_list":{"0":"post-3335","1":"product","2":"type-product","3":"status-publish","4":"has-post-thumbnail","6":"product_cat-clair","7":"product_cat-neutre","8":"product_cat-nuancier-actuel","9":"product_cat-peintures-de-finition","10":"product_tag-569","11":"product_tag-couleur","12":"product_tag-farrow","13":"product_tag-farrowball","14":"product_tag-peinture","15":"product_tag-wimborne-white","17":"first","18":"instock","19":"taxable","20":"shipping-taxable","21":"purchasable","22":"product-type-variable"},"acf":[],"_links":{"self":[{"href":"https:\/\/www.sorainstyles.com\/boutique\/wp-json\/wp\/v2\/product\/3335","targetHints":{"allow":["GET"]}}],"collection":[{"href":"https:\/\/www.sorainstyles.com\/boutique\/wp-json\/wp\/v2\/product"}],"about":[{"href":"https:\/\/www.sorainstyles.com\/boutique\/wp-json\/wp\/v2\/types\/product"}],"wp:featuredmedia":[{"embeddable":true,"href":"https:\/\/www.sorainstyles.com\/boutique\/wp-json\/wp\/v2\/media\/14293"}],"wp:attachment":[{"href":"https:\/\/www.sorainstyles.com\/boutique\/wp-json\/wp\/v2\/media?parent=3335"}],"wp:term":[{"taxonomy":"product_brand","embeddable":true,"href":"https:\/\/www.sorainstyles.com\/boutique\/wp-json\/wp\/v2\/product_brand?post=3335"},{"taxonomy":"product_cat","embeddable":true,"href":"https:\/\/www.sorainstyles.com\/boutique\/wp-json\/wp\/v2\/product_cat?post=3335"},{"taxonomy":"product_tag","embeddable":true,"href":"https:\/\/www.sorainstyles.com\/boutique\/wp-json\/wp\/v2\/product_tag?post=3335"}],"curies":[{"name":"wp","href":"https:\/\/api.w.org\/{rel}","templated":true}]}}