{"id":3327,"date":"2021-12-07T20:00:58","date_gmt":"2021-12-07T19:00:58","guid":{"rendered":"https:\/\/www.sorainstyles.com\/boutique\/produit\/cooks-blue-237\/"},"modified":"2025-10-02T10:13:43","modified_gmt":"2025-10-02T08:13:43","slug":"cooks-blue-237","status":"publish","type":"product","link":"https:\/\/www.sorainstyles.com\/boutique\/produit\/cooks-blue-237\/","title":{"rendered":"Cook&rsquo;s Blue 237"},"content":{"rendered":"<h1 class=\"product-hero__title\">Cook&rsquo;s Blue &#8211; No.237 de chez Farrow &amp; Ball<\/h1>\n<h2>Un bleu vif<\/h2>\n<p>La teinte No.237 &#8211; Cook&rsquo;s Blue est une couleur \u00e9clatante et richement pigment\u00e9e. C&rsquo;est une couleur id\u00e9ale pour d\u00e9corer les cuisines et les zones de repas \u00e0 l&rsquo;ext\u00e9rieur. Cette teinte\u00a0est inspir\u00e9e de la couleur d\u00e9couverte dans le placard de la cuisine de l\u2019Abbaye de Calke, o\u00f9 les murs \u00e9taient rest\u00e9s intacts pendant plusieurs d\u00e9cennies.<\/p>\n<p>Primer &amp; Undercoat recommand\u00e9e: <a href=\"https:\/\/www.sorainstyles.com\/boutique\/categorie-produit\/appret-sous-couches\/mid-tones\/\" target=\"_blank\" rel=\"noopener\">Mid Tones<\/a><\/p>\n<p>Blanc compl\u00e9mentaire :\u00a0<a href=\"https:\/\/www.sorainstyles.com\/boutique\/produit\/slipper-satin-2004\/\" target=\"_blank\" rel=\"noopener\">Slipper Satin<\/a><\/p>\n<h3>5 exemples d\u2019harmonies de couleurs avec la teinte Cook&rsquo;s Blue \u2013 No.237<\/h3>\n<ul>\n<li>Arsenic No.214 &#8211; Incarnadine No.248<\/li>\n<li>Blackened No.2011 &#8211; Borrowed Light No.235<\/li>\n<li>Parma Gray No.27 &#8211; Pavilion Gray No.242<\/li>\n<li>Lulworth Blue No.89 &#8211; Hague Blue No.30<\/li>\n<li>Wine Dark No.308 &#8211; Hopper Head No.305<\/li>\n<\/ul>\n<h3>Information produit<\/h3>\n<h4>A base d\u2019eau et sans danger pour les enfants<\/h4>\n<p>En 2010, Farrow &amp; Ball a \u00e9t\u00e9 les premiers du secteur \u00e0 passer \u00e0 une gamme de finitions \u00e9labor\u00e9es enti\u00e8rement \u00e0 base d\u2019eau. En effet, ces finitions \u00e0 faible teneur en COV et pratiquement sans odeur sont faciles \u00e0 nettoyer sans recourir \u00e0 des solvants nocifs.<\/p>\n<h4>Finitions de qualit\u00e9<\/h4>\n<p>Tout d\u2019abord, chacune de nos couleurs est disponible dans une gamme de finitions de peinture d\u2019int\u00e9rieur et d\u2019ext\u00e9rieur. Ensuite, chaque finition est test\u00e9e de mani\u00e8re rigoureuse pour garantir un fini durable et une profondeur de couleur exceptionnelle. Enfin, pour obtenir les meilleurs r\u00e9sultats, nous recommandons toujours d\u2019utiliser une Impression &amp; Sous-couche Farrow &amp; Ball \u2013 voir plus haut pour trouver la tonalit\u00e9 de couleur exacte pour cette peinture.<\/p>\n","protected":false},"excerpt":{"rendered":"<h3>Un bleu vif<\/h3>\n<p>Cook\u2019s Blue est une teinte vive et richement pigment\u00e9e. Elle trouvera, quoiqu\u2019il arrive, sa place partout dans la maison.<\/p>\n<p>Sous-couche recommand\u00e9e : <a href=\"https:\/\/www.sorainstyles.com\/boutique\/categorie-produit\/appret-sous-couches\/mid-tones\/\" target=\"_blank\" rel=\"noopener\">Mid Tones<\/a><\/p>\n","protected":false},"featured_media":14217,"template":"","meta":{"_acf_changed":false,"_et_pb_use_builder":"","_et_pb_old_content":"","_et_gb_content_width":""},"product_brand":[],"product_cat":[330,341,143,81],"product_tag":[573,572,989,406,371,415,366,362],"class_list":{"0":"post-3327","1":"product","2":"type-product","3":"status-publish","4":"has-post-thumbnail","6":"product_cat-bleu","7":"product_cat-fonce-luminosite","8":"product_cat-nuancier-actuel","9":"product_cat-peintures-de-finition","10":"product_tag-573","11":"product_tag-cooks-blue","12":"product_tag-cooks-blue-237","13":"product_tag-couleur","14":"product_tag-farrow","15":"product_tag-farrow-ball","16":"product_tag-farrowball","17":"product_tag-peinture","19":"first","20":"instock","21":"taxable","22":"shipping-taxable","23":"purchasable","24":"product-type-variable"},"acf":[],"_links":{"self":[{"href":"https:\/\/www.sorainstyles.com\/boutique\/wp-json\/wp\/v2\/product\/3327","targetHints":{"allow":["GET"]}}],"collection":[{"href":"https:\/\/www.sorainstyles.com\/boutique\/wp-json\/wp\/v2\/product"}],"about":[{"href":"https:\/\/www.sorainstyles.com\/boutique\/wp-json\/wp\/v2\/types\/product"}],"wp:featuredmedia":[{"embeddable":true,"href":"https:\/\/www.sorainstyles.com\/boutique\/wp-json\/wp\/v2\/media\/14217"}],"wp:attachment":[{"href":"https:\/\/www.sorainstyles.com\/boutique\/wp-json\/wp\/v2\/media?parent=3327"}],"wp:term":[{"taxonomy":"product_brand","embeddable":true,"href":"https:\/\/www.sorainstyles.com\/boutique\/wp-json\/wp\/v2\/product_brand?post=3327"},{"taxonomy":"product_cat","embeddable":true,"href":"https:\/\/www.sorainstyles.com\/boutique\/wp-json\/wp\/v2\/product_cat?post=3327"},{"taxonomy":"product_tag","embeddable":true,"href":"https:\/\/www.sorainstyles.com\/boutique\/wp-json\/wp\/v2\/product_tag?post=3327"}],"curies":[{"name":"wp","href":"https:\/\/api.w.org\/{rel}","templated":true}]}}