{"id":3324,"date":"2021-12-07T20:00:56","date_gmt":"2021-12-07T19:00:56","guid":{"rendered":"https:\/\/www.sorainstyles.com\/boutique\/produit\/teresas-green-236\/"},"modified":"2025-10-02T10:25:05","modified_gmt":"2025-10-02T08:25:05","slug":"teresas-green-236","status":"publish","type":"product","link":"https:\/\/www.sorainstyles.com\/boutique\/produit\/teresas-green-236\/","title":{"rendered":"Teresa&rsquo;s Green 236"},"content":{"rendered":"<h1>Teresa&rsquo;s Green &#8211; No.236 de chez Farrow &amp; Ball<\/h1>\n<h2>Un ton turquoise plein de fra\u00eecheur<\/h2>\n<p>Ce ton turquoise clair rend hommage \u00e0 l\u2019un des tout premiers membres tr\u00e8s appr\u00e9ci\u00e9 de notre \u00e9quipe cr\u00e9ative. La teinte No.236 &#8211; Teresa&rsquo;s Green doit sa fra\u00eecheur \u00e0 ses riches pigments <a href=\"https:\/\/www.cotemaison.fr\/couleurs\/bleu-deco-peinture-bleue-bleu-ciel-bleu-turquoise_11679.html\" target=\"_blank\" rel=\"noopener\">bleus<\/a>, et sa chaleur \u00e0 ses tons sous-jacents verts doux. Se situant au centre de notre palette de tons turquoises, Teresa\u2019s Green a un effet apaisant et th\u00e9rapeutique, tout en cr\u00e9ant un contraste empreint de gait\u00e9 avec des teintes d\u00e9licates comme White Tie.<\/p>\n<p>Primer &amp; Undercoat recommand\u00e9e: <a href=\"https:\/\/www.sorainstyles.com\/boutique\/categorie-produit\/appret-sous-couches\/mid-tones\/\" target=\"_blank\" rel=\"noopener\">Mid Tones<\/a><\/p>\n<p>Blanc compl\u00e9mentaire :\u00a0<a href=\"https:\/\/www.sorainstyles.com\/boutique\/produit\/school-house-white-291\/\" target=\"_blank\" rel=\"noopener\">School House White<\/a><\/p>\n<h3>4 exemples d\u2019harmonies de couleurs avec la teinte Teresa&rsquo;s Green \u2013 No.236<\/h3>\n<ul>\n<li>White Tie No.2002 &#8211; James White No.2010<\/li>\n<li>Pavilion Blue No.252 &#8211; Pale Powder No.204<\/li>\n<li>Green Blue No.84 &#8211; Inchyra Blue No.289<\/li>\n<li>Vardo No.288 &#8211; Inchyra Blue No.2089<\/li>\n<\/ul>\n<h3>Information produit<\/h3>\n<h4>A base d\u2019eau et sans danger pour les enfants<\/h4>\n<p>En 2010, Farrow &amp; Ball a \u00e9t\u00e9 les premiers du secteur \u00e0 passer \u00e0 une gamme de finitions \u00e9labor\u00e9es enti\u00e8rement \u00e0 base d\u2019eau. En effet, ces finitions \u00e0 faible teneur en COV et pratiquement sans odeur sont faciles \u00e0 nettoyer sans recourir \u00e0 des solvants nocifs.<\/p>\n<h4>Finitions de qualit\u00e9<\/h4>\n<p>Tout d\u2019abord, chacune de nos couleurs est disponible dans une gamme de finitions de peinture d\u2019int\u00e9rieur et d\u2019ext\u00e9rieur. Ensuite, chaque finition est test\u00e9e de mani\u00e8re rigoureuse pour garantir un fini durable et une profondeur de couleur exceptionnelle. Enfin, pour obtenir les meilleurs r\u00e9sultats, nous recommandons toujours d\u2019utiliser une Impression &amp; Sous-couche Farrow &amp; Ball \u2013 voir plus haut pour trouver la tonalit\u00e9 de couleur exacte pour cette peinture.<\/p>\n","protected":false},"excerpt":{"rendered":"<div class=\"flex flex-grow flex-col max-w-full\">\n<div class=\"min-h-[20px] text-message flex flex-col items-start gap-3 whitespace-pre-wrap break-words [.text-message+&amp;]:mt-5 overflow-x-auto\" data-message-author-role=\"assistant\" data-message-id=\"b11f2314-5b13-4b39-af7d-1bedf06a3fc7\">\n<div class=\"markdown prose w-full break-words dark:prose-invert light\">\n<h3>Un ton turquoise plein de fra\u00eecheur<\/h3>\n<p>Teresa&rsquo;s Green est un turquoise clair qui combine des pigments bleus frais et des tons verts doux. Cette couleur a un effet apaisant et th\u00e9rapeutique, tout en cr\u00e9ant un contraste gai avec des teintes plus claires.<\/p>\n<p>Sous-couche recommand\u00e9e : <a href=\"https:\/\/www.sorainstyles.com\/boutique\/categorie-produit\/appret-sous-couches\/mid-tones\/\" target=\"_blank\" rel=\"noopener\">Mid Tones<\/a><\/p>\n<\/div>\n<\/div>\n<\/div>\n","protected":false},"featured_media":14223,"template":"","meta":{"_acf_changed":false,"_et_pb_use_builder":"","_et_pb_old_content":"","_et_gb_content_width":""},"product_brand":[],"product_cat":[330,98,143,81],"product_tag":[575,406,371,366,362,574],"class_list":{"0":"post-3324","1":"product","2":"type-product","3":"status-publish","4":"has-post-thumbnail","6":"product_cat-bleu","7":"product_cat-moyen","8":"product_cat-nuancier-actuel","9":"product_cat-peintures-de-finition","10":"product_tag-575","11":"product_tag-couleur","12":"product_tag-farrow","13":"product_tag-farrowball","14":"product_tag-peinture","15":"product_tag-teresas-green","17":"first","18":"instock","19":"taxable","20":"shipping-taxable","21":"purchasable","22":"product-type-variable"},"acf":[],"_links":{"self":[{"href":"https:\/\/www.sorainstyles.com\/boutique\/wp-json\/wp\/v2\/product\/3324","targetHints":{"allow":["GET"]}}],"collection":[{"href":"https:\/\/www.sorainstyles.com\/boutique\/wp-json\/wp\/v2\/product"}],"about":[{"href":"https:\/\/www.sorainstyles.com\/boutique\/wp-json\/wp\/v2\/types\/product"}],"wp:featuredmedia":[{"embeddable":true,"href":"https:\/\/www.sorainstyles.com\/boutique\/wp-json\/wp\/v2\/media\/14223"}],"wp:attachment":[{"href":"https:\/\/www.sorainstyles.com\/boutique\/wp-json\/wp\/v2\/media?parent=3324"}],"wp:term":[{"taxonomy":"product_brand","embeddable":true,"href":"https:\/\/www.sorainstyles.com\/boutique\/wp-json\/wp\/v2\/product_brand?post=3324"},{"taxonomy":"product_cat","embeddable":true,"href":"https:\/\/www.sorainstyles.com\/boutique\/wp-json\/wp\/v2\/product_cat?post=3324"},{"taxonomy":"product_tag","embeddable":true,"href":"https:\/\/www.sorainstyles.com\/boutique\/wp-json\/wp\/v2\/product_tag?post=3324"}],"curies":[{"name":"wp","href":"https:\/\/api.w.org\/{rel}","templated":true}]}}