{"id":3321,"date":"2021-12-07T20:00:41","date_gmt":"2021-12-07T19:00:41","guid":{"rendered":"https:\/\/www.sorainstyles.com\/boutique\/produit\/borrowed-light-235\/"},"modified":"2025-10-02T10:27:57","modified_gmt":"2025-10-02T08:27:57","slug":"borrowed-light-235","status":"publish","type":"product","link":"https:\/\/www.sorainstyles.com\/boutique\/produit\/borrowed-light-235\/","title":{"rendered":"Borrowed Light 235"},"content":{"rendered":"<div class=\"product-hero__heading-container\">\n<div class=\"product-hero__heading\">\n<h1 class=\"product-hero__title\">Borrowed Light &#8211; No. 235 de chez Farrow &amp; Ball<\/h1>\n<h2>Un bleu clair et lumineux<\/h2>\n<\/div>\n<\/div>\n<p>\u00c9voquant la couleur des ciels d\u2019\u00e9t\u00e9, la teinte No.235 &#8211; Borrowed Light est un bleu p\u00e2le et d\u00e9licat qui tient son nom de la lumi\u00e8re en demi-teinte tombant en cascade \u00e0 travers les petites fen\u00eatres et les vasistas. Il est aussi beau dans une pi\u00e8ce obscure que dans une <a href=\"https:\/\/www.cotemaison.fr\/extension-combles-verandas\/veranda-idees-et-conseils-pour-construire-une-veranda_23081.html\" target=\"_blank\" rel=\"noopener\">v\u00e9randa<\/a> baign\u00e9e de lumi\u00e8re. Ce ton doux et classique convient parfaitement aux chambres d\u2019enfants, en particulier s\u2019il est mis en contraste avec Stiffkey Blue sur les meubles ou les boiseries.<\/p>\n<p>Primer &amp; Undercoat recommand\u00e9e: <a href=\"https:\/\/www.sorainstyles.com\/boutique\/categorie-produit\/appret-sous-couches\/white-and-light-tones\/\" target=\"_blank\" rel=\"noopener\">White and Light Tones<\/a><\/p>\n<p>Blanc compl\u00e9mentaire :\u00a0<a href=\"https:\/\/www.sorainstyles.com\/boutique\/produit\/wevet-273\/\" target=\"_blank\" rel=\"noopener\">Wevet<\/a><\/p>\n<h3>5 exemples d\u2019harmonies de couleurs avec la teinte Borrowed Light \u2013 No.235<\/h3>\n<ul>\n<li>Cook&rsquo;s Blue No.237 &#8211; Hague Blue No.30<\/li>\n<li>All White No.2005 &#8211; Skylight No.205<\/li>\n<li>Stiffkey Blue No.281 &#8211; Black Blue No.95<\/li>\n<li>Lulworth Blue No.89 &#8211; Parma Gray No.27<\/li>\n<li>Kittiwake No.307 &#8211; Hague Blue No.30<\/li>\n<\/ul>\n<h3>Information produit<\/h3>\n<h4>A base d\u2019eau et sans danger pour les enfants<\/h4>\n<p>En 2010, Farrow &amp; Ball a \u00e9t\u00e9 les premiers du secteur \u00e0 passer \u00e0 une gamme de finitions \u00e9labor\u00e9es enti\u00e8rement \u00e0 base d\u2019eau. En effet, ces finitions \u00e0 faible teneur en COV et pratiquement sans odeur sont faciles \u00e0 nettoyer sans recourir \u00e0 des solvants nocifs.<\/p>\n<h4>Finitions de qualit\u00e9<\/h4>\n<p>Tout d\u2019abord, chacune de nos couleurs est disponible dans une gamme de finitions de peinture d\u2019int\u00e9rieur et d\u2019ext\u00e9rieur. Ensuite, chaque finition est test\u00e9e de mani\u00e8re rigoureuse pour garantir un fini durable et une profondeur de couleur exceptionnelle. Enfin, pour obtenir les meilleurs r\u00e9sultats, nous recommandons toujours d\u2019utiliser une Impression &amp; Sous-couche Farrow &amp; Ball \u2013 voir plus haut pour trouver la tonalit\u00e9 de couleur exacte pour cette peinture.<\/p>\n","protected":false},"excerpt":{"rendered":"<h3>Un bleu clair et lumineux<\/h3>\n<p>Borrowed Light est un bleu p\u00e2le \u00e9voquant les ciels d\u2019\u00e9t\u00e9. Il est aussi beau dans une pi\u00e8ce obscure que dans une pi\u00e8ce baign\u00e9e de lumi\u00e8re.<\/p>\n<p>Sous-couche recommand\u00e9e : <a href=\"https:\/\/www.sorainstyles.com\/boutique\/categorie-produit\/appret-sous-couches\/white-and-light-tones\/\" target=\"_blank\" rel=\"noopener\">White and Light Tones<\/a><\/p>\n","protected":false},"featured_media":14236,"template":"","meta":{"_acf_changed":false,"_et_pb_use_builder":"","_et_pb_old_content":"","_et_gb_content_width":""},"product_brand":[],"product_cat":[330,331,143,81],"product_tag":[],"class_list":{"0":"post-3321","1":"product","2":"type-product","3":"status-publish","4":"has-post-thumbnail","6":"product_cat-bleu","7":"product_cat-clair","8":"product_cat-nuancier-actuel","9":"product_cat-peintures-de-finition","11":"first","12":"instock","13":"taxable","14":"shipping-taxable","15":"purchasable","16":"product-type-variable"},"acf":[],"_links":{"self":[{"href":"https:\/\/www.sorainstyles.com\/boutique\/wp-json\/wp\/v2\/product\/3321","targetHints":{"allow":["GET"]}}],"collection":[{"href":"https:\/\/www.sorainstyles.com\/boutique\/wp-json\/wp\/v2\/product"}],"about":[{"href":"https:\/\/www.sorainstyles.com\/boutique\/wp-json\/wp\/v2\/types\/product"}],"wp:featuredmedia":[{"embeddable":true,"href":"https:\/\/www.sorainstyles.com\/boutique\/wp-json\/wp\/v2\/media\/14236"}],"wp:attachment":[{"href":"https:\/\/www.sorainstyles.com\/boutique\/wp-json\/wp\/v2\/media?parent=3321"}],"wp:term":[{"taxonomy":"product_brand","embeddable":true,"href":"https:\/\/www.sorainstyles.com\/boutique\/wp-json\/wp\/v2\/product_brand?post=3321"},{"taxonomy":"product_cat","embeddable":true,"href":"https:\/\/www.sorainstyles.com\/boutique\/wp-json\/wp\/v2\/product_cat?post=3321"},{"taxonomy":"product_tag","embeddable":true,"href":"https:\/\/www.sorainstyles.com\/boutique\/wp-json\/wp\/v2\/product_tag?post=3321"}],"curies":[{"name":"wp","href":"https:\/\/api.w.org\/{rel}","templated":true}]}}