{"id":3307,"date":"2021-12-07T19:59:22","date_gmt":"2021-12-07T18:59:22","guid":{"rendered":"https:\/\/www.sorainstyles.com\/boutique\/produit\/loggia-232\/"},"modified":"2025-10-15T11:10:01","modified_gmt":"2025-10-15T09:10:01","slug":"loggia-232","status":"publish","type":"product","link":"https:\/\/www.sorainstyles.com\/boutique\/produit\/loggia-232\/","title":{"rendered":"Loggia 232"},"content":{"rendered":"<h1 class=\"product-hero__title\">Archive Collection : Loggia No.232 de chez Farrow &amp; Ball<\/h1>\n<h2>Un rouge couleur brique<\/h2>\n<p>L\u2019inspiration pour la teinte No.232 &#8211; Loggia est venue des \u00e9chantillons de peinture pr\u00e9lev\u00e9s sur les murs enduits de la <a href=\"https:\/\/www.cotemaison.fr\/jardin-terrasse\/diaporama\/loggia-idees-amenagement-et-decoration-balcon-ferme_31125.html\" target=\"_blank\" rel=\"noopener\">loggia<\/a> d\u2019une maison de ville de Londres. En effet, l\u2019\u00e9l\u00e9gante teinte originale avait vraisemblablement \u00e9t\u00e9 choisie pour sa ressemblance avec la ma\u00e7onnerie classique en brique rouge qui l\u2019entourait.<\/p>\n<p>Primer &amp; Undercoat recommand\u00e9e: <a href=\"https:\/\/www.sorainstyles.com\/boutique\/categorie-produit\/appret-sous-couches\/red-and-warm-tones\/\" target=\"_blank\" rel=\"noopener\">Red and Warm Tones<\/a><\/p>\n<p>Blanc compl\u00e9mentaire:\u00a0<a href=\"https:\/\/www.sorainstyles.com\/boutique\/produit\/dimity-2008\/\" target=\"_blank\" rel=\"noopener\">Dimity<\/a><\/p>\n<h3>Exemples d\u2019harmonie de couleurs avec la teinte Loggia \u2013 No.232<\/h3>\n<ul>\n<li>Calke Green No.34 &#8211; London Stone No.6<\/li>\n<\/ul>\n<h3>Information produit<\/h3>\n<h4>A base d\u2019eau et sans danger pour les enfants<\/h4>\n<p>Tout d&rsquo;abord, en 2010, Farrow &amp; Ball a \u00e9t\u00e9 les premiers du secteur \u00e0 passer \u00e0 une gamme de finitions \u00e9labor\u00e9es enti\u00e8rement \u00e0 base d\u2019eau. En effet, ces finitions \u00e0 faible teneur en COV et pratiquement sans odeur sont faciles \u00e0 nettoyer sans recourir \u00e0 des solvants nocifs.<\/p>\n<h4>Finitions de qualit\u00e9<\/h4>\n<p>Tout d\u2019abord, chacune de nos couleurs est disponible dans une gamme de finitions de peinture d\u2019int\u00e9rieur et d\u2019ext\u00e9rieur. Ensuite, chaque finition est test\u00e9e de mani\u00e8re rigoureuse pour garantir un fini durable et une profondeur de couleur exceptionnelle. Enfin, pour obtenir les meilleurs r\u00e9sultats, nous recommandons toujours d\u2019utiliser une Impression &amp; Sous-couche Farrow &amp; Ball. Voir plus haut pour trouver la tonalit\u00e9 de couleur exacte pour cette peinture.<\/p>\n","protected":false},"excerpt":{"rendered":"<h3>Un rouge couleur brique<\/h3>\n<p>Inspir\u00e9e de la teinte des briques rouges, cette couleur classique s&rsquo;adapte parfaitement \u00e0 de nombreuses pi\u00e8ces de la maison.<\/p>\n<p>Sous-couche recommand\u00e9e : <a href=\"https:\/\/www.sorainstyles.com\/boutique\/categorie-produit\/appret-sous-couches\/red-and-warm-tones\/\" target=\"_blank\" rel=\"noopener\">Red and Warm Tones<\/a><\/p>\n","protected":false},"featured_media":14111,"template":"","meta":{"_acf_changed":false,"_et_pb_use_builder":"","_et_pb_old_content":"","_et_gb_content_width":""},"product_brand":[],"product_cat":[343,98,81,110],"product_tag":[581,406,371,366,580,362,351],"class_list":{"0":"post-3307","1":"product","2":"type-product","3":"status-publish","4":"has-post-thumbnail","6":"product_cat-archive","7":"product_cat-moyen","8":"product_cat-peintures-de-finition","9":"product_cat-rouge","10":"product_tag-581","11":"product_tag-couleur","12":"product_tag-farrow","13":"product_tag-farrowball","14":"product_tag-loggia","15":"product_tag-peinture","16":"product_tag-rouge","18":"first","19":"instock","20":"taxable","21":"shipping-taxable","22":"purchasable","23":"product-type-variable"},"acf":[],"_links":{"self":[{"href":"https:\/\/www.sorainstyles.com\/boutique\/wp-json\/wp\/v2\/product\/3307","targetHints":{"allow":["GET"]}}],"collection":[{"href":"https:\/\/www.sorainstyles.com\/boutique\/wp-json\/wp\/v2\/product"}],"about":[{"href":"https:\/\/www.sorainstyles.com\/boutique\/wp-json\/wp\/v2\/types\/product"}],"wp:featuredmedia":[{"embeddable":true,"href":"https:\/\/www.sorainstyles.com\/boutique\/wp-json\/wp\/v2\/media\/14111"}],"wp:attachment":[{"href":"https:\/\/www.sorainstyles.com\/boutique\/wp-json\/wp\/v2\/media?parent=3307"}],"wp:term":[{"taxonomy":"product_brand","embeddable":true,"href":"https:\/\/www.sorainstyles.com\/boutique\/wp-json\/wp\/v2\/product_brand?post=3307"},{"taxonomy":"product_cat","embeddable":true,"href":"https:\/\/www.sorainstyles.com\/boutique\/wp-json\/wp\/v2\/product_cat?post=3307"},{"taxonomy":"product_tag","embeddable":true,"href":"https:\/\/www.sorainstyles.com\/boutique\/wp-json\/wp\/v2\/product_tag?post=3307"}],"curies":[{"name":"wp","href":"https:\/\/api.w.org\/{rel}","templated":true}]}}