{"id":3304,"date":"2021-12-07T19:59:20","date_gmt":"2021-12-07T18:59:20","guid":{"rendered":"https:\/\/www.sorainstyles.com\/boutique\/produit\/setting-plaster-231\/"},"modified":"2025-10-15T11:13:24","modified_gmt":"2025-10-15T09:13:24","slug":"setting-plaster-231","status":"publish","type":"product","link":"https:\/\/www.sorainstyles.com\/boutique\/produit\/setting-plaster-231\/","title":{"rendered":"Setting Plaster 231"},"content":{"rendered":"<h1 class=\"product-hero__title\">Setting Plaster &#8211; No. 231 de chez Farrow &amp; Ball<\/h1>\n<h2>Un rose de pl\u00e2tre poudreux<\/h2>\n<p>Ce <a href=\"https:\/\/www.cotemaison.fr\/idees-deco\/diaporama\/15-facons-d-inviter-le-rose-millennial-dans-sa-deco_30144.html\" target=\"_blank\" rel=\"noopener\">rose<\/a> poudreux est inspir\u00e9 de la couleur ros\u00e9e des murs que nous avons tous admir\u00e9e dans les int\u00e9rieurs fra\u00eechement pl\u00e2tr\u00e9s. C&rsquo;est certainement un rose franc, mais il en \u00e9mane une certaine douceur qui provient de ses pigments jaunes.<\/p>\n<p>Primer &amp; Undercoat recommand\u00e9e: <a href=\"https:\/\/www.sorainstyles.com\/boutique\/categorie-produit\/appret-sous-couches\/white-and-light-tones\/\" target=\"_blank\" rel=\"noopener\">White and Light Tones<\/a><\/p>\n<p>Blanc compl\u00e9mentaire :\u00a0<a href=\"https:\/\/www.sorainstyles.com\/boutique\/produit\/school-house-white-291\/\" target=\"_blank\" rel=\"noopener\">School House White<\/a><\/p>\n<h3>4 exemples d\u2019harmonies de couleurs avec la teinte Setting Plaster \u2013 No.231<\/h3>\n<ul>\n<li>Tallow No.203 &#8211; Dimity No.2008<\/li>\n<li>Skimming Stone No.241 &#8211; Elephant&rsquo;s Breath No.229<\/li>\n<li>Charleston Gray No.243 &#8211; London Clay No.244<\/li>\n<li>De Nimes No.299 &#8211; Green Smoke No.47<\/li>\n<\/ul>\n<h3>Information produit<\/h3>\n<h4>A base d\u2019eau et sans danger pour les enfants<\/h4>\n<p>En 2010, Farrow &amp; Ball a \u00e9t\u00e9 les premiers du secteur \u00e0 passer \u00e0 une gamme de finitions \u00e9labor\u00e9es enti\u00e8rement \u00e0 base d\u2019eau. En effet, ces finitions \u00e0 faible teneur en COV et pratiquement sans odeur sont faciles \u00e0 nettoyer sans recourir \u00e0 des solvants nocifs.<\/p>\n<h4>Finitions de qualit\u00e9<\/h4>\n<p>Tout d\u2019abord, chacune de nos couleurs est disponible dans une gamme de finitions de peinture d\u2019int\u00e9rieur et d\u2019ext\u00e9rieur. Ensuite, chaque finition est test\u00e9e de mani\u00e8re rigoureuse pour garantir un fini durable et une profondeur de couleur exceptionnelle. Enfin, pour obtenir les meilleurs r\u00e9sultats, nous recommandons toujours d\u2019utiliser une Impression &amp; Sous-couche Farrow &amp; Ball \u2013 voir plus haut pour trouver la tonalit\u00e9 de couleur exacte pour cette peinture.<\/p>\n","protected":false},"excerpt":{"rendered":"<h3>Un rose de pl\u00e2tre poudreux<\/h3>\n<p>Setting Plaster, un rose poudreux et intemporel avec des pigments jaunes. Cette couleur intemporel peut convenir aussi bien pour une chambre que dans une pi\u00e8ce de vie.<\/p>\n<p>Sous-couche recommand\u00e9e : <a href=\"https:\/\/www.sorainstyles.com\/boutique\/categorie-produit\/appret-sous-couches\/white-and-light-tones\/\" target=\"_blank\" rel=\"noopener\">White and Light Tones<\/a><\/p>\n","protected":false},"featured_media":14249,"template":"","meta":{"_acf_changed":false,"_et_pb_use_builder":"","_et_pb_old_content":"","_et_gb_content_width":""},"product_brand":[],"product_cat":[331,143,81,110],"product_tag":[583,406,371,366,362,351,582],"class_list":{"0":"post-3304","1":"product","2":"type-product","3":"status-publish","4":"has-post-thumbnail","6":"product_cat-clair","7":"product_cat-nuancier-actuel","8":"product_cat-peintures-de-finition","9":"product_cat-rouge","10":"product_tag-583","11":"product_tag-couleur","12":"product_tag-farrow","13":"product_tag-farrowball","14":"product_tag-peinture","15":"product_tag-rouge","16":"product_tag-setting-plaster","18":"first","19":"instock","20":"taxable","21":"shipping-taxable","22":"purchasable","23":"product-type-variable"},"acf":[],"_links":{"self":[{"href":"https:\/\/www.sorainstyles.com\/boutique\/wp-json\/wp\/v2\/product\/3304","targetHints":{"allow":["GET"]}}],"collection":[{"href":"https:\/\/www.sorainstyles.com\/boutique\/wp-json\/wp\/v2\/product"}],"about":[{"href":"https:\/\/www.sorainstyles.com\/boutique\/wp-json\/wp\/v2\/types\/product"}],"wp:featuredmedia":[{"embeddable":true,"href":"https:\/\/www.sorainstyles.com\/boutique\/wp-json\/wp\/v2\/media\/14249"}],"wp:attachment":[{"href":"https:\/\/www.sorainstyles.com\/boutique\/wp-json\/wp\/v2\/media?parent=3304"}],"wp:term":[{"taxonomy":"product_brand","embeddable":true,"href":"https:\/\/www.sorainstyles.com\/boutique\/wp-json\/wp\/v2\/product_brand?post=3304"},{"taxonomy":"product_cat","embeddable":true,"href":"https:\/\/www.sorainstyles.com\/boutique\/wp-json\/wp\/v2\/product_cat?post=3304"},{"taxonomy":"product_tag","embeddable":true,"href":"https:\/\/www.sorainstyles.com\/boutique\/wp-json\/wp\/v2\/product_tag?post=3304"}],"curies":[{"name":"wp","href":"https:\/\/api.w.org\/{rel}","templated":true}]}}