{"id":3298,"date":"2021-12-07T19:59:13","date_gmt":"2021-12-07T18:59:13","guid":{"rendered":"https:\/\/www.sorainstyles.com\/boutique\/produit\/elephants-breath-229\/"},"modified":"2025-10-04T12:43:54","modified_gmt":"2025-10-04T10:43:54","slug":"elephants-breath-229","status":"publish","type":"product","link":"https:\/\/www.sorainstyles.com\/boutique\/produit\/elephants-breath-229\/","title":{"rendered":"Elephant&rsquo;s Breath 229"},"content":{"rendered":"<h1 class=\"product-hero__title\">Elephant&rsquo;s Breath No.229 de chez Farrow &amp; Ball<\/h1>\n<h2>Un gris chaud<\/h2>\n<p>Ce <a href=\"https:\/\/www.cotemaison.fr\/peintures-carrelages-papier-peint\/diaporama\/peinture-couleur-grise-dans-la-deco_31158.html\" target=\"_blank\" rel=\"noopener\">gris<\/a> chaud contemporain est r\u00e9put\u00e9 pour son nom singulier. Essayez de le mettre en contraste avec Charleston Gray et London Clay pour lui donner un aspect pierreux intense, ou de l\u2019associer \u00e0 d\u2019autres Contemporary Neutrals tels que le plus doux Strong White pour un rendu neutre et apaisant.<\/p>\n<p>Primer &amp; Undercoat recommand\u00e9e: <a href=\"https:\/\/www.sorainstyles.com\/boutique\/categorie-produit\/appret-sous-couches\/mid-tones\/\" target=\"_blank\" rel=\"noopener\">Mid Tones<\/a><\/p>\n<p>Blanc compl\u00e9mentaire :\u00a0<a href=\"https:\/\/www.sorainstyles.com\/boutique\/produit\/strong-white-2001\/\" target=\"_blank\" rel=\"noopener\">Strong White<\/a><\/p>\n<h3>4 exemples d\u2019harmonies de couleurs avec la teinte Elephant&rsquo;s Breath \u2013 No.229<\/h3>\n<ul>\n<li>All White No.2005 &#8211; Strong White No.2001<\/li>\n<li>Skimming Stone No.241 &#8211; Dove Tale No.267<\/li>\n<li>London Clay No.244 &#8211; Charleston Gray No.243<\/li>\n<li>Wine Dark No.308 &#8211; Bamboozle<\/li>\n<\/ul>\n<h3>Information produit<\/h3>\n<h4>A base d\u2019eau et sans danger pour les enfants<\/h4>\n<p>En 2010, Farrow &amp; Ball a \u00e9t\u00e9 les premiers du secteur \u00e0 passer \u00e0 une gamme de finitions \u00e9labor\u00e9es enti\u00e8rement \u00e0 base d\u2019eau. En effet, ces finitions \u00e0 faible teneur en COV et pratiquement sans odeur sont faciles \u00e0 nettoyer sans recourir \u00e0 des solvants nocifs.<\/p>\n<h4>Finitions de qualit\u00e9<\/h4>\n<p>Tout d\u2019abord, chacune de nos couleurs est disponible dans une gamme de finitions de peinture d\u2019int\u00e9rieur et d\u2019ext\u00e9rieur. Ensuite, chaque finition est test\u00e9e de mani\u00e8re rigoureuse pour garantir un fini durable et une profondeur de couleur exceptionnelle. Enfin, pour obtenir les meilleurs r\u00e9sultats, nous recommandons toujours d\u2019utiliser une Impression &amp; Sous-couche Farrow &amp; Ball \u2013 voir plus haut pour trouver la tonalit\u00e9 de couleur exacte pour cette peinture.<\/p>\n","protected":false},"excerpt":{"rendered":"<h3>Un gris chaud<\/h3>\n<p>Elephant&rsquo;s Breath est un gris chaud contemporain avec une note de magenta, pouvant appara\u00eetre lilas, notamment dans les pi\u00e8ces orient\u00e9es \u00e0 l\u2019ouest.<\/p>\n<p>Sous-couche recommand\u00e9e : <a href=\"https:\/\/www.sorainstyles.com\/boutique\/categorie-produit\/appret-sous-couches\/mid-tones\/\" target=\"_blank\" rel=\"noopener\">Mid Tones<\/a><\/p>\n","protected":false},"featured_media":14305,"template":"","meta":{"_acf_changed":false,"_et_pb_use_builder":"","_et_pb_old_content":"","_et_gb_content_width":""},"product_brand":[],"product_cat":[98,329,143,81],"product_tag":[587,406,586,371,366,362],"class_list":{"0":"post-3298","1":"product","2":"type-product","3":"status-publish","4":"has-post-thumbnail","6":"product_cat-moyen","7":"product_cat-neutre","8":"product_cat-nuancier-actuel","9":"product_cat-peintures-de-finition","10":"product_tag-587","11":"product_tag-couleur","12":"product_tag-elephants-breath","13":"product_tag-farrow","14":"product_tag-farrowball","15":"product_tag-peinture","17":"first","18":"instock","19":"taxable","20":"shipping-taxable","21":"purchasable","22":"product-type-variable"},"acf":[],"_links":{"self":[{"href":"https:\/\/www.sorainstyles.com\/boutique\/wp-json\/wp\/v2\/product\/3298","targetHints":{"allow":["GET"]}}],"collection":[{"href":"https:\/\/www.sorainstyles.com\/boutique\/wp-json\/wp\/v2\/product"}],"about":[{"href":"https:\/\/www.sorainstyles.com\/boutique\/wp-json\/wp\/v2\/types\/product"}],"wp:featuredmedia":[{"embeddable":true,"href":"https:\/\/www.sorainstyles.com\/boutique\/wp-json\/wp\/v2\/media\/14305"}],"wp:attachment":[{"href":"https:\/\/www.sorainstyles.com\/boutique\/wp-json\/wp\/v2\/media?parent=3298"}],"wp:term":[{"taxonomy":"product_brand","embeddable":true,"href":"https:\/\/www.sorainstyles.com\/boutique\/wp-json\/wp\/v2\/product_brand?post=3298"},{"taxonomy":"product_cat","embeddable":true,"href":"https:\/\/www.sorainstyles.com\/boutique\/wp-json\/wp\/v2\/product_cat?post=3298"},{"taxonomy":"product_tag","embeddable":true,"href":"https:\/\/www.sorainstyles.com\/boutique\/wp-json\/wp\/v2\/product_tag?post=3298"}],"curies":[{"name":"wp","href":"https:\/\/api.w.org\/{rel}","templated":true}]}}