{"id":3295,"date":"2021-12-07T19:59:12","date_gmt":"2021-12-07T18:59:12","guid":{"rendered":"https:\/\/www.sorainstyles.com\/boutique\/produit\/cornforth-white-228\/"},"modified":"2025-10-04T12:46:24","modified_gmt":"2025-10-04T10:46:24","slug":"cornforth-white-228","status":"publish","type":"product","link":"https:\/\/www.sorainstyles.com\/boutique\/produit\/cornforth-white-228\/","title":{"rendered":"Cornforth White 228"},"content":{"rendered":"<h1 class=\"product-hero__title\">Cornforth White No.228 de chez Farrow &amp; Ball<\/h1>\n<h2>Un gris sobre<\/h2>\n<p>La teinte No.228 &#8211; Cornforth White est le ton moyen du groupe des Neutres Faciles \u00c0 Vivre, qui sont sobres et extr\u00eamement polyvalents. Cette teinte rend hommage \u00e0 la m\u00e9moire de John Cornforth, historien c\u00e9l\u00e8bre en architecture. Son fond <a href=\"https:\/\/www.cotemaison.fr\/inspirations\/couleur-gris-dans-la-deco-7-photos-de-pinterest_23459.html\" target=\"_blank\" rel=\"noopener\">gris<\/a> sera parfaitement mis en valeur par un contraste avec\u00a0Wevet.<\/p>\n<p>Primer &amp; Undercoat recommand\u00e9e: <a href=\"https:\/\/www.sorainstyles.com\/boutique\/categorie-produit\/appret-sous-couches\/white-and-light-tones\/\" target=\"_blank\" rel=\"noopener\">White and Light Tones<\/a><\/p>\n<p>Blanc compl\u00e9mentaire :\u00a0<a href=\"https:\/\/www.sorainstyles.com\/boutique\/produit\/wevet-273\/\" target=\"_blank\" rel=\"noopener\">Wevet<\/a><\/p>\n<h3>4 exemples d\u2019harmonies de couleurs avec la teinte Cornforth White \u2013 No.228<\/h3>\n<ul>\n<li>Wevet No.273 &#8211; Ammonite No.274<\/li>\n<li>All White No.2005 &#8211; Strong White No.2001<\/li>\n<li>Purbeck Stone No.275 &#8211; Mole&rsquo;s Breath No.276<\/li>\n<li>Down Pipe No.26 &#8211; Railings No.31<\/li>\n<\/ul>\n<h3>Information produit<\/h3>\n<h4>A base d\u2019eau et sans danger pour les enfants<\/h4>\n<p>En 2010, Farrow &amp; Ball a \u00e9t\u00e9 les premiers du secteur \u00e0 passer \u00e0 une gamme de finitions \u00e9labor\u00e9es enti\u00e8rement \u00e0 base d\u2019eau. En effet, ces finitions \u00e0 faible teneur en COV et pratiquement sans odeur sont faciles \u00e0 nettoyer sans recourir \u00e0 des solvants nocifs.<\/p>\n<h4>Finitions de qualit\u00e9<\/h4>\n<p>Tout d\u2019abord, chacune de nos couleurs est disponible dans une gamme de finitions de peinture d\u2019int\u00e9rieur et d\u2019ext\u00e9rieur. Ensuite, chaque finition est test\u00e9e de mani\u00e8re rigoureuse pour garantir un fini durable et une profondeur de couleur exceptionnelle. Enfin, pour obtenir les meilleurs r\u00e9sultats, nous recommandons toujours d\u2019utiliser une Impression &amp; Sous-couche Farrow &amp; Ball \u2013 voir plus haut pour trouver la tonalit\u00e9 de couleur exacte pour cette peinture.<\/p>\n","protected":false},"excerpt":{"rendered":"<h3>Un gris sobre<\/h3>\n<p>Cornforth White, une teinte moyenne \u00e0 la fois sobre et polyvalente, cr\u00e9e une harmonie apaisante dans tout int\u00e9rieur gr\u00e2ce \u00e0 son fond gris.<\/p>\n<p>Sous-couche recommand\u00e9e : <a href=\"https:\/\/www.sorainstyles.com\/boutique\/categorie-produit\/appret-sous-couches\/white-and-light-tones\/\" target=\"_blank\" rel=\"noopener\">White and Light Tones<\/a><\/p>\n","protected":false},"featured_media":14313,"template":"","meta":{"_acf_changed":false,"_et_pb_use_builder":"","_et_pb_old_content":"","_et_gb_content_width":""},"product_brand":[],"product_cat":[331,329,143,81],"product_tag":[589,588,406,371,366,362],"class_list":{"0":"post-3295","1":"product","2":"type-product","3":"status-publish","4":"has-post-thumbnail","6":"product_cat-clair","7":"product_cat-neutre","8":"product_cat-nuancier-actuel","9":"product_cat-peintures-de-finition","10":"product_tag-589","11":"product_tag-cornforth-white","12":"product_tag-couleur","13":"product_tag-farrow","14":"product_tag-farrowball","15":"product_tag-peinture","17":"first","18":"instock","19":"taxable","20":"shipping-taxable","21":"purchasable","22":"product-type-variable"},"acf":[],"_links":{"self":[{"href":"https:\/\/www.sorainstyles.com\/boutique\/wp-json\/wp\/v2\/product\/3295","targetHints":{"allow":["GET"]}}],"collection":[{"href":"https:\/\/www.sorainstyles.com\/boutique\/wp-json\/wp\/v2\/product"}],"about":[{"href":"https:\/\/www.sorainstyles.com\/boutique\/wp-json\/wp\/v2\/types\/product"}],"wp:featuredmedia":[{"embeddable":true,"href":"https:\/\/www.sorainstyles.com\/boutique\/wp-json\/wp\/v2\/media\/14313"}],"wp:attachment":[{"href":"https:\/\/www.sorainstyles.com\/boutique\/wp-json\/wp\/v2\/media?parent=3295"}],"wp:term":[{"taxonomy":"product_brand","embeddable":true,"href":"https:\/\/www.sorainstyles.com\/boutique\/wp-json\/wp\/v2\/product_brand?post=3295"},{"taxonomy":"product_cat","embeddable":true,"href":"https:\/\/www.sorainstyles.com\/boutique\/wp-json\/wp\/v2\/product_cat?post=3295"},{"taxonomy":"product_tag","embeddable":true,"href":"https:\/\/www.sorainstyles.com\/boutique\/wp-json\/wp\/v2\/product_tag?post=3295"}],"curies":[{"name":"wp","href":"https:\/\/api.w.org\/{rel}","templated":true}]}}