{"id":3285,"date":"2021-12-07T19:57:49","date_gmt":"2021-12-07T18:57:49","guid":{"rendered":"https:\/\/www.sorainstyles.com\/boutique\/produit\/archive-227\/"},"modified":"2025-10-04T12:48:48","modified_gmt":"2025-10-04T10:48:48","slug":"archive-227","status":"publish","type":"product","link":"https:\/\/www.sorainstyles.com\/boutique\/produit\/archive-227\/","title":{"rendered":"Archive 227"},"content":{"rendered":"<h1 class=\"product-hero__title\">Archive Collection : Archive &#8211; No. 227 de chez Farrow &amp; Ball<\/h1>\n<h2>Un beige ros\u00e9<\/h2>\n<p>La teinte No.227 &#8211; Archive, dont le nom fait r\u00e9f\u00e9rence aux racines traditionnelles de notre histoire, est une version plus prononc\u00e9e et plus chaude qui Joa&rsquo;s White. G\u00e9n\u00e9ralement per\u00e7ue comme un ton beige ros\u00e9, elle est l\u00e9g\u00e8rement plus lumineuse qu\u2019Oxford Stone. En effet, cette teinte apporte un \u00e9clat somptueux \u00e0 n\u2019importe quelle pi\u00e8ce. Cette couleur convient parfaitement aux espaces \u00e0 la lumi\u00e8re tamis\u00e9e pour cr\u00e9er une ambiance cosy, mais elle peut para\u00eetre \u00e9tonnamment <a href=\"https:\/\/www.cotemaison.fr\/couleurs\/peinture-orange-idees-deco-avec-la-couleur-orange_11803.html\" target=\"_blank\" rel=\"noopener\">orang\u00e9e<\/a> dans les endroits plus lumineux.<\/p>\n<p>Primer &amp; Undercoat recommand\u00e9e: <a href=\"https:\/\/www.sorainstyles.com\/boutique\/categorie-produit\/appret-sous-couches\/mid-tones\/\" target=\"_blank\" rel=\"noopener\">Mid Tones<\/a><\/p>\n<p>Blanc compl\u00e9mentaire:\u00a0<a href=\"https:\/\/www.sorainstyles.com\/boutique\/produit\/dimity-2008\/\" target=\"_blank\" rel=\"noopener\">Dimity<\/a><\/p>\n<h3>7 exemples d\u2019harmonies de couleurs avec la teinte Archive &#8211; No.227<\/h3>\n<ul>\n<li>Dimity No.2008 &#8211; Joa&rsquo;s White No.226<\/li>\n<li>London Stone No.6 &#8211; Salon Drab No.290<\/li>\n<li>Card Room Green No.79 &#8211; Tanner&rsquo;s Brown No.255<\/li>\n<li>Dimity No.2008 &#8211; Pointing No.2003<\/li>\n<li>London Stone No.6 &#8211; Joa&rsquo;s White No.226<\/li>\n<li>London Clay No.244 &#8211; Dead Salmon No.28<\/li>\n<li>London Stone No.6 &#8211; Salon Drab No.290<\/li>\n<\/ul>\n<h3>Information produit<\/h3>\n<h4>A base d\u2019eau et sans danger pour les enfants<\/h4>\n<p>En 2010, Farrow &amp; Ball a \u00e9t\u00e9 les premiers du secteur \u00e0 passer \u00e0 une gamme de finitions \u00e9labor\u00e9es enti\u00e8rement \u00e0 base d\u2019eau. En effet, ces finitions \u00e0 faible teneur en COV et pratiquement sans odeur sont faciles \u00e0 nettoyer sans recourir \u00e0 des solvants nocifs.<\/p>\n<h4>Finitions de qualit\u00e9<\/h4>\n<p>Tout d\u2019abord, chacune de nos couleurs est disponible dans une gamme de finitions de peinture d\u2019int\u00e9rieur et d\u2019ext\u00e9rieur. Ensuite, chaque finition est test\u00e9e de mani\u00e8re rigoureuse pour garantir un fini durable et une profondeur de couleur exceptionnelle. Enfin, pour obtenir les meilleurs r\u00e9sultats, nous recommandons toujours d\u2019utiliser une Impression &amp; Sous-couche Farrow &amp; Ball \u2013 voir plus haut pour trouver la tonalit\u00e9 de couleur exacte pour cette peinture.<\/p>\n","protected":false},"excerpt":{"rendered":"<h3>Un beige ros\u00e9<\/h3>\n<p>Archive, un ton beige ros\u00e9 offre un \u00e9clat somptueux et convient aux espaces \u00e0 lumi\u00e8re tamis\u00e9e pour une ambiance cosy, tout en paraissant l\u00e9g\u00e8rement orang\u00e9 dans des environnements plus lumineux.<\/p>\n<p>Sous-couche recommand\u00e9e : <a href=\"https:\/\/www.sorainstyles.com\/boutique\/categorie-produit\/appret-sous-couches\/mid-tones\/\" target=\"_blank\" rel=\"noopener\">Mid Tones<\/a><\/p>\n","protected":false},"featured_media":14171,"template":"","meta":{"_acf_changed":false,"_et_pb_use_builder":"","_et_pb_old_content":"","_et_gb_content_width":""},"product_brand":[],"product_cat":[343,331,139,340,329,309,81,321],"product_tag":[591,590,406,371,366,362],"class_list":{"0":"post-3285","1":"product","2":"type-product","3":"status-publish","4":"has-post-thumbnail","6":"product_cat-archive","7":"product_cat-clair","8":"product_cat-liberty-collection","9":"product_cat-luminosite","10":"product_cat-neutre","11":"product_cat-nuanciers","12":"product_cat-peintures-de-finition","13":"product_cat-teintes","14":"product_tag-591","15":"product_tag-archive","16":"product_tag-couleur","17":"product_tag-farrow","18":"product_tag-farrowball","19":"product_tag-peinture","21":"first","22":"instock","23":"taxable","24":"shipping-taxable","25":"purchasable","26":"product-type-variable"},"acf":[],"_links":{"self":[{"href":"https:\/\/www.sorainstyles.com\/boutique\/wp-json\/wp\/v2\/product\/3285","targetHints":{"allow":["GET"]}}],"collection":[{"href":"https:\/\/www.sorainstyles.com\/boutique\/wp-json\/wp\/v2\/product"}],"about":[{"href":"https:\/\/www.sorainstyles.com\/boutique\/wp-json\/wp\/v2\/types\/product"}],"wp:featuredmedia":[{"embeddable":true,"href":"https:\/\/www.sorainstyles.com\/boutique\/wp-json\/wp\/v2\/media\/14171"}],"wp:attachment":[{"href":"https:\/\/www.sorainstyles.com\/boutique\/wp-json\/wp\/v2\/media?parent=3285"}],"wp:term":[{"taxonomy":"product_brand","embeddable":true,"href":"https:\/\/www.sorainstyles.com\/boutique\/wp-json\/wp\/v2\/product_brand?post=3285"},{"taxonomy":"product_cat","embeddable":true,"href":"https:\/\/www.sorainstyles.com\/boutique\/wp-json\/wp\/v2\/product_cat?post=3285"},{"taxonomy":"product_tag","embeddable":true,"href":"https:\/\/www.sorainstyles.com\/boutique\/wp-json\/wp\/v2\/product_tag?post=3285"}],"curies":[{"name":"wp","href":"https:\/\/api.w.org\/{rel}","templated":true}]}}