{"id":3282,"date":"2021-12-07T19:57:48","date_gmt":"2021-12-07T18:57:48","guid":{"rendered":"https:\/\/www.sorainstyles.com\/boutique\/produit\/joas-white-226\/"},"modified":"2025-10-04T12:52:33","modified_gmt":"2025-10-04T10:52:33","slug":"joas-white-226","status":"publish","type":"product","link":"https:\/\/www.sorainstyles.com\/boutique\/produit\/joas-white-226\/","title":{"rendered":"Joa&rsquo;s White 226"},"content":{"rendered":"<div class=\"product-hero__heading-container\">\n<div class=\"product-hero__heading\">\n<h1 class=\"product-hero__title\">Joa&rsquo;s White &#8211; No. 226 de chez Farrow &amp; Ball<\/h1>\n<h2>Un ton taupe clair et contemporain<\/h2>\n<\/div>\n<\/div>\n<p>Appartenant \u00e0 notre groupe de Neutres Chaleureux, la teinte No.226 &#8211; Joa\u2019s White fut baptis\u00e9 ainsi en hommage \u00e0 notre premi\u00e8re Conseill\u00e8re Couleur Joa. Elle continue d&rsquo;ailleurs de cr\u00e9er un grand nombre de couleurs Farrow &amp; Ball.<\/p>\n<p>Primer &amp; Undercoat recommand\u00e9e: <a href=\"https:\/\/www.sorainstyles.com\/boutique\/categorie-produit\/appret-sous-couches\/mid-tones\/\" target=\"_blank\" rel=\"noopener\">Mid Tones<\/a><\/p>\n<p>Blanc compl\u00e9mentaire :\u00a0<a href=\"https:\/\/www.sorainstyles.com\/boutique\/produit\/dimity-2008\/\" target=\"_blank\" rel=\"noopener\">Dimity<\/a><\/p>\n<h3>3 exemples d\u2019harmonies de couleurs avec la teinte Joa&rsquo;s White \u2013 No.226<\/h3>\n<ul>\n<li>London Clay No.244 &#8211; Pelt No.254<\/li>\n<li>Dimity No.2008 &#8211; Pointing No.2003<\/li>\n<li>Oxford Stone No.264 &#8211; Archive No.227<\/li>\n<\/ul>\n<h3>Information produit<\/h3>\n<h4>A base d\u2019eau et sans danger pour les enfants<\/h4>\n<p>En 2010, Farrow &amp; Ball a \u00e9t\u00e9 les premiers du secteur \u00e0 passer \u00e0 une gamme de finitions \u00e9labor\u00e9es enti\u00e8rement \u00e0 base d\u2019eau. En effet, ces finitions \u00e0 faible teneur en COV et pratiquement sans odeur sont faciles \u00e0 nettoyer sans recourir \u00e0 des solvants nocifs.<\/p>\n<h4>Finitions de qualit\u00e9<\/h4>\n<p>Tout d\u2019abord, chacune de nos couleurs est disponible dans une gamme de finitions de peinture d\u2019int\u00e9rieur et d\u2019ext\u00e9rieur. Ensuite, chaque finition est test\u00e9e de mani\u00e8re rigoureuse pour garantir un fini durable et une profondeur de couleur exceptionnelle. Enfin, pour obtenir les meilleurs r\u00e9sultats, nous recommandons toujours d\u2019utiliser une Impression &amp; Sous-couche Farrow &amp; Ball \u2013 voir plus haut pour trouver la tonalit\u00e9 de couleur exacte pour cette peinture.<\/p>\n","protected":false},"excerpt":{"rendered":"<h3>Un ton taupe clair et contemporain<\/h3>\n<p>Joa\u2019s White est un ton taupe clair et pur. Elle poss\u00e8de un soup\u00e7on de pigment noir qui le rend id\u00e9al en association avec le badigeon de chaux, le cuir et les toiles de lin souvent utilis\u00e9s dans les int\u00e9rieurs contemporains.<\/p>\n<p>Sous-couche recommand\u00e9e : <a href=\"https:\/\/www.sorainstyles.com\/boutique\/categorie-produit\/appret-sous-couches\/mid-tones\/\" target=\"_blank\" rel=\"noopener\">Mid Tones<\/a><\/p>\n","protected":false},"featured_media":14297,"template":"","meta":{"_acf_changed":false,"_et_pb_use_builder":"","_et_pb_old_content":"","_et_gb_content_width":""},"product_brand":[],"product_cat":[98,329,143,81],"product_tag":[593,406,371,366,592,362],"class_list":{"0":"post-3282","1":"product","2":"type-product","3":"status-publish","4":"has-post-thumbnail","6":"product_cat-moyen","7":"product_cat-neutre","8":"product_cat-nuancier-actuel","9":"product_cat-peintures-de-finition","10":"product_tag-593","11":"product_tag-couleur","12":"product_tag-farrow","13":"product_tag-farrowball","14":"product_tag-joas-white","15":"product_tag-peinture","17":"first","18":"instock","19":"taxable","20":"shipping-taxable","21":"purchasable","22":"product-type-variable"},"acf":[],"_links":{"self":[{"href":"https:\/\/www.sorainstyles.com\/boutique\/wp-json\/wp\/v2\/product\/3282","targetHints":{"allow":["GET"]}}],"collection":[{"href":"https:\/\/www.sorainstyles.com\/boutique\/wp-json\/wp\/v2\/product"}],"about":[{"href":"https:\/\/www.sorainstyles.com\/boutique\/wp-json\/wp\/v2\/types\/product"}],"wp:featuredmedia":[{"embeddable":true,"href":"https:\/\/www.sorainstyles.com\/boutique\/wp-json\/wp\/v2\/media\/14297"}],"wp:attachment":[{"href":"https:\/\/www.sorainstyles.com\/boutique\/wp-json\/wp\/v2\/media?parent=3282"}],"wp:term":[{"taxonomy":"product_brand","embeddable":true,"href":"https:\/\/www.sorainstyles.com\/boutique\/wp-json\/wp\/v2\/product_brand?post=3282"},{"taxonomy":"product_cat","embeddable":true,"href":"https:\/\/www.sorainstyles.com\/boutique\/wp-json\/wp\/v2\/product_cat?post=3282"},{"taxonomy":"product_tag","embeddable":true,"href":"https:\/\/www.sorainstyles.com\/boutique\/wp-json\/wp\/v2\/product_tag?post=3282"}],"curies":[{"name":"wp","href":"https:\/\/api.w.org\/{rel}","templated":true}]}}