{"id":3257,"date":"2021-12-07T19:55:28","date_gmt":"2021-12-07T18:55:28","guid":{"rendered":"https:\/\/www.sorainstyles.com\/boutique\/produit\/mere-green-219\/"},"modified":"2025-10-02T10:33:59","modified_gmt":"2025-10-02T08:33:59","slug":"mere-green-219","status":"publish","type":"product","link":"https:\/\/www.sorainstyles.com\/boutique\/produit\/mere-green-219\/","title":{"rendered":"Mere Green 219"},"content":{"rendered":"<h1 class=\"product-hero__title\">Archive Collection: Mere Green &#8211; No. 219 de chez Farrow &amp; Ball<\/h1>\n<h2>Un bleu canard traditionnel<\/h2>\n<p>La teinte No.219 &#8211; Mere Green est une teinte luxueuse bleu canard, d\u2019une couleur un peu plus sourde que Vardo. Malgr\u00e9 son style plus apais\u00e9, elle d\u00e9borde d\u2019\u00e9nergie, ce qui en fait la teinte id\u00e9ale pour les logements <a href=\"https:\/\/www.cotemaison.fr\/salle-a-manger-salon\/diaporama\/deco-du-salon-vous-etes-contemporain-ou-classique_12400.html\" target=\"_blank\" rel=\"noopener\">contemporains<\/a>.<\/p>\n<p>Primer &amp; Undercoat recommand\u00e9e: <a href=\"https:\/\/www.sorainstyles.com\/boutique\/categorie-produit\/appret-sous-couches\/dark-tones\/\" target=\"_blank\" rel=\"noopener\">Dark Tones<\/a><\/p>\n<p>Blanc compl\u00e9mentaire:\u00a0<a href=\"https:\/\/www.sorainstyles.com\/boutique\/produit\/cornforth-white-228\/\" target=\"_blank\" rel=\"noopener\">Cornforth White<\/a><\/p>\n<h3>Exemple d\u2019harmonies de couleurs avec la teinte Mere Green \u2013 No.219<\/h3>\n<ul>\n<li>Old White No.4 &#8211; Light Gray No.17<\/li>\n<\/ul>\n<h3>Information produit<\/h3>\n<h4>A base d\u2019eau et sans danger pour les enfants<\/h4>\n<p>En 2010, Farrow &amp; Ball a \u00e9t\u00e9 les premiers du secteur \u00e0 passer \u00e0 une gamme de finitions \u00e9labor\u00e9es enti\u00e8rement \u00e0 base d\u2019eau. En effet, ces finitions \u00e0 faible teneur en COV et pratiquement sans odeur sont faciles \u00e0 nettoyer sans recourir \u00e0 des solvants nocifs.<\/p>\n<h4>Finitions de qualit\u00e9<\/h4>\n<p>Tout d\u2019abord, chacune de nos couleurs est disponible dans une gamme de finitions de peinture d\u2019int\u00e9rieur et d\u2019ext\u00e9rieur. Ensuite, chaque finition est test\u00e9e de mani\u00e8re rigoureuse pour garantir un fini durable et une profondeur de couleur exceptionnelle. Enfin, pour obtenir les meilleurs r\u00e9sultats, nous recommandons toujours d\u2019utiliser une Impression &amp; Sous-couche Farrow &amp; Ball \u2013 voir plus haut pour trouver la tonalit\u00e9 de couleur exacte pour cette peinture.<\/p>\n","protected":false},"excerpt":{"rendered":"<h3>Un bleu canard traditionnel<\/h3>\n<p>Mere Green est un bleu canard luxueux qui, malgr\u00e9 sa tonalit\u00e9 douce, transmet une \u00e9nergie vive, ce qui en fait un choix id\u00e9al pour les int\u00e9rieurs contemporains.<\/p>\n<p>Sous-couche recommand\u00e9e : <a href=\"https:\/\/www.sorainstyles.com\/boutique\/categorie-produit\/appret-sous-couches\/dark-tones\/\" target=\"_blank\" rel=\"noopener\">Dark Tones<\/a><\/p>\n","protected":false},"featured_media":14062,"template":"","meta":{"_acf_changed":false,"_et_pb_use_builder":"","_et_pb_old_content":"","_et_gb_content_width":""},"product_brand":[],"product_cat":[343,330,98,81],"product_tag":[606,406,371,366,605,362],"class_list":{"0":"post-3257","1":"product","2":"type-product","3":"status-publish","4":"has-post-thumbnail","6":"product_cat-archive","7":"product_cat-bleu","8":"product_cat-moyen","9":"product_cat-peintures-de-finition","10":"product_tag-606","11":"product_tag-couleur","12":"product_tag-farrow","13":"product_tag-farrowball","14":"product_tag-mere-green","15":"product_tag-peinture","17":"first","18":"instock","19":"taxable","20":"shipping-taxable","21":"purchasable","22":"product-type-variable"},"acf":[],"_links":{"self":[{"href":"https:\/\/www.sorainstyles.com\/boutique\/wp-json\/wp\/v2\/product\/3257","targetHints":{"allow":["GET"]}}],"collection":[{"href":"https:\/\/www.sorainstyles.com\/boutique\/wp-json\/wp\/v2\/product"}],"about":[{"href":"https:\/\/www.sorainstyles.com\/boutique\/wp-json\/wp\/v2\/types\/product"}],"wp:featuredmedia":[{"embeddable":true,"href":"https:\/\/www.sorainstyles.com\/boutique\/wp-json\/wp\/v2\/media\/14062"}],"wp:attachment":[{"href":"https:\/\/www.sorainstyles.com\/boutique\/wp-json\/wp\/v2\/media?parent=3257"}],"wp:term":[{"taxonomy":"product_brand","embeddable":true,"href":"https:\/\/www.sorainstyles.com\/boutique\/wp-json\/wp\/v2\/product_brand?post=3257"},{"taxonomy":"product_cat","embeddable":true,"href":"https:\/\/www.sorainstyles.com\/boutique\/wp-json\/wp\/v2\/product_cat?post=3257"},{"taxonomy":"product_tag","embeddable":true,"href":"https:\/\/www.sorainstyles.com\/boutique\/wp-json\/wp\/v2\/product_tag?post=3257"}],"curies":[{"name":"wp","href":"https:\/\/api.w.org\/{rel}","templated":true}]}}