{"id":3249,"date":"2021-12-07T19:54:56","date_gmt":"2021-12-07T18:54:56","guid":{"rendered":"https:\/\/www.sorainstyles.com\/boutique\/produit\/rectory-red-217\/"},"modified":"2025-10-15T11:38:32","modified_gmt":"2025-10-15T09:38:32","slug":"rectory-red-217","status":"publish","type":"product","link":"https:\/\/www.sorainstyles.com\/boutique\/produit\/rectory-red-217\/","title":{"rendered":"Rectory Red 217"},"content":{"rendered":"<h1 class=\"product-hero__title\">Rectory Red &#8211;\u00a0No. 217 de chez Farrow &amp; Ball<\/h1>\n<h2>Un rouge sublime<\/h2>\n<p>Elle s&rsquo;inspire des ravissantes maisons de villages b\u00e2ties au fil des ans pour le clerg\u00e9. En effet, la teinte No.217 &#8211; Rectory Red est la version noire et vieillie de Blazer. Elle est bien plus sophistiqu\u00e9e que la teinte Blazer, particuli\u00e8rement lorsqu\u2019elle est mis en contraste avec des Neutres Chaleureux tels que Joa\u2019s White.<\/p>\n<p>Primer &amp; Undercoat recommand\u00e9e: <a href=\"https:\/\/www.sorainstyles.com\/boutique\/categorie-produit\/appret-sous-couches\/red-and-warm-tones\/\" target=\"_blank\" rel=\"noopener\">Red and Warm Tones<\/a><\/p>\n<p>Blanc compl\u00e9mentaire : <a href=\"https:\/\/www.sorainstyles.com\/boutique\/produit\/strong-white-2001\/\" target=\"_blank\" rel=\"noopener\">Strong White<\/a><\/p>\n<h3>5 exemples d&rsquo;harmonies de couleurs avec la teinte Rectory Red &#8211; No.217<\/h3>\n<ul>\n<li>London Clay No.244 &#8211; Tanner&rsquo;s Brown No.255<\/li>\n<li>Strong White No.2001 &#8211; Great White No.2006<\/li>\n<li>Down Pipe No.26 &#8211; Pitch Black No.256<\/li>\n<li>Strong White No.2001 &#8211; Ammonite No.274<\/li>\n<li>Wine Dark No.308 &#8211; Bamboozle No.304<\/li>\n<\/ul>\n<h3>Information produit<\/h3>\n<h4>A base d&rsquo;eau et sans danger pour les enfants<\/h4>\n<p>En 2010, Farrow &amp; Ball a \u00e9t\u00e9 les premiers du secteur \u00e0 passer \u00e0 une gamme de finitions \u00e9labor\u00e9es enti\u00e8rement \u00e0 base d\u2019eau. En effet, ces finitions \u00e0 faible teneur en COV et pratiquement sans odeur sont faciles \u00e0 nettoyer sans recourir \u00e0 des solvants nocifs.<\/p>\n<h4>Finitions de qualit\u00e9<\/h4>\n<p>Tout d&rsquo;abord, chacune de nos couleurs est disponible dans une gamme de finitions de peinture d\u2019int\u00e9rieur et d\u2019ext\u00e9rieur. Ensuite, chaque finition est test\u00e9e de mani\u00e8re rigoureuse pour garantir un fini durable et une profondeur de couleur exceptionnelle. Enfin, pour obtenir les meilleurs r\u00e9sultats, nous recommandons toujours d\u2019utiliser une Impression &amp; Sous-couche Farrow &amp; Ball &#8211; voir plus haut pour trouver la tonalit\u00e9 de couleur exacte pour cette peinture.<\/p>\n","protected":false},"excerpt":{"rendered":"<h3>Un rouge sublime<\/h3>\n<p>Rectory Red, un rouge pur et sophistiqu\u00e9 cr\u00e9e une ambiance chaleureuse et accueillante, surtout dans les petits espaces, et se marie \u00e9l\u00e9gamment avec des teintes beiges ros\u00e9s.<\/p>\n<p>Sous-couche recommand\u00e9e : <a href=\"https:\/\/www.sorainstyles.com\/boutique\/categorie-produit\/appret-sous-couches\/red-and-warm-tones\/\" target=\"_blank\" rel=\"noopener\">Red and Warm Tones<\/a><\/p>\n","protected":false},"featured_media":14241,"template":"","meta":{"_acf_changed":false,"_et_pb_use_builder":"","_et_pb_old_content":"","_et_gb_content_width":""},"product_brand":[],"product_cat":[196,143,81,110],"product_tag":[610,406,371,366,362,609,351],"class_list":{"0":"post-3249","1":"product","2":"type-product","3":"status-publish","4":"has-post-thumbnail","6":"product_cat-intense","7":"product_cat-nuancier-actuel","8":"product_cat-peintures-de-finition","9":"product_cat-rouge","10":"product_tag-610","11":"product_tag-couleur","12":"product_tag-farrow","13":"product_tag-farrowball","14":"product_tag-peinture","15":"product_tag-rectory-red","16":"product_tag-rouge","18":"first","19":"instock","20":"taxable","21":"shipping-taxable","22":"purchasable","23":"product-type-variable"},"acf":[],"_links":{"self":[{"href":"https:\/\/www.sorainstyles.com\/boutique\/wp-json\/wp\/v2\/product\/3249","targetHints":{"allow":["GET"]}}],"collection":[{"href":"https:\/\/www.sorainstyles.com\/boutique\/wp-json\/wp\/v2\/product"}],"about":[{"href":"https:\/\/www.sorainstyles.com\/boutique\/wp-json\/wp\/v2\/types\/product"}],"wp:featuredmedia":[{"embeddable":true,"href":"https:\/\/www.sorainstyles.com\/boutique\/wp-json\/wp\/v2\/media\/14241"}],"wp:attachment":[{"href":"https:\/\/www.sorainstyles.com\/boutique\/wp-json\/wp\/v2\/media?parent=3249"}],"wp:term":[{"taxonomy":"product_brand","embeddable":true,"href":"https:\/\/www.sorainstyles.com\/boutique\/wp-json\/wp\/v2\/product_brand?post=3249"},{"taxonomy":"product_cat","embeddable":true,"href":"https:\/\/www.sorainstyles.com\/boutique\/wp-json\/wp\/v2\/product_cat?post=3249"},{"taxonomy":"product_tag","embeddable":true,"href":"https:\/\/www.sorainstyles.com\/boutique\/wp-json\/wp\/v2\/product_tag?post=3249"}],"curies":[{"name":"wp","href":"https:\/\/api.w.org\/{rel}","templated":true}]}}