{"id":3224,"date":"2021-12-07T19:53:42","date_gmt":"2021-12-07T18:53:42","guid":{"rendered":"https:\/\/www.sorainstyles.com\/boutique\/produit\/stony-ground-211\/"},"modified":"2025-10-04T17:49:34","modified_gmt":"2025-10-04T15:49:34","slug":"stony-ground-211","status":"publish","type":"product","link":"https:\/\/www.sorainstyles.com\/boutique\/produit\/stony-ground-211\/","title":{"rendered":"Stony Ground 211"},"content":{"rendered":"<h1 class=\"product-hero__title\">Stony Ground &#8211;\u00a0No. 211 de chez Farrow &amp; Ball<\/h1>\n<h2>Un ton classique de pierre<\/h2>\n<p>Malgr\u00e9 sa couleur de pierre classique, la teinte No.211 &#8211; Stony Ground a un l\u00e9ger fond de rouge. En effet, cela lui permet d&rsquo;ajouter un \u00e9l\u00e9ment de chaleur et cr\u00e9e un fini beige tr\u00e8s doux. Cette couleur s&rsquo;accorde \u00e0 la perfection avec des nuances plus claires telles que Shaded White. Par ailleurs, elle se marie \u00e9galement parfaite avec des tonalit\u00e9s plus intenses comme Mouse\u2019s Back pour un effet paisible et nuanc\u00e9.<\/p>\n<p>Primer &amp; Undercoat recommand\u00e9e: <a href=\"https:\/\/www.sorainstyles.com\/boutique\/categorie-produit\/appret-sous-couches\/mid-tones\/\" target=\"_blank\" rel=\"noopener\">Mid Tones<\/a><\/p>\n<p>Blanc compl\u00e9mentaire : <a href=\"https:\/\/www.sorainstyles.com\/boutique\/produit\/school-house-white-291\/\" target=\"_blank\" rel=\"noopener\">School House White<\/a><\/p>\n<h3>4 exemples d&rsquo;harmonies de couleurs avec la teinte Stony Ground &#8211; No.211<\/h3>\n<ul>\n<li>Shaded White No.201 &#8211; School House White No.291<\/li>\n<li>Blue Gray No.91 &#8211; Mizzle No.266<\/li>\n<li>Mouse&rsquo;s Back No.40 &#8211; Light Gray No.17<\/li>\n<li>De Nimes No.299 &#8211; Railings No.31<\/li>\n<\/ul>\n<h3>Information produit<\/h3>\n<h4>A base d&rsquo;eau et sans danger pour les enfants<\/h4>\n<p>En 2010, Farrow &amp; Ball a \u00e9t\u00e9 les premiers du secteur \u00e0 passer \u00e0 une gamme de finitions \u00e9labor\u00e9es enti\u00e8rement \u00e0 base d\u2019eau. En effet, ces finitions \u00e0 faible teneur en COV et pratiquement sans odeur sont faciles \u00e0 nettoyer sans recourir \u00e0 des solvants nocifs.<\/p>\n<h4>Finitions de qualit\u00e9<\/h4>\n<p>Tout d&rsquo;abord, chacune de nos couleurs est disponible dans une gamme de finitions de peinture d\u2019int\u00e9rieur et d\u2019ext\u00e9rieur. Ensuite, chaque finition est test\u00e9e de mani\u00e8re rigoureuse pour garantir un fini durable et une profondeur de couleur exceptionnelle. Enfin, pour obtenir les meilleurs r\u00e9sultats, nous recommandons toujours d\u2019utiliser une Impression &amp; Sous-couche Farrow &amp; Ball &#8211; voir plus haut pour trouver la tonalit\u00e9 de couleur exacte pour cette peinture.<\/p>\n","protected":false},"excerpt":{"rendered":"<h3>Un ton classique de pierre<\/h3>\n<p>Malgr\u00e9 sa couleur de pierre classique, la teinte No.211 \u2013 Stony Ground a un l\u00e9ger fond de rouge qui ajoute un \u00e9l\u00e9ment de chaleur et cr\u00e9e un fini beige tr\u00e8s doux, pour un d\u00e9cor paisible et nuanc\u00e9 de votre pi\u00e8ce.<\/p>\n<p>Sous-couche recommand\u00e9e : <a href=\"https:\/\/www.sorainstyles.com\/boutique\/categorie-produit\/appret-sous-couches\/mid-tones\/\" target=\"_blank\" rel=\"noopener\">Mid Tones<\/a><\/p>\n","protected":false},"featured_media":14284,"template":"","meta":{"_acf_changed":false,"_et_pb_use_builder":"","_et_pb_old_content":"","_et_gb_content_width":""},"product_brand":[],"product_cat":[98,329,143,81],"product_tag":[620,406,371,415,366,362,619,975],"class_list":{"0":"post-3224","1":"product","2":"type-product","3":"status-publish","4":"has-post-thumbnail","6":"product_cat-moyen","7":"product_cat-neutre","8":"product_cat-nuancier-actuel","9":"product_cat-peintures-de-finition","10":"product_tag-620","11":"product_tag-couleur","12":"product_tag-farrow","13":"product_tag-farrow-ball","14":"product_tag-farrowball","15":"product_tag-peinture","16":"product_tag-stony-ground","17":"product_tag-stony-ground-211","19":"first","20":"instock","21":"taxable","22":"shipping-taxable","23":"purchasable","24":"product-type-variable"},"acf":[],"_links":{"self":[{"href":"https:\/\/www.sorainstyles.com\/boutique\/wp-json\/wp\/v2\/product\/3224","targetHints":{"allow":["GET"]}}],"collection":[{"href":"https:\/\/www.sorainstyles.com\/boutique\/wp-json\/wp\/v2\/product"}],"about":[{"href":"https:\/\/www.sorainstyles.com\/boutique\/wp-json\/wp\/v2\/types\/product"}],"wp:featuredmedia":[{"embeddable":true,"href":"https:\/\/www.sorainstyles.com\/boutique\/wp-json\/wp\/v2\/media\/14284"}],"wp:attachment":[{"href":"https:\/\/www.sorainstyles.com\/boutique\/wp-json\/wp\/v2\/media?parent=3224"}],"wp:term":[{"taxonomy":"product_brand","embeddable":true,"href":"https:\/\/www.sorainstyles.com\/boutique\/wp-json\/wp\/v2\/product_brand?post=3224"},{"taxonomy":"product_cat","embeddable":true,"href":"https:\/\/www.sorainstyles.com\/boutique\/wp-json\/wp\/v2\/product_cat?post=3224"},{"taxonomy":"product_tag","embeddable":true,"href":"https:\/\/www.sorainstyles.com\/boutique\/wp-json\/wp\/v2\/product_tag?post=3224"}],"curies":[{"name":"wp","href":"https:\/\/api.w.org\/{rel}","templated":true}]}}