{"id":3192,"date":"2021-12-07T19:52:00","date_gmt":"2021-12-07T18:52:00","guid":{"rendered":"https:\/\/www.sorainstyles.com\/boutique\/produit\/skylight-205\/"},"modified":"2025-10-02T11:09:59","modified_gmt":"2025-10-02T09:09:59","slug":"skylight-205","status":"publish","type":"product","link":"https:\/\/www.sorainstyles.com\/boutique\/produit\/skylight-205\/","title":{"rendered":"Skylight 205"},"content":{"rendered":"<h1 class=\"product-hero__title\">Skylight &#8211;\u00a0No. 205 de chez Farrow &amp; Ball<\/h1>\n<h2>Un bleu p\u00e2le et traditionnel<\/h2>\n<p>Ce gris bleu p\u00e2le tient son nom de la douce lumi\u00e8re naturelle qui tombe en cascade \u00e0 travers les vasistas (\u2018skylight\u2019 en anglais). C\u2019est une couleur dont il \u00e9mane toutefois moins de reflets que Borrowed Light, et qui para\u00eetra r\u00e9solument bleue et fra\u00eeche lorsqu\u2019elle est appliqu\u00e9e dans de <a href=\"https:\/\/www.cotemaison.fr\/atelier-deco\/petit-espace-5-idees-deco-en-video_5657.html\" target=\"_blank\" rel=\"noopener\">petits espaces<\/a>. La teinte No.205 &#8211; Skylight deviendra en revanche plus p\u00e2le et plus grise dans les pi\u00e8ces plus spacieuses.<\/p>\n<p>Primer &amp; Undercoat recommand\u00e9e: <a href=\"https:\/\/www.sorainstyles.com\/boutique\/categorie-produit\/appret-sous-couches\/white-and-light-tones\/\" target=\"_blank\" rel=\"noopener\">White and Light Tones<\/a><\/p>\n<p>Blanc compl\u00e9mentaire : <a href=\"https:\/\/www.sorainstyles.com\/boutique\/produit\/wevet-273\/\" target=\"_blank\" rel=\"noopener\">Wevet<\/a><\/p>\n<h3>5 exemples d&rsquo;harmonies de couleurs avec la teinte Skylight &#8211; No.205<\/h3>\n<ul>\n<li>Stiffkey Blue No.281 &#8211; Rectory Red No.217<\/li>\n<li>Wimborne White No.239 &#8211; Slipper Satin No.2004<\/li>\n<li>Parma Gray No.27 &#8211; Lulworth Blue No.89<\/li>\n<li>Wevet No.273 &#8211; All White No.2005<\/li>\n<li>Stiffkey Blue No.281 &#8211; Parma Gray No.27<\/li>\n<\/ul>\n<h3>Information produit<\/h3>\n<h4>A base d&rsquo;eau et sans danger pour les enfants<\/h4>\n<p>En 2010, Farrow &amp; Ball a \u00e9t\u00e9 les premiers du secteur \u00e0 passer \u00e0 une gamme de finitions \u00e9labor\u00e9es enti\u00e8rement \u00e0 base d\u2019eau. En effet, ces finitions \u00e0 faible teneur en COV et pratiquement sans odeur sont faciles \u00e0 nettoyer sans recourir \u00e0 des solvants nocifs.<\/p>\n<h4>Finitions de qualit\u00e9<\/h4>\n<p>Tout d&rsquo;abord, chacune de nos couleurs est disponible dans une gamme de finitions de peinture d\u2019int\u00e9rieur et d\u2019ext\u00e9rieur. Ensuite, chaque finition est test\u00e9e de mani\u00e8re rigoureuse pour garantir un fini durable et une profondeur de couleur exceptionnelle. Enfin, pour obtenir les meilleurs r\u00e9sultats, nous recommandons toujours d\u2019utiliser une Impression &amp; Sous-couche Farrow &amp; Ball &#8211; voir plus haut pour trouver la tonalit\u00e9 de couleur exacte pour cette peinture.<\/p>\n","protected":false},"excerpt":{"rendered":"<h3>Un bleu p\u00e2le et traditionnel<\/h3>\n<p>Ce gris bleu p\u00e2le semble plus bleu et frais dans les petits espaces, tandis qu&rsquo;il appara\u00eet plus p\u00e2le et gris\u00e9 dans les pi\u00e8ces plus grandes.<\/p>\n<p>Sous-couche recommand\u00e9e : <a href=\"https:\/\/www.sorainstyles.com\/boutique\/categorie-produit\/appret-sous-couches\/white-and-light-tones\/\" target=\"_blank\" rel=\"noopener\">White and Light Tones<\/a><\/p>\n","protected":false},"featured_media":14234,"template":"","meta":{"_acf_changed":false,"_et_pb_use_builder":"","_et_pb_old_content":"","_et_gb_content_width":""},"product_brand":[],"product_cat":[330,331,143,81],"product_tag":[632,406,371,366,362,631],"class_list":{"0":"post-3192","1":"product","2":"type-product","3":"status-publish","4":"has-post-thumbnail","6":"product_cat-bleu","7":"product_cat-clair","8":"product_cat-nuancier-actuel","9":"product_cat-peintures-de-finition","10":"product_tag-632","11":"product_tag-couleur","12":"product_tag-farrow","13":"product_tag-farrowball","14":"product_tag-peinture","15":"product_tag-skylight","17":"first","18":"instock","19":"taxable","20":"shipping-taxable","21":"purchasable","22":"product-type-variable"},"acf":[],"_links":{"self":[{"href":"https:\/\/www.sorainstyles.com\/boutique\/wp-json\/wp\/v2\/product\/3192","targetHints":{"allow":["GET"]}}],"collection":[{"href":"https:\/\/www.sorainstyles.com\/boutique\/wp-json\/wp\/v2\/product"}],"about":[{"href":"https:\/\/www.sorainstyles.com\/boutique\/wp-json\/wp\/v2\/types\/product"}],"wp:featuredmedia":[{"embeddable":true,"href":"https:\/\/www.sorainstyles.com\/boutique\/wp-json\/wp\/v2\/media\/14234"}],"wp:attachment":[{"href":"https:\/\/www.sorainstyles.com\/boutique\/wp-json\/wp\/v2\/media?parent=3192"}],"wp:term":[{"taxonomy":"product_brand","embeddable":true,"href":"https:\/\/www.sorainstyles.com\/boutique\/wp-json\/wp\/v2\/product_brand?post=3192"},{"taxonomy":"product_cat","embeddable":true,"href":"https:\/\/www.sorainstyles.com\/boutique\/wp-json\/wp\/v2\/product_cat?post=3192"},{"taxonomy":"product_tag","embeddable":true,"href":"https:\/\/www.sorainstyles.com\/boutique\/wp-json\/wp\/v2\/product_tag?post=3192"}],"curies":[{"name":"wp","href":"https:\/\/api.w.org\/{rel}","templated":true}]}}