{"id":3189,"date":"2021-12-07T19:51:58","date_gmt":"2021-12-07T18:51:58","guid":{"rendered":"https:\/\/www.sorainstyles.com\/boutique\/produit\/pale-powder-204\/"},"modified":"2025-10-02T11:13:46","modified_gmt":"2025-10-02T09:13:46","slug":"pale-powder-204","status":"publish","type":"product","link":"https:\/\/www.sorainstyles.com\/boutique\/produit\/pale-powder-204\/","title":{"rendered":"Pale Powder 204"},"content":{"rendered":"<h1 class=\"product-hero__title\">Pale Powder &#8211;\u00a0No. 204 de chez Farrow &amp; Ball<\/h1>\n<h2>Un doux turquoise<\/h2>\n<p>Notre couleur turquoise la plus populaire est la version claire d\u2019une couleur Farrow &amp; Ball archiv\u00e9e : Powder Blue. La teinte No.204 &#8211; Pale Powder offre une douceur in\u00e9gal\u00e9e, et dans les pi\u00e8ces orient\u00e9es au nord, elle peut presque ressembler \u00e0 un <a href=\"https:\/\/www.cotemaison.fr\/peintures-carrelages-papier-peint\/peinture-grise-conseils-pour-choisir-son-gris_31976.html\" target=\"_blank\" rel=\"noopener\">gris<\/a> d\u00e9licat, mais elle est rarement froide du fait de l\u2019ajout de pigments verts dans sa composition.<\/p>\n<p>Primer &amp; Undercoat recommand\u00e9e: <a href=\"https:\/\/www.sorainstyles.com\/boutique\/categorie-produit\/appret-sous-couches\/white-and-light-tones\/\" target=\"_blank\" rel=\"noopener\">White and Light Tones<\/a><\/p>\n<p>Blanc compl\u00e9mentaire : <a href=\"https:\/\/www.sorainstyles.com\/boutique\/produit\/wimborne-white-239\/\" target=\"_blank\" rel=\"noopener\">Wimborne White<\/a><\/p>\n<h3>4 exemples d&rsquo;harmonies de couleurs avec la teinte Pale Powder &#8211; No.204<\/h3>\n<ul>\n<li>Wevet No.273 &#8211; Slipper Satin No.2004<\/li>\n<li>Teresa&rsquo;s Green No.236 &#8211; Green Bue No.84<\/li>\n<li>Wevet No.273 &#8211; Wimborne White No.239<\/li>\n<li>Whirlybird No.309 &#8211; De Nimes No.299<\/li>\n<\/ul>\n<h3>Information produit<\/h3>\n<h4>A base d&rsquo;eau et sans danger pour les enfants<\/h4>\n<p>En 2010, Farrow &amp; Ball a \u00e9t\u00e9 les premiers du secteur \u00e0 passer \u00e0 une gamme de finitions \u00e9labor\u00e9es enti\u00e8rement \u00e0 base d\u2019eau. En effet, ces finitions \u00e0 faible teneur en COV et pratiquement sans odeur sont faciles \u00e0 nettoyer sans recourir \u00e0 des solvants nocifs.<\/p>\n<h4>Finitions de qualit\u00e9<\/h4>\n<p>Tout d&rsquo;abord, chacune de nos couleurs est disponible dans une gamme de finitions de peinture d\u2019int\u00e9rieur et d\u2019ext\u00e9rieur. Ensuite, chaque finition est test\u00e9e de mani\u00e8re rigoureuse pour garantir un fini durable et une profondeur de couleur exceptionnelle. Enfin, pour obtenir les meilleurs r\u00e9sultats, nous recommandons toujours d\u2019utiliser une Impression &amp; Sous-couche Farrow &amp; Ball &#8211; voir plus haut pour trouver la tonalit\u00e9 de couleur exacte pour cette peinture.<\/p>\n","protected":false},"excerpt":{"rendered":"<h3>Un doux turquoise<\/h3>\n<p>Pale Powder s\u2019apparente \u00e0 un turquoise. Il offre une douceur exceptionnelle et une teinte presque grise dans les pi\u00e8ces au nord, gr\u00e2ce \u00e0 ses pigments verts, et est id\u00e9al pour les chambres mansard\u00e9es, o\u00f9 elle agrandit l&rsquo;espace et apporte de la clart\u00e9 lorsqu&rsquo;appliqu\u00e9e sur les murs et les plafonds.<\/p>\n<p>Sous-couche recommand\u00e9e : <a href=\"https:\/\/www.sorainstyles.com\/boutique\/categorie-produit\/appret-sous-couches\/white-and-light-tones\/\" target=\"_blank\" rel=\"noopener\">White and Light Tones<\/a><\/p>\n","protected":false},"featured_media":14221,"template":"","meta":{"_acf_changed":false,"_et_pb_use_builder":"","_et_pb_old_content":"","_et_gb_content_width":""},"product_brand":[],"product_cat":[330,331,143,81],"product_tag":[634,406,371,366,633,362],"class_list":{"0":"post-3189","1":"product","2":"type-product","3":"status-publish","4":"has-post-thumbnail","6":"product_cat-bleu","7":"product_cat-clair","8":"product_cat-nuancier-actuel","9":"product_cat-peintures-de-finition","10":"product_tag-634","11":"product_tag-couleur","12":"product_tag-farrow","13":"product_tag-farrowball","14":"product_tag-pale-powder","15":"product_tag-peinture","17":"first","18":"instock","19":"taxable","20":"shipping-taxable","21":"purchasable","22":"product-type-variable"},"acf":[],"_links":{"self":[{"href":"https:\/\/www.sorainstyles.com\/boutique\/wp-json\/wp\/v2\/product\/3189","targetHints":{"allow":["GET"]}}],"collection":[{"href":"https:\/\/www.sorainstyles.com\/boutique\/wp-json\/wp\/v2\/product"}],"about":[{"href":"https:\/\/www.sorainstyles.com\/boutique\/wp-json\/wp\/v2\/types\/product"}],"wp:featuredmedia":[{"embeddable":true,"href":"https:\/\/www.sorainstyles.com\/boutique\/wp-json\/wp\/v2\/media\/14221"}],"wp:attachment":[{"href":"https:\/\/www.sorainstyles.com\/boutique\/wp-json\/wp\/v2\/media?parent=3189"}],"wp:term":[{"taxonomy":"product_brand","embeddable":true,"href":"https:\/\/www.sorainstyles.com\/boutique\/wp-json\/wp\/v2\/product_brand?post=3189"},{"taxonomy":"product_cat","embeddable":true,"href":"https:\/\/www.sorainstyles.com\/boutique\/wp-json\/wp\/v2\/product_cat?post=3189"},{"taxonomy":"product_tag","embeddable":true,"href":"https:\/\/www.sorainstyles.com\/boutique\/wp-json\/wp\/v2\/product_tag?post=3189"}],"curies":[{"name":"wp","href":"https:\/\/api.w.org\/{rel}","templated":true}]}}