{"id":3186,"date":"2021-12-07T19:51:57","date_gmt":"2021-12-07T18:51:57","guid":{"rendered":"https:\/\/www.sorainstyles.com\/boutique\/produit\/tallow-203-2\/"},"modified":"2025-09-18T14:28:17","modified_gmt":"2025-09-18T12:28:17","slug":"tallow-203-2","status":"publish","type":"product","link":"https:\/\/www.sorainstyles.com\/boutique\/produit\/tallow-203-2\/","title":{"rendered":"Tallow 203"},"content":{"rendered":"<h1 class=\"product-hero__title\">Tallow &#8211;\u00a0No. 203 de chez Farrow &amp; Ball<\/h1>\n<h2>Un ton cr\u00e8me clair<\/h2>\n<p>Ce ton neutre lumineux tient son nom du mat\u00e9riau naturel (le suif) utilis\u00e9 \u00e0 l\u2019origine pour fabriquer les bougies. Son soup\u00e7on de rose et son pigment jaune cr\u00e9ent une ambiance chaleureuse, mais n\u00e9anmoins fra\u00eeche, qui est tr\u00e8s appr\u00e9ci\u00e9e pour les <a href=\"https:\/\/www.cotemaison.fr\/chambre-et-bureau\/chambre-bebe-6-idees-tres-deco_12213.html\" target=\"_blank\" rel=\"noopener\">chambres des b\u00e9b\u00e9s<\/a>.<\/p>\n<p>Primer &amp; Undercoat recommand\u00e9e: <a href=\"https:\/\/www.sorainstyles.com\/boutique\/categorie-produit\/appret-sous-couches\/white-and-light-tones\/\" target=\"_blank\" rel=\"noopener\">White and Light Tones<\/a><\/p>\n<p>Blanc compl\u00e9mentaire : <a href=\"https:\/\/www.sorainstyles.com\/boutique\/produit\/wimborne-white-239\/\" target=\"_blank\" rel=\"noopener\">Wimborne White<\/a><\/p>\n<h3>3\u00a0exemples d&rsquo;harmonies de couleurs avec la teinte Tallow &#8211; No.203<\/h3>\n<ul>\n<li>Matchstick No.2013 &#8211; Mouse&rsquo;s Back No.40<\/li>\n<li>Pointing No.2003 &#8211; Wimborne White No.239<\/li>\n<li>London Stone No.6 &#8211; London Clay No.244<\/li>\n<\/ul>\n<h3>Information produit<\/h3>\n<h4>A base d&rsquo;eau et sans danger pour les enfants<\/h4>\n<p>En 2010, Farrow &amp; Ball a \u00e9t\u00e9 les premiers du secteur \u00e0 passer \u00e0 une gamme de finitions \u00e9labor\u00e9es enti\u00e8rement \u00e0 base d\u2019eau. En effet, ces finitions \u00e0 faible teneur en COV et pratiquement sans odeur sont faciles \u00e0 nettoyer sans recourir \u00e0 des solvants nocifs.<\/p>\n<h4>Finitions de qualit\u00e9<\/h4>\n<p>Tout d&rsquo;abord, chacune de nos couleurs est disponible dans une gamme de finitions de peinture d\u2019int\u00e9rieur et d\u2019ext\u00e9rieur. Ensuite, chaque finition est test\u00e9e de mani\u00e8re rigoureuse pour garantir un fini durable et une profondeur de couleur exceptionnelle. Enfin, pour obtenir les meilleurs r\u00e9sultats, nous recommandons toujours d\u2019utiliser une Impression &amp; Sous-couche Farrow &amp; Ball &#8211; voir plus haut pour trouver la tonalit\u00e9 de couleur exacte pour cette peinture.<\/p>\n","protected":false},"excerpt":{"rendered":"<h3>Un ton cr\u00e8me clair<\/h3>\n<p>Tallow, un ton neutre lumineux avec de l\u00e9ger pigments rose refl\u00e8te la lumi\u00e8re de mani\u00e8re optimale et cr\u00e9e une ambiance chaleureuse et fra\u00eeche, id\u00e9ale pour \u00e9clairer les espaces sombres.<\/p>\n<p>Sous-couche recommand\u00e9e : <a href=\"https:\/\/www.sorainstyles.com\/boutique\/categorie-produit\/appret-sous-couches\/white-and-light-tones\/\" target=\"_blank\" rel=\"noopener\">White and Light Tones<\/a><\/p>\n","protected":false},"featured_media":14199,"template":"","meta":{"_acf_changed":false,"_et_pb_use_builder":"","_et_pb_old_content":"","_et_gb_content_width":""},"product_brand":[],"product_cat":[331,339,143,81],"product_tag":[636,406,371,366,362,635],"class_list":{"0":"post-3186","1":"product","2":"type-product","3":"status-publish","4":"has-post-thumbnail","6":"product_cat-clair","7":"product_cat-jaune","8":"product_cat-nuancier-actuel","9":"product_cat-peintures-de-finition","10":"product_tag-636","11":"product_tag-couleur","12":"product_tag-farrow","13":"product_tag-farrowball","14":"product_tag-peinture","15":"product_tag-tallow","17":"first","18":"instock","19":"taxable","20":"shipping-taxable","21":"purchasable","22":"product-type-variable"},"acf":[],"_links":{"self":[{"href":"https:\/\/www.sorainstyles.com\/boutique\/wp-json\/wp\/v2\/product\/3186","targetHints":{"allow":["GET"]}}],"collection":[{"href":"https:\/\/www.sorainstyles.com\/boutique\/wp-json\/wp\/v2\/product"}],"about":[{"href":"https:\/\/www.sorainstyles.com\/boutique\/wp-json\/wp\/v2\/types\/product"}],"wp:featuredmedia":[{"embeddable":true,"href":"https:\/\/www.sorainstyles.com\/boutique\/wp-json\/wp\/v2\/media\/14199"}],"wp:attachment":[{"href":"https:\/\/www.sorainstyles.com\/boutique\/wp-json\/wp\/v2\/media?parent=3186"}],"wp:term":[{"taxonomy":"product_brand","embeddable":true,"href":"https:\/\/www.sorainstyles.com\/boutique\/wp-json\/wp\/v2\/product_brand?post=3186"},{"taxonomy":"product_cat","embeddable":true,"href":"https:\/\/www.sorainstyles.com\/boutique\/wp-json\/wp\/v2\/product_cat?post=3186"},{"taxonomy":"product_tag","embeddable":true,"href":"https:\/\/www.sorainstyles.com\/boutique\/wp-json\/wp\/v2\/product_tag?post=3186"}],"curies":[{"name":"wp","href":"https:\/\/api.w.org\/{rel}","templated":true}]}}