{"id":2544,"date":"2021-12-07T18:40:45","date_gmt":"2021-12-07T17:40:45","guid":{"rendered":"https:\/\/www.sorainstyles.com\/boutique\/produit\/sugared-almond-9913\/"},"modified":"2025-10-15T11:48:49","modified_gmt":"2025-10-15T09:48:49","slug":"sugared-almond-9913","status":"publish","type":"product","link":"https:\/\/www.sorainstyles.com\/boutique\/produit\/sugared-almond-9913\/","title":{"rendered":"Sugared Almond 9913"},"content":{"rendered":"<h1 class=\"product-hero__title\">Archive Collection: Sugared Almond &#8211;\u00a0No. 9913 de chez Farrow &amp; Ball<\/h1>\n<h2>Une teinte lilas<\/h2>\n<p>La teinte No.9913 &#8211; Sugared Almond est une teinte absolument charmante qui doit son nom \u00e0 une friandise traditionnelle. Ce <a href=\"https:\/\/www.cotemaison.fr\/shopping-tendance\/le-violet-ca-reveille-tout_3281.html\" target=\"_blank\" rel=\"noopener\">lilas<\/a> sucr\u00e9 apporte de la gaiet\u00e9 et du caract\u00e8re dans n\u2019importe quel espace de vie, tout en restant assez doux pour pouvoir \u00eatre utilis\u00e9 aussi bien dans une chambre qu&rsquo;une salle de bains, gr\u00e2ce \u00e0 sa nuance apaisante et rafra\u00eechissante.<\/p>\n<p>Primer &amp; Undercoat recommand\u00e9e: <a href=\"https:\/\/www.sorainstyles.com\/boutique\/categorie-produit\/appret-sous-couches\/mid-tones\/\" target=\"_blank\" rel=\"noopener\">Mid Tones<\/a><\/p>\n<p>Blanc compl\u00e9mentaire: <a href=\"https:\/\/www.sorainstyles.com\/boutique\/produit\/great-white-2006\/\" target=\"_blank\" rel=\"noopener\">Great White<\/a><\/p>\n<h3>Exemple d&rsquo;harmonie de couleur avec la teinte Sugared Almond &#8211; No.9913<\/h3>\n<ul>\n<li>Brassica No.271 &#8211; Pelt No.254<\/li>\n<\/ul>\n<h3>Information produit<\/h3>\n<h4>A base d&rsquo;eau et sans danger pour les enfants<\/h4>\n<p>En 2010, Farrow &amp; Ball a \u00e9t\u00e9 les premiers du secteur \u00e0 passer \u00e0 une gamme de finitions \u00e9labor\u00e9es enti\u00e8rement \u00e0 base d\u2019eau. En effet, ces finitions \u00e0 faible teneur en COV et pratiquement sans odeur sont faciles \u00e0 nettoyer sans recourir \u00e0 des solvants nocifs.<\/p>\n<h4>Finitions de qualit\u00e9<\/h4>\n<p>Tout d&rsquo;abord, chacune de nos couleurs est disponible dans une gamme de finitions de peinture d\u2019int\u00e9rieur et d\u2019ext\u00e9rieur. Ensuite, chaque finition est test\u00e9e de mani\u00e8re rigoureuse pour garantir un fini durable et une profondeur de couleur exceptionnelle. Enfin, pour obtenir les meilleurs r\u00e9sultats, nous recommandons toujours d\u2019utiliser une Impression &amp; Sous-couche Farrow &amp; Ball &#8211; voir plus haut pour trouver la tonalit\u00e9 de couleur exacte pour cette peinture.<\/p>\n","protected":false},"excerpt":{"rendered":"<h3>Une teinte lilas<\/h3>\n<p>Sugared Almond, un lilas doux et charmant apporte gaiet\u00e9 et caract\u00e8re \u00e0 tout espace de vie tout en \u00e9tant assez apaisant pour s&rsquo;int\u00e9grer parfaitement dans une chambre ou une salle de bain.<\/p>\n<p>Sous-couche recommand\u00e9e : <a href=\"https:\/\/www.sorainstyles.com\/boutique\/categorie-produit\/appret-sous-couches\/mid-tones\/\" target=\"_blank\" rel=\"noopener\">Mid Tones<\/a><\/p>\n","protected":false},"featured_media":14135,"template":"","meta":{"_acf_changed":false,"_et_pb_use_builder":"","_et_pb_old_content":"","_et_gb_content_width":""},"product_brand":[],"product_cat":[343,331,81,110],"product_tag":[652,406,371,366,362,351,651],"class_list":{"0":"post-2544","1":"product","2":"type-product","3":"status-publish","4":"has-post-thumbnail","6":"product_cat-archive","7":"product_cat-clair","8":"product_cat-peintures-de-finition","9":"product_cat-rouge","10":"product_tag-652","11":"product_tag-couleur","12":"product_tag-farrow","13":"product_tag-farrowball","14":"product_tag-peinture","15":"product_tag-rouge","16":"product_tag-sugared-almond","18":"first","19":"instock","20":"taxable","21":"shipping-taxable","22":"purchasable","23":"product-type-variable"},"acf":[],"_links":{"self":[{"href":"https:\/\/www.sorainstyles.com\/boutique\/wp-json\/wp\/v2\/product\/2544","targetHints":{"allow":["GET"]}}],"collection":[{"href":"https:\/\/www.sorainstyles.com\/boutique\/wp-json\/wp\/v2\/product"}],"about":[{"href":"https:\/\/www.sorainstyles.com\/boutique\/wp-json\/wp\/v2\/types\/product"}],"wp:featuredmedia":[{"embeddable":true,"href":"https:\/\/www.sorainstyles.com\/boutique\/wp-json\/wp\/v2\/media\/14135"}],"wp:attachment":[{"href":"https:\/\/www.sorainstyles.com\/boutique\/wp-json\/wp\/v2\/media?parent=2544"}],"wp:term":[{"taxonomy":"product_brand","embeddable":true,"href":"https:\/\/www.sorainstyles.com\/boutique\/wp-json\/wp\/v2\/product_brand?post=2544"},{"taxonomy":"product_cat","embeddable":true,"href":"https:\/\/www.sorainstyles.com\/boutique\/wp-json\/wp\/v2\/product_cat?post=2544"},{"taxonomy":"product_tag","embeddable":true,"href":"https:\/\/www.sorainstyles.com\/boutique\/wp-json\/wp\/v2\/product_tag?post=2544"}],"curies":[{"name":"wp","href":"https:\/\/api.w.org\/{rel}","templated":true}]}}