{"id":2538,"date":"2021-12-07T18:40:39","date_gmt":"2021-12-07T17:40:39","guid":{"rendered":"https:\/\/www.sorainstyles.com\/boutique\/produit\/fruit-fool-9911\/"},"modified":"2025-10-15T11:53:05","modified_gmt":"2025-10-15T09:53:05","slug":"fruit-fool-9911","status":"publish","type":"product","link":"https:\/\/www.sorainstyles.com\/boutique\/produit\/fruit-fool-9911\/","title":{"rendered":"Fruit Fool 9911"},"content":{"rendered":"<h1 class=\"product-hero__title\">Archive Collection: Fruit Fool &#8211;\u00a0No.9911 de chez Farrow &amp; Ball<\/h1>\n<h2>Un rose gourmand<\/h2>\n<p>La teinte No.9911 &#8211; Fruit Fool doit son nom au pudding d\u2019\u00e9t\u00e9 si populaire pendant la p\u00e9riode de l\u2019apr\u00e8s-guerre. C&rsquo;est une couleur qui ne donne jamais l\u2019impression d\u2019\u00eatre trop \u00ab\u00a0sucr\u00e9\u00a0\u00bb en raison de sa tonalit\u00e9 <a href=\"https:\/\/www.cotemaison.fr\/couleurs\/bleu-deco-peinture-bleue-bleu-ciel-bleu-turquoise_11679.html\" target=\"_blank\" rel=\"noopener\">bleue<\/a> sous-jacente.<\/p>\n<p>Primer &amp; Undercoat recommand\u00e9e: <a href=\"https:\/\/www.sorainstyles.com\/boutique\/categorie-produit\/appret-sous-couches\/red-and-warm-tones\/\" target=\"_blank\" rel=\"noopener\">Red and Warm Tones<\/a><\/p>\n<p>Blanc compl\u00e9mentaire: <a href=\"https:\/\/www.sorainstyles.com\/boutique\/produit\/dimity-2008\/\" target=\"_blank\" rel=\"noopener\">Dimity<\/a><\/p>\n<h3>4 exemples d&rsquo;harmonies de couleurs avec la teinte Fruit Fool &#8211; No.9911<\/h3>\n<ul>\n<li>Elephant&rsquo;s Breath No.229 &#8211; Paean Black No.294<\/li>\n<li>Bancha No.298 &#8211; Inchyra Blue No.289<\/li>\n<li>Vert De Terre No.234 &#8211; Chine Green No.35<\/li>\n<li>Elephant&rsquo;s Breath No.229 &#8211; London Clay No.244<\/li>\n<\/ul>\n<h3>Information produit<\/h3>\n<h4>A base d&rsquo;eau et sans danger pour les enfants<\/h4>\n<p>En 2010, Farrow &amp; Ball a \u00e9t\u00e9 les premiers du secteur \u00e0 passer \u00e0 une gamme de finitions \u00e9labor\u00e9es enti\u00e8rement \u00e0 base d\u2019eau. En effet, ces finitions \u00e0 faible teneur en COV et pratiquement sans odeur sont faciles \u00e0 nettoyer sans recourir \u00e0 des solvants nocifs.<\/p>\n<h4>Finitions de qualit\u00e9<\/h4>\n<p>Tout d&rsquo;abord, chacune de nos couleurs est disponible dans une gamme de finitions de peinture d\u2019int\u00e9rieur et d\u2019ext\u00e9rieur. Ensuite, chaque finition est test\u00e9e de mani\u00e8re rigoureuse pour garantir un fini durable et une profondeur de couleur exceptionnelle. Enfin, pour obtenir les meilleurs r\u00e9sultats, nous recommandons toujours d\u2019utiliser une Impression &amp; Sous-couche Farrow &amp; Ball &#8211; voir plus haut pour trouver la tonalit\u00e9 de couleur exacte pour cette peinture.<\/p>\n","protected":false},"excerpt":{"rendered":"<h3>Un rose gourmand<\/h3>\n<p>Fruit Fool est un rose aux nuances bleues sous-jacentes, offrant une couleur vive et joyeuse, parfaite pour une chambre d\u2019enfants.<\/p>\n<p>Sous-couche recommand\u00e9e : <a href=\"https:\/\/www.sorainstyles.com\/boutique\/categorie-produit\/appret-sous-couches\/red-and-warm-tones\/\" target=\"_blank\" rel=\"noopener\">Red and Warm Tones<\/a><\/p>\n","protected":false},"featured_media":14138,"template":"","meta":{"_acf_changed":false,"_et_pb_use_builder":"","_et_pb_old_content":"","_et_gb_content_width":""},"product_brand":[],"product_cat":[343,139,98,81,110],"product_tag":[656,406,371,366,655,362,351],"class_list":{"0":"post-2538","1":"product","2":"type-product","3":"status-publish","4":"has-post-thumbnail","6":"product_cat-archive","7":"product_cat-liberty-collection","8":"product_cat-moyen","9":"product_cat-peintures-de-finition","10":"product_cat-rouge","11":"product_tag-656","12":"product_tag-couleur","13":"product_tag-farrow","14":"product_tag-farrowball","15":"product_tag-fruit-fool","16":"product_tag-peinture","17":"product_tag-rouge","19":"first","20":"instock","21":"taxable","22":"shipping-taxable","23":"purchasable","24":"product-type-variable"},"acf":[],"_links":{"self":[{"href":"https:\/\/www.sorainstyles.com\/boutique\/wp-json\/wp\/v2\/product\/2538","targetHints":{"allow":["GET"]}}],"collection":[{"href":"https:\/\/www.sorainstyles.com\/boutique\/wp-json\/wp\/v2\/product"}],"about":[{"href":"https:\/\/www.sorainstyles.com\/boutique\/wp-json\/wp\/v2\/types\/product"}],"wp:featuredmedia":[{"embeddable":true,"href":"https:\/\/www.sorainstyles.com\/boutique\/wp-json\/wp\/v2\/media\/14138"}],"wp:attachment":[{"href":"https:\/\/www.sorainstyles.com\/boutique\/wp-json\/wp\/v2\/media?parent=2538"}],"wp:term":[{"taxonomy":"product_brand","embeddable":true,"href":"https:\/\/www.sorainstyles.com\/boutique\/wp-json\/wp\/v2\/product_brand?post=2538"},{"taxonomy":"product_cat","embeddable":true,"href":"https:\/\/www.sorainstyles.com\/boutique\/wp-json\/wp\/v2\/product_cat?post=2538"},{"taxonomy":"product_tag","embeddable":true,"href":"https:\/\/www.sorainstyles.com\/boutique\/wp-json\/wp\/v2\/product_tag?post=2538"}],"curies":[{"name":"wp","href":"https:\/\/api.w.org\/{rel}","templated":true}]}}