{"id":2519,"date":"2021-12-07T18:39:35","date_gmt":"2021-12-07T17:39:35","guid":{"rendered":"https:\/\/www.sorainstyles.com\/boutique\/produit\/acid-drop-9908\/"},"modified":"2025-10-15T15:23:15","modified_gmt":"2025-10-15T13:23:15","slug":"acid-drop-9908","status":"publish","type":"product","link":"https:\/\/www.sorainstyles.com\/boutique\/produit\/acid-drop-9908\/","title":{"rendered":"Acid Drop 9908"},"content":{"rendered":"<h1 class=\"product-hero__title\">Archive Collection: Acid Drop &#8211; No. 9908 de chez Farrow &amp; Ball<\/h1>\n<h2>Une teinte citron vert vibrante<\/h2>\n<p>La teinte No.9908 &#8211; Acid Drop, comme son nom le laisse \u00e0 penser, est une teinte citronn\u00e9e lumineuse et \u00e9nergique. Cette teinte citron vert avec une touche de <a href=\"https:\/\/www.cotemaison.fr\/cuisine\/la-cuisine-jaune-tendance-et-dynamisante_13257.html\" target=\"_blank\" rel=\"noopener\">jaune<\/a> pour plus de chaleur capture la m\u00eame sensation acidul\u00e9e que le bonbon fortement acidul\u00e9 dont elle porte le nom, particuli\u00e8rement quand elle est associ\u00e9e \u00e0 la teinte tout aussi \u00e9clatante Charlotte&rsquo;s Locks.<\/p>\n<p>Primer &amp; Undercoat recommand\u00e9e: <a href=\"https:\/\/www.sorainstyles.com\/boutique\/categorie-produit\/appret-sous-couches\/mid-tones\/\" target=\"_blank\" rel=\"noopener\">Mid Tones<\/a><\/p>\n<p>Blanc compl\u00e9mentaire:\u00a0<a href=\"https:\/\/www.sorainstyles.com\/boutique\/produit\/wevet-273\/\" target=\"_blank\" rel=\"noopener\">Wevet<\/a><\/p>\n<h3>Exemples d\u2019harmonies de couleurs avec la teinte Acid Drop \u2013 No.9908<\/h3>\n<ul>\n<li>Charlotte&rsquo;s Locks No.268 &#8211; Serge No.9919<\/li>\n<\/ul>\n<h3>Information produit<\/h3>\n<h4>A base d\u2019eau et sans danger pour les enfants<\/h4>\n<p>En 2010, Farrow &amp; Ball a \u00e9t\u00e9 les premiers du secteur \u00e0 passer \u00e0 une gamme de finitions \u00e9labor\u00e9es enti\u00e8rement \u00e0 base d\u2019eau. En effet, ces finitions \u00e0 faible teneur en COV et pratiquement sans odeur sont faciles \u00e0 nettoyer sans recourir \u00e0 des solvants nocifs.<\/p>\n<h4>Finitions de qualit\u00e9<\/h4>\n<p>Tout d\u2019abord, chacune de nos couleurs est disponible dans une gamme de finitions de peinture d\u2019int\u00e9rieur et d\u2019ext\u00e9rieur. Ensuite, chaque finition est test\u00e9e de mani\u00e8re rigoureuse pour garantir un fini durable et une profondeur de couleur exceptionnelle. Enfin, pour obtenir les meilleurs r\u00e9sultats, nous recommandons toujours d\u2019utiliser une Impression &amp; Sous-couche Farrow &amp; Ball \u2013 voir plus haut pour trouver la tonalit\u00e9 de couleur exacte pour cette peinture.<\/p>\n","protected":false},"excerpt":{"rendered":"<h3>Une teinte citron vert vibrante<\/h3>\n<p>Comme son nom l\u2019indique, Acid Drop est une teinte citronn\u00e9e vive et \u00e9nergique. Cette couleur citron vert, rehauss\u00e9 d&rsquo;une touche de jaune pour plus de chaleur, \u00e9voque l&rsquo;acidit\u00e9 d&rsquo;un bonbon acidul\u00e9.<\/p>\n<p>Sous-couche recommand\u00e9e : <a href=\"https:\/\/www.sorainstyles.com\/boutique\/categorie-produit\/appret-sous-couches\/mid-tones\/\" target=\"_blank\" rel=\"noopener\">Mid Tones<\/a><\/p>\n","protected":false},"featured_media":14084,"template":"","meta":{"_acf_changed":false,"_et_pb_use_builder":"","_et_pb_old_content":"","_et_gb_content_width":""},"product_brand":[],"product_cat":[343,196,81,92],"product_tag":[660,659,661,366,362,350],"class_list":{"0":"post-2519","1":"product","2":"type-product","3":"status-publish","4":"has-post-thumbnail","6":"product_cat-archive","7":"product_cat-intense","8":"product_cat-peintures-de-finition","9":"product_cat-vert","10":"product_tag-660","11":"product_tag-acid-drop","12":"product_tag-couleu","13":"product_tag-farrowball","14":"product_tag-peinture","15":"product_tag-vert","17":"first","18":"instock","19":"purchasable","20":"product-type-variable"},"acf":[],"_links":{"self":[{"href":"https:\/\/www.sorainstyles.com\/boutique\/wp-json\/wp\/v2\/product\/2519","targetHints":{"allow":["GET"]}}],"collection":[{"href":"https:\/\/www.sorainstyles.com\/boutique\/wp-json\/wp\/v2\/product"}],"about":[{"href":"https:\/\/www.sorainstyles.com\/boutique\/wp-json\/wp\/v2\/types\/product"}],"wp:featuredmedia":[{"embeddable":true,"href":"https:\/\/www.sorainstyles.com\/boutique\/wp-json\/wp\/v2\/media\/14084"}],"wp:attachment":[{"href":"https:\/\/www.sorainstyles.com\/boutique\/wp-json\/wp\/v2\/media?parent=2519"}],"wp:term":[{"taxonomy":"product_brand","embeddable":true,"href":"https:\/\/www.sorainstyles.com\/boutique\/wp-json\/wp\/v2\/product_brand?post=2519"},{"taxonomy":"product_cat","embeddable":true,"href":"https:\/\/www.sorainstyles.com\/boutique\/wp-json\/wp\/v2\/product_cat?post=2519"},{"taxonomy":"product_tag","embeddable":true,"href":"https:\/\/www.sorainstyles.com\/boutique\/wp-json\/wp\/v2\/product_tag?post=2519"}],"curies":[{"name":"wp","href":"https:\/\/api.w.org\/{rel}","templated":true}]}}