{"id":2509,"date":"2021-12-07T18:39:24","date_gmt":"2021-12-07T17:39:24","guid":{"rendered":"https:\/\/www.sorainstyles.com\/boutique\/produit\/double-cream-9907\/"},"modified":"2025-10-07T13:53:10","modified_gmt":"2025-10-07T11:53:10","slug":"double-cream-9907","status":"publish","type":"product","link":"https:\/\/www.sorainstyles.com\/boutique\/produit\/double-cream-9907\/","title":{"rendered":"Double Cream 9907"},"content":{"rendered":"<h1 class=\"product-hero__title\">Archive Collection: Double Cream &#8211; No. 9907 de chez Farrow &amp; Ball<\/h1>\n<h2>Un cr\u00e8me chaud<\/h2>\n<p>Comme Single Cream, cette couleur a une base beaucoup plus chaude que notre classique Farrow&rsquo;s Cream. La teinte No.9907 &#8211; Double Cream est particuli\u00e8rement mise en valeur dans les pi\u00e8ces orient\u00e9es au <a href=\"https:\/\/www.cotemaison.fr\/inspirations\/diaporama\/dans-la-lumiere-du-nord_23078.html\" target=\"_blank\" rel=\"noopener\">nord<\/a>, o\u00f9 elle neutralise la lumi\u00e8re verte qu\u2019elle re\u00e7oit. Essayez-la avec la teinte plus claire Single Cream pour une palette pleine de subtilit\u00e9.<\/p>\n<p>Primer &amp; Undercoat recommand\u00e9e: <a href=\"https:\/\/www.sorainstyles.com\/boutique\/categorie-produit\/appret-sous-couches\/mid-tones\/\" target=\"_blank\" rel=\"noopener\">Mid Tones<\/a><\/p>\n<p>Blanc compl\u00e9mentaire:\u00a0<a href=\"https:\/\/www.sorainstyles.com\/boutique\/produit\/tallow-203-2\/\" target=\"_blank\" rel=\"noopener\">Tallow<\/a><\/p>\n<h3>Exemples d\u2019harmonies de couleurs avec la teinte Double Cream \u2013 No.9907<\/h3>\n<ul>\n<li>Single Cream No.9901 &#8211; Cola No.9918<\/li>\n<\/ul>\n<h3>Information produit<\/h3>\n<h4>A base d\u2019eau et sans danger pour les enfants<\/h4>\n<p>En 2010, Farrow &amp; Ball a \u00e9t\u00e9 les premiers du secteur \u00e0 passer \u00e0 une gamme de finitions \u00e9labor\u00e9es enti\u00e8rement \u00e0 base d\u2019eau. En effet, ces finitions \u00e0 faible teneur en COV et pratiquement sans odeur sont faciles \u00e0 nettoyer sans recourir \u00e0 des solvants nocifs.<\/p>\n<h4>Finitions de qualit\u00e9<\/h4>\n<p>Tout d\u2019abord, chacune de nos couleurs est disponible dans une gamme de finitions de peinture d\u2019int\u00e9rieur et d\u2019ext\u00e9rieur. Ensuite, chaque finition est test\u00e9e de mani\u00e8re rigoureuse pour garantir un fini durable et une profondeur de couleur exceptionnelle. Enfin, pour obtenir les meilleurs r\u00e9sultats, nous recommandons toujours d\u2019utiliser une Impression &amp; Sous-couche Farrow &amp; Ball \u2013 voir plus haut pour trouver la tonalit\u00e9 de couleur exacte pour cette peinture.<\/p>\n","protected":false},"excerpt":{"rendered":"<h3>Un cr\u00e8me chaud<\/h3>\n<p>Cette couleur, aux bases chaudes, se r\u00e9v\u00e8le particuli\u00e8rement mise en valeur dans les pi\u00e8ces orient\u00e9es au nord, o\u00f9 elle neutralise la lumi\u00e8re verte qu\u2019elle re\u00e7oit.<\/p>\n<p>Sous-couche recommand\u00e9e : <a href=\"https:\/\/www.sorainstyles.com\/boutique\/categorie-produit\/appret-sous-couches\/mid-tones\/\" target=\"_blank\" rel=\"noopener\">Mid Tones<\/a><\/p>\n","protected":false},"featured_media":14166,"template":"","meta":{"_acf_changed":false,"_et_pb_use_builder":"","_et_pb_old_content":"","_et_gb_content_width":""},"product_brand":[],"product_cat":[343,331,329,81],"product_tag":[663,406,662,371,366,362],"class_list":{"0":"post-2509","1":"product","2":"type-product","3":"status-publish","4":"has-post-thumbnail","6":"product_cat-archive","7":"product_cat-clair","8":"product_cat-neutre","9":"product_cat-peintures-de-finition","10":"product_tag-663","11":"product_tag-couleur","12":"product_tag-double-cream","13":"product_tag-farrow","14":"product_tag-farrowball","15":"product_tag-peinture","17":"first","18":"instock","19":"purchasable","20":"product-type-variable"},"acf":[],"_links":{"self":[{"href":"https:\/\/www.sorainstyles.com\/boutique\/wp-json\/wp\/v2\/product\/2509","targetHints":{"allow":["GET"]}}],"collection":[{"href":"https:\/\/www.sorainstyles.com\/boutique\/wp-json\/wp\/v2\/product"}],"about":[{"href":"https:\/\/www.sorainstyles.com\/boutique\/wp-json\/wp\/v2\/types\/product"}],"wp:featuredmedia":[{"embeddable":true,"href":"https:\/\/www.sorainstyles.com\/boutique\/wp-json\/wp\/v2\/media\/14166"}],"wp:attachment":[{"href":"https:\/\/www.sorainstyles.com\/boutique\/wp-json\/wp\/v2\/media?parent=2509"}],"wp:term":[{"taxonomy":"product_brand","embeddable":true,"href":"https:\/\/www.sorainstyles.com\/boutique\/wp-json\/wp\/v2\/product_brand?post=2509"},{"taxonomy":"product_cat","embeddable":true,"href":"https:\/\/www.sorainstyles.com\/boutique\/wp-json\/wp\/v2\/product_cat?post=2509"},{"taxonomy":"product_tag","embeddable":true,"href":"https:\/\/www.sorainstyles.com\/boutique\/wp-json\/wp\/v2\/product_tag?post=2509"}],"curies":[{"name":"wp","href":"https:\/\/api.w.org\/{rel}","templated":true}]}}