{"id":2506,"date":"2021-12-07T18:39:17","date_gmt":"2021-12-07T17:39:17","guid":{"rendered":"https:\/\/www.sorainstyles.com\/boutique\/produit\/potted-shrimp-9906\/"},"modified":"2025-10-15T11:54:33","modified_gmt":"2025-10-15T09:54:33","slug":"potted-shrimp-9906","status":"publish","type":"product","link":"https:\/\/www.sorainstyles.com\/boutique\/produit\/potted-shrimp-9906\/","title":{"rendered":"Potted Shrimp 9906"},"content":{"rendered":"<h1 class=\"product-hero__title\">Archive Collection: Potted Shrimp &#8211; No. 9906 de chez Farrow &amp; Ball<\/h1>\n<h2>Une couleur rose tendre traditionnelle<\/h2>\n<p>La teinte No.9906 &#8211; Potted Shrimp est un <a href=\"https:\/\/www.cotemaison.fr\/shopping-tendance\/diaporama\/du-rose-pour-une-atmosphere-fleur-bleue_19016.html\" target=\"_blank\" rel=\"noopener\">rose<\/a> doux et classique. Cette couleur est un soup\u00e7on moins \u00e9teinte que Setting Plaster. En effet, elle cr\u00e9e de suite une atmosph\u00e8re d\u00e9licieusement chaleureuse.<\/p>\n<p>Primer &amp; Undercoat recommand\u00e9e: <a href=\"https:\/\/www.sorainstyles.com\/boutique\/categorie-produit\/appret-sous-couches\/white-and-light-tones\/\" target=\"_blank\" rel=\"noopener\">White and Light Tones<\/a><\/p>\n<p>Blanc compl\u00e9mentaire:\u00a0<a href=\"https:\/\/www.farrow-ball.com\/fr\/fr\/couleurs\/dimity\" target=\"_blank\" rel=\"noopener\">Dimity<\/a><\/p>\n<h3>4 exemples d\u2019harmonies de couleurs avec la teinte Potted Shrimp \u2013 No.9906<\/h3>\n<ul>\n<li>Pink Ground No.202 &#8211; Cola No.9918<\/li>\n<li>Breakfast Room Green No.81 &#8211; Berrington Blue No.14<\/li>\n<li>De Nimes No.299 &#8211; Inchyra Blue No.289<\/li>\n<li>Oval Room Blue No.85 &#8211; Breakfast Room Green No.81<\/li>\n<\/ul>\n<h3>Information produit<\/h3>\n<h4>A base d\u2019eau et sans danger pour les enfants<\/h4>\n<p>En 2010, Farrow &amp; Ball a \u00e9t\u00e9 les premiers du secteur \u00e0 passer \u00e0 une gamme de finitions \u00e9labor\u00e9es enti\u00e8rement \u00e0 base d\u2019eau. En effet, ces finitions \u00e0 faible teneur en COV et pratiquement sans odeur sont faciles \u00e0 nettoyer sans recourir \u00e0 des solvants nocifs.<\/p>\n<h4>Finitions de qualit\u00e9<\/h4>\n<p>Tout d\u2019abord, chacune de nos couleurs est disponible dans une gamme de finitions de peinture d\u2019int\u00e9rieur et d\u2019ext\u00e9rieur. Ensuite, chaque finition est test\u00e9e de mani\u00e8re rigoureuse pour garantir un fini durable et une profondeur de couleur exceptionnelle. Enfin, pour obtenir les meilleurs r\u00e9sultats, nous recommandons toujours d\u2019utiliser une Impression &amp; Sous-couche Farrow &amp; Ball \u2013 voir plus haut pour trouver la tonalit\u00e9 de couleur exacte pour cette peinture.<\/p>\n","protected":false},"excerpt":{"rendered":"<h2>Une couleur rose tendre traditionnelle<\/h2>\n<p>Cette couleur, l\u00e9g\u00e8rement plus vibrante qu\u2019un rose classique, apporte une ambiance chaleureuse \u00e0 tous les espaces.<\/p>\n<p>Sous-couche recommand\u00e9e : <a href=\"https:\/\/www.sorainstyles.com\/boutique\/categorie-produit\/appret-sous-couches\/white-and-light-tones\/\" target=\"_blank\" rel=\"noopener\">White and Light Tones<\/a><\/p>\n","protected":false},"featured_media":14122,"template":"","meta":{"_acf_changed":false,"_et_pb_use_builder":"","_et_pb_old_content":"","_et_gb_content_width":""},"product_brand":[],"product_cat":[343,331,139,81,110],"product_tag":[665,406,371,366,362,664,351],"class_list":{"0":"post-2506","1":"product","2":"type-product","3":"status-publish","4":"has-post-thumbnail","6":"product_cat-archive","7":"product_cat-clair","8":"product_cat-liberty-collection","9":"product_cat-peintures-de-finition","10":"product_cat-rouge","11":"product_tag-665","12":"product_tag-couleur","13":"product_tag-farrow","14":"product_tag-farrowball","15":"product_tag-peinture","16":"product_tag-potted-shrimp","17":"product_tag-rouge","19":"first","20":"instock","21":"taxable","22":"shipping-taxable","23":"purchasable","24":"product-type-variable"},"acf":[],"_links":{"self":[{"href":"https:\/\/www.sorainstyles.com\/boutique\/wp-json\/wp\/v2\/product\/2506","targetHints":{"allow":["GET"]}}],"collection":[{"href":"https:\/\/www.sorainstyles.com\/boutique\/wp-json\/wp\/v2\/product"}],"about":[{"href":"https:\/\/www.sorainstyles.com\/boutique\/wp-json\/wp\/v2\/types\/product"}],"wp:featuredmedia":[{"embeddable":true,"href":"https:\/\/www.sorainstyles.com\/boutique\/wp-json\/wp\/v2\/media\/14122"}],"wp:attachment":[{"href":"https:\/\/www.sorainstyles.com\/boutique\/wp-json\/wp\/v2\/media?parent=2506"}],"wp:term":[{"taxonomy":"product_brand","embeddable":true,"href":"https:\/\/www.sorainstyles.com\/boutique\/wp-json\/wp\/v2\/product_brand?post=2506"},{"taxonomy":"product_cat","embeddable":true,"href":"https:\/\/www.sorainstyles.com\/boutique\/wp-json\/wp\/v2\/product_cat?post=2506"},{"taxonomy":"product_tag","embeddable":true,"href":"https:\/\/www.sorainstyles.com\/boutique\/wp-json\/wp\/v2\/product_tag?post=2506"}],"curies":[{"name":"wp","href":"https:\/\/api.w.org\/{rel}","templated":true}]}}