{"id":2500,"date":"2021-12-07T18:39:11","date_gmt":"2021-12-07T17:39:11","guid":{"rendered":"https:\/\/www.sorainstyles.com\/boutique\/produit\/bombazine-9902\/"},"modified":"2025-09-18T14:51:55","modified_gmt":"2025-09-18T12:51:55","slug":"bombazine-9902","status":"publish","type":"product","link":"https:\/\/www.sorainstyles.com\/boutique\/produit\/bombazine-9902\/","title":{"rendered":"Bombazine 9902"},"content":{"rendered":"<h1 class=\"product-hero__title\">Archive Collection: Bombazine &#8211; No. 9902 de chez Farrow &amp; Ball<\/h1>\n<h2>Quelque part entre le cr\u00e8me et le jaune<\/h2>\n<p>La teinte No.9902 &#8211; Bombazine est plus <a href=\"https:\/\/www.cotemaison.fr\/peintures-carrelages-papier-peint\/diaporama\/peinture-jaune-moutarde-pale-fluo_21319.html\" target=\"_blank\" rel=\"noopener\">jaune<\/a> que Farrow&rsquo;s Cream, mais moins rouge que Ringwold Ground. Elle tire son nom d\u2019un tissu serg\u00e9 en laine peign\u00e9e et en soie utilis\u00e9 pour les robes.<\/p>\n<p>Primer &amp; Undercoat recommand\u00e9e: <a href=\"https:\/\/www.sorainstyles.com\/boutique\/categorie-produit\/appret-sous-couches\/mid-tones\/\" target=\"_blank\" rel=\"noopener\">Mid Tones<\/a><\/p>\n<p>Blanc compl\u00e9mentaire:\u00a0<a href=\"https:\/\/www.sorainstyles.com\/boutique\/produit\/new-white-59\/\" target=\"_blank\" rel=\"noopener\">New White<\/a><\/p>\n<h3>Exemple d\u2019harmonie de couleurs avec la teinte Bombazine \u2013 No.9902<\/h3>\n<ul>\n<li>Cooking Apple Green No.32 &#8211; Sudbury Yellow No.51<\/li>\n<\/ul>\n<h3>Information produit<\/h3>\n<h4>A base d\u2019eau et sans danger pour les enfants<\/h4>\n<p>En 2010, Farrow &amp; Ball a \u00e9t\u00e9 les premiers du secteur \u00e0 passer \u00e0 une gamme de finitions \u00e9labor\u00e9es enti\u00e8rement \u00e0 base d\u2019eau. En effet, ces finitions \u00e0 faible teneur en COV et pratiquement sans odeur sont faciles \u00e0 nettoyer sans recourir \u00e0 des solvants nocifs.<\/p>\n<h4>Finitions de qualit\u00e9<\/h4>\n<p>Tout d\u2019abord, chacune de nos couleurs est disponible dans une gamme de finitions de peinture d\u2019int\u00e9rieur et d\u2019ext\u00e9rieur. Ensuite, chaque finition est test\u00e9e de mani\u00e8re rigoureuse pour garantir un fini durable et une profondeur de couleur exceptionnelle. Enfin, pour obtenir les meilleurs r\u00e9sultats, nous recommandons toujours d\u2019utiliser une Impression &amp; Sous-couche Farrow &amp; Ball \u2013 voir plus haut pour trouver la tonalit\u00e9 de couleur exacte pour cette peinture.<\/p>\n","protected":false},"excerpt":{"rendered":"<h3>Quelque part entre le cr\u00e8me et le jaune<\/h3>\n<p>Cette couleur jaune, avec de subtils sous-tons rouges, est particuli\u00e8rement \u00e9l\u00e9gante pour les murs d&rsquo;une salle \u00e0 manger ou d&rsquo;un salon, par exemple.<\/p>\n<p>Sous-couche recommand\u00e9e : <a href=\"https:\/\/www.sorainstyles.com\/boutique\/categorie-produit\/appret-sous-couches\/mid-tones\/\" target=\"_blank\" rel=\"noopener\">Mid Tones<\/a><\/p>\n","protected":false},"featured_media":14101,"template":"","meta":{"_acf_changed":false,"_et_pb_use_builder":"","_et_pb_old_content":"","_et_gb_content_width":""},"product_brand":[],"product_cat":[343,331,339,81],"product_tag":[669,668,406,371,366,328,362],"class_list":{"0":"post-2500","1":"product","2":"type-product","3":"status-publish","4":"has-post-thumbnail","6":"product_cat-archive","7":"product_cat-clair","8":"product_cat-jaune","9":"product_cat-peintures-de-finition","10":"product_tag-669","11":"product_tag-bombazine","12":"product_tag-couleur","13":"product_tag-farrow","14":"product_tag-farrowball","15":"product_tag-jaune","16":"product_tag-peinture","18":"first","19":"instock","20":"taxable","21":"shipping-taxable","22":"purchasable","23":"product-type-variable"},"acf":[],"_links":{"self":[{"href":"https:\/\/www.sorainstyles.com\/boutique\/wp-json\/wp\/v2\/product\/2500","targetHints":{"allow":["GET"]}}],"collection":[{"href":"https:\/\/www.sorainstyles.com\/boutique\/wp-json\/wp\/v2\/product"}],"about":[{"href":"https:\/\/www.sorainstyles.com\/boutique\/wp-json\/wp\/v2\/types\/product"}],"wp:featuredmedia":[{"embeddable":true,"href":"https:\/\/www.sorainstyles.com\/boutique\/wp-json\/wp\/v2\/media\/14101"}],"wp:attachment":[{"href":"https:\/\/www.sorainstyles.com\/boutique\/wp-json\/wp\/v2\/media?parent=2500"}],"wp:term":[{"taxonomy":"product_brand","embeddable":true,"href":"https:\/\/www.sorainstyles.com\/boutique\/wp-json\/wp\/v2\/product_brand?post=2500"},{"taxonomy":"product_cat","embeddable":true,"href":"https:\/\/www.sorainstyles.com\/boutique\/wp-json\/wp\/v2\/product_cat?post=2500"},{"taxonomy":"product_tag","embeddable":true,"href":"https:\/\/www.sorainstyles.com\/boutique\/wp-json\/wp\/v2\/product_tag?post=2500"}],"curies":[{"name":"wp","href":"https:\/\/api.w.org\/{rel}","templated":true}]}}