{"id":2466,"date":"2021-12-07T18:37:57","date_gmt":"2021-12-07T17:37:57","guid":{"rendered":"https:\/\/www.sorainstyles.com\/boutique\/produit\/bay-area-blue-9815\/"},"modified":"2025-10-02T11:26:47","modified_gmt":"2025-10-02T09:26:47","slug":"bay-area-blue-9815","status":"publish","type":"product","link":"https:\/\/www.sorainstyles.com\/boutique\/produit\/bay-area-blue-9815\/","title":{"rendered":"Bay Area Blue 9815"},"content":{"rendered":"<h1 class=\"product-hero__title\">Archive Collection: Bay Area Blue &#8211; No. 9815 de chez Farrow &amp; Ball<\/h1>\n<h2>Un bleu dense et lumineux<\/h2>\n<p>La teinte No.9815 &#8211; Bay Area Blue est plus intense que Lulworth Blue, son \u00e9quivalent britannique. En effet, c\u2019est une couleur qui s\u2019inspire des eaux bleues scintillantes de la r\u00e9gion de la baie de <a href=\"https:\/\/blogs.cotemaison.fr\/archiboom\/2012\/05\/23\/splendide-villa-san-spirito-en-croatie\/\" target=\"_blank\" rel=\"noopener\">San Francisco<\/a>.<\/p>\n<p>Primer &amp; Undercoat recommand\u00e9e: <a href=\"https:\/\/www.sorainstyles.com\/boutique\/categorie-produit\/appret-sous-couches\/dark-tones\/\" target=\"_blank\" rel=\"noopener\">Dark Tones<\/a><\/p>\n<p>Blanc compl\u00e9mentaire:\u00a0<a href=\"https:\/\/www.sorainstyles.com\/boutique\/produit\/shadow-white-282\/\" target=\"_blank\" rel=\"noopener\">Shadow White<\/a><\/p>\n<h3>Exemple d&rsquo;harmonies de couleurs avec la teinte Bay Area Blue<\/h3>\n<ul>\n<li>Inchyra Blue No.289 &#8211; Preference Red No.297<\/li>\n<\/ul>\n<h3>Information produit<\/h3>\n<h4>A base d&rsquo;eau et sans danger pour les enfants<\/h4>\n<p>En 2010, Farrow &amp; Ball a \u00e9t\u00e9 les premiers du secteur \u00e0 passer \u00e0 une gamme de finitions \u00e9labor\u00e9es enti\u00e8rement \u00e0 base d\u2019eau. D&rsquo;ailleurs, ces finitions \u00e0 faible teneur en COV et pratiquement sans odeur sont faciles \u00e0 nettoyer sans recourir \u00e0 des solvants nocifs.<\/p>\n<h4>Finitions de qualit\u00e9<\/h4>\n<p>Tout d&rsquo;abord, chacune de nos couleurs est disponible dans une gamme de finitions de peinture d\u2019int\u00e9rieur et d\u2019ext\u00e9rieur. Ensuite, chaque finition est test\u00e9e de mani\u00e8re rigoureuse pour garantir un fini durable et une profondeur de couleur exceptionnelle. Par ailleurs, pour obtenir les meilleurs r\u00e9sultats, nous recommandons toujours d\u2019utiliser une Impression &amp; Sous-couche Farrow &amp; Ball &#8211; voir plus haut pour trouver la tonalit\u00e9 de couleur exacte pour cette peinture.<\/p>\n","protected":false},"excerpt":{"rendered":"<h3>Un bleu dense et lumineux<\/h3>\n<p>Bay Area Blue est est un bleu profond qui s\u2019inspire des eaux bleues scintillantes de la r\u00e9gion de la baie de San Francisco.<\/p>\n<p>Sous-couche recommand\u00e9e : <a href=\"https:\/\/www.sorainstyles.com\/boutique\/categorie-produit\/appret-sous-couches\/dark-tones\/\" target=\"_blank\" rel=\"noopener\">Dark Tones<\/a><\/p>\n","protected":false},"featured_media":14055,"template":"","meta":{"_acf_changed":false,"_et_pb_use_builder":"","_et_pb_old_content":"","_et_gb_content_width":""},"product_brand":[],"product_cat":[343,330,98,81],"product_tag":[681,680,399,406,371,366,362],"class_list":{"0":"post-2466","1":"product","2":"type-product","3":"status-publish","4":"has-post-thumbnail","6":"product_cat-archive","7":"product_cat-bleu","8":"product_cat-moyen","9":"product_cat-peintures-de-finition","10":"product_tag-681","11":"product_tag-bay-area-blue","12":"product_tag-bleu","13":"product_tag-couleur","14":"product_tag-farrow","15":"product_tag-farrowball","16":"product_tag-peinture","18":"first","19":"instock","20":"taxable","21":"shipping-taxable","22":"purchasable","23":"product-type-variable"},"acf":[],"_links":{"self":[{"href":"https:\/\/www.sorainstyles.com\/boutique\/wp-json\/wp\/v2\/product\/2466","targetHints":{"allow":["GET"]}}],"collection":[{"href":"https:\/\/www.sorainstyles.com\/boutique\/wp-json\/wp\/v2\/product"}],"about":[{"href":"https:\/\/www.sorainstyles.com\/boutique\/wp-json\/wp\/v2\/types\/product"}],"wp:featuredmedia":[{"embeddable":true,"href":"https:\/\/www.sorainstyles.com\/boutique\/wp-json\/wp\/v2\/media\/14055"}],"wp:attachment":[{"href":"https:\/\/www.sorainstyles.com\/boutique\/wp-json\/wp\/v2\/media?parent=2466"}],"wp:term":[{"taxonomy":"product_brand","embeddable":true,"href":"https:\/\/www.sorainstyles.com\/boutique\/wp-json\/wp\/v2\/product_brand?post=2466"},{"taxonomy":"product_cat","embeddable":true,"href":"https:\/\/www.sorainstyles.com\/boutique\/wp-json\/wp\/v2\/product_cat?post=2466"},{"taxonomy":"product_tag","embeddable":true,"href":"https:\/\/www.sorainstyles.com\/boutique\/wp-json\/wp\/v2\/product_tag?post=2466"}],"curies":[{"name":"wp","href":"https:\/\/api.w.org\/{rel}","templated":true}]}}