{"id":2448,"date":"2021-12-07T18:37:18","date_gmt":"2021-12-07T17:37:18","guid":{"rendered":"https:\/\/www.sorainstyles.com\/boutique\/produit\/blooth-pink-9806-2\/"},"modified":"2025-10-15T12:04:08","modified_gmt":"2025-10-15T10:04:08","slug":"blooth-pink-9806-2","status":"publish","type":"product","link":"https:\/\/www.sorainstyles.com\/boutique\/produit\/blooth-pink-9806-2\/","title":{"rendered":"Blooth Pink 9806"},"content":{"rendered":"<h1 class=\"product-hero__title\">Archive Collection : Blooth Pink No.9806 de chez Farrow &amp; Ball<\/h1>\n<h2>Un joli rose tendre<\/h2>\n<p>Avec son nom \u00e9vocateur venant d\u2019un mot du dialecte du Dorset signifiant \u00ab floraison \u00bb, la teinte No.9806 &#8211; Blooth Pink est aussi joli que les <a href=\"https:\/\/www.cotemaison.fr\/shopping-tendance\/diaporama\/decoration-de-la-maison-motif-a-fleur-de-deco_11854.html\" target=\"_blank\" rel=\"noopener\">fleurs<\/a> qui l\u2019ont inspir\u00e9. Cette couleur est une interpr\u00e9tation plus orang\u00e9e de Nancy&rsquo;s Blushes.<\/p>\n<p>Primer &amp; Undercoat recommand\u00e9e: <a href=\"https:\/\/www.sorainstyles.com\/boutique\/categorie-produit\/appret-sous-couches\/white-and-light-tones\/\" target=\"_blank\" rel=\"noopener\">White and Light Tones<\/a><\/p>\n<p>Blanc compl\u00e9mentaire:\u00a0<a href=\"https:\/\/www.sorainstyles.com\/boutique\/produit\/dimity-2008\/\" target=\"_blank\" rel=\"noopener\">Dimity<\/a><\/p>\n<h3>Exemple d&rsquo;harmonies de couleurs avec la teinte Blooth Pink No.9806<\/h3>\n<ul>\n<li>Charleston Gray No.243 &#8211; Yeabridge Green No.287<\/li>\n<\/ul>\n<h3>Information produit<\/h3>\n<h4>A base d&rsquo;eau et sans danger pour les enfants<\/h4>\n<p>En 2010, Farrow &amp; Ball a \u00e9t\u00e9 les premiers du secteur \u00e0 passer \u00e0 une gamme de finitions \u00e9labor\u00e9es enti\u00e8rement \u00e0 base d\u2019eau. D&rsquo;ailleurs, ces finitions \u00e0 faible teneur en COV et pratiquement sans odeur sont faciles \u00e0 nettoyer sans recourir \u00e0 des solvants nocifs.<\/p>\n<h4>Finitions de qualit\u00e9<\/h4>\n<p>Tout d&rsquo;abord, chacune de nos couleurs est disponible dans une gamme de finitions de peinture d\u2019int\u00e9rieur et d\u2019ext\u00e9rieur. Ensuite, chaque finition est test\u00e9e de mani\u00e8re rigoureuse pour garantir un fini durable et une profondeur de couleur exceptionnelle. Par ailleurs, pour obtenir les meilleurs r\u00e9sultats, nous recommandons toujours d\u2019utiliser une Impression &amp; Sous-couche Farrow &amp; Ball &#8211; voir plus haut pour trouver la tonalit\u00e9 de couleur exacte pour cette peinture.<\/p>\n","protected":false},"excerpt":{"rendered":"<h3>Un joli rose tendre<\/h3>\n<p>Cette couleur est un rose lumineux avec des sous-tons orang\u00e9s. C\u2019est une tr\u00e8s jolie couleur \u00e0 appliquer dans un salon ou dans une chambre.<\/p>\n<p>Sous-couche recommand\u00e9e : <a href=\"https:\/\/www.sorainstyles.com\/boutique\/categorie-produit\/appret-sous-couches\/white-and-light-tones\/\" target=\"_blank\" rel=\"noopener\">White and Light Tones<\/a><\/p>\n","protected":false},"featured_media":14137,"template":"","meta":{"_acf_changed":false,"_et_pb_use_builder":"","_et_pb_old_content":"","_et_gb_content_width":""},"product_brand":[],"product_cat":[343,331,81,110],"product_tag":[351],"class_list":{"0":"post-2448","1":"product","2":"type-product","3":"status-publish","4":"has-post-thumbnail","6":"product_cat-archive","7":"product_cat-clair","8":"product_cat-peintures-de-finition","9":"product_cat-rouge","10":"product_tag-rouge","12":"first","13":"instock","14":"taxable","15":"shipping-taxable","16":"purchasable","17":"product-type-variable"},"acf":[],"_links":{"self":[{"href":"https:\/\/www.sorainstyles.com\/boutique\/wp-json\/wp\/v2\/product\/2448","targetHints":{"allow":["GET"]}}],"collection":[{"href":"https:\/\/www.sorainstyles.com\/boutique\/wp-json\/wp\/v2\/product"}],"about":[{"href":"https:\/\/www.sorainstyles.com\/boutique\/wp-json\/wp\/v2\/types\/product"}],"wp:featuredmedia":[{"embeddable":true,"href":"https:\/\/www.sorainstyles.com\/boutique\/wp-json\/wp\/v2\/media\/14137"}],"wp:attachment":[{"href":"https:\/\/www.sorainstyles.com\/boutique\/wp-json\/wp\/v2\/media?parent=2448"}],"wp:term":[{"taxonomy":"product_brand","embeddable":true,"href":"https:\/\/www.sorainstyles.com\/boutique\/wp-json\/wp\/v2\/product_brand?post=2448"},{"taxonomy":"product_cat","embeddable":true,"href":"https:\/\/www.sorainstyles.com\/boutique\/wp-json\/wp\/v2\/product_cat?post=2448"},{"taxonomy":"product_tag","embeddable":true,"href":"https:\/\/www.sorainstyles.com\/boutique\/wp-json\/wp\/v2\/product_tag?post=2448"}],"curies":[{"name":"wp","href":"https:\/\/api.w.org\/{rel}","templated":true}]}}