{"id":2434,"date":"2021-12-07T18:36:45","date_gmt":"2021-12-07T17:36:45","guid":{"rendered":"https:\/\/www.sorainstyles.com\/boutique\/produit\/ancona-blue-9805\/"},"modified":"2025-10-02T12:27:26","modified_gmt":"2025-10-02T10:27:26","slug":"ancona-blue-9805","status":"publish","type":"product","link":"https:\/\/www.sorainstyles.com\/boutique\/produit\/ancona-blue-9805\/","title":{"rendered":"Ancona Blue 9805"},"content":{"rendered":"<h1 class=\"product-hero__title\">Archive Collection: Ancona Blue No.9805 de chez Farrow &amp; Ball<\/h1>\n<h2>Un bleu-vert p\u00e2le<\/h2>\n<p>Tout le monde a une interpr\u00e9tation diff\u00e9rente du <a href=\"https:\/\/www.cotemaison.fr\/shopping-tendance\/diaporama\/deco-couleur-bleu-et-vert-bord-de-mer-nature-et-exotisme_22295.html\" target=\"_blank\" rel=\"noopener\">bleu-vert<\/a> p\u00e2le &#8211; voici la n\u00f4tre. La teinte No.9805 &#8211; Ancona Blue a \u00e9t\u00e9 inspir\u00e9e de la couleur d\u00e9licate des \u0153ufs de l\u2019Anc\u00f4ne, un canard domestique.<\/p>\n<p>Primer &amp; Undercoat recommand\u00e9e: <a href=\"https:\/\/www.sorainstyles.com\/boutique\/categorie-produit\/appret-sous-couches\/dark-tones\/\" target=\"_blank\" rel=\"noopener\">Dark Tones<\/a><\/p>\n<p>Blanc compl\u00e9mentaire:\u00a0<a href=\"https:\/\/www.sorainstyles.com\/boutique\/produit\/school-house-white-291\/\" target=\"_blank\" rel=\"noopener\">School House White<\/a><\/p>\n<h3>Exemple d&rsquo;harmonie de couleurs avec la teinte Ancona Blue No.9805<\/h3>\n<ul>\n<li>Teresa&rsquo;s Green No.236 &#8211; Inchyra Blue No.289<\/li>\n<\/ul>\n<h3>Information produit<\/h3>\n<h4>A base d&rsquo;eau et sans danger pour les enfants<\/h4>\n<p>En 2010, Farrow &amp; Ball a \u00e9t\u00e9 les premiers du secteur \u00e0 passer \u00e0 une gamme de finitions \u00e9labor\u00e9es enti\u00e8rement \u00e0 base d\u2019eau. D&rsquo;ailleurs, ces finitions \u00e0 faible teneur en COV et pratiquement sans odeur sont faciles \u00e0 nettoyer sans recourir \u00e0 des solvants nocifs.<\/p>\n<h4>Finitions de qualit\u00e9<\/h4>\n<p>Tout d&rsquo;abord, chacune de nos couleurs est disponible dans une gamme de finitions de peinture d\u2019int\u00e9rieur et d\u2019ext\u00e9rieur. Ensuite, chaque finition est test\u00e9e de mani\u00e8re rigoureuse pour garantir un fini durable et une profondeur de couleur exceptionnelle. Par ailleurs, pour obtenir les meilleurs r\u00e9sultats, nous recommandons toujours d\u2019utiliser une Impression &amp; Sous-couche Farrow &amp; Ball &#8211; voir plus haut pour trouver la tonalit\u00e9 de couleur exacte pour cette peinture.<\/p>\n","protected":false},"excerpt":{"rendered":"<h3>Un bleu-vert p\u00e2le<\/h3>\n<p>Cette couleur est la d\u00e9finition parfaite du bleu-vert p\u00e2le. Cette teinte d\u00e9licate et lumineuse s\u2019adapte aussi bien aux espaces lumineux qu&rsquo;\u00e0 ceux plus sombres.<\/p>\n<p>Sous-couche recommand\u00e9e : <a href=\"https:\/\/www.sorainstyles.com\/boutique\/categorie-produit\/appret-sous-couches\/dark-tones\/\" target=\"_blank\" rel=\"noopener\">Dark Tones<\/a><\/p>\n","protected":false},"featured_media":14067,"template":"","meta":{"_acf_changed":false,"_et_pb_use_builder":"","_et_pb_old_content":"","_et_gb_content_width":""},"product_brand":[],"product_cat":[343,330,331,81],"product_tag":[691,690,406,371,366,362],"class_list":{"0":"post-2434","1":"product","2":"type-product","3":"status-publish","4":"has-post-thumbnail","6":"product_cat-archive","7":"product_cat-bleu","8":"product_cat-clair","9":"product_cat-peintures-de-finition","10":"product_tag-691","11":"product_tag-ancona-blue","12":"product_tag-couleur","13":"product_tag-farrow","14":"product_tag-farrowball","15":"product_tag-peinture","17":"first","18":"instock","19":"purchasable","20":"product-type-variable"},"acf":[],"_links":{"self":[{"href":"https:\/\/www.sorainstyles.com\/boutique\/wp-json\/wp\/v2\/product\/2434","targetHints":{"allow":["GET"]}}],"collection":[{"href":"https:\/\/www.sorainstyles.com\/boutique\/wp-json\/wp\/v2\/product"}],"about":[{"href":"https:\/\/www.sorainstyles.com\/boutique\/wp-json\/wp\/v2\/types\/product"}],"wp:featuredmedia":[{"embeddable":true,"href":"https:\/\/www.sorainstyles.com\/boutique\/wp-json\/wp\/v2\/media\/14067"}],"wp:attachment":[{"href":"https:\/\/www.sorainstyles.com\/boutique\/wp-json\/wp\/v2\/media?parent=2434"}],"wp:term":[{"taxonomy":"product_brand","embeddable":true,"href":"https:\/\/www.sorainstyles.com\/boutique\/wp-json\/wp\/v2\/product_brand?post=2434"},{"taxonomy":"product_cat","embeddable":true,"href":"https:\/\/www.sorainstyles.com\/boutique\/wp-json\/wp\/v2\/product_cat?post=2434"},{"taxonomy":"product_tag","embeddable":true,"href":"https:\/\/www.sorainstyles.com\/boutique\/wp-json\/wp\/v2\/product_tag?post=2434"}],"curies":[{"name":"wp","href":"https:\/\/api.w.org\/{rel}","templated":true}]}}