{"id":2428,"date":"2021-12-07T18:36:32","date_gmt":"2021-12-07T17:36:32","guid":{"rendered":"https:\/\/www.sorainstyles.com\/boutique\/produit\/butterweed-9802\/"},"modified":"2025-09-18T14:56:28","modified_gmt":"2025-09-18T12:56:28","slug":"butterweed-9802","status":"publish","type":"product","link":"https:\/\/www.sorainstyles.com\/boutique\/produit\/butterweed-9802\/","title":{"rendered":"Butterweed 9802"},"content":{"rendered":"<h1 class=\"product-hero__title\">Archive Collection : Butterweed No.9802 de chez Farrow &amp; Ball<\/h1>\n<h2>Un jaune clair et plein de vie<\/h2>\n<p>La teinte No.9802 &#8211; Butterweed est un jaune vivifiant. Cette couleur est parfaite pour les<a href=\"https:\/\/www.cotemaison.fr\/chambre-et-bureau\/chambre-de-bebe-12-jolies-photos-pour-s-inspirer_17406.html\" target=\"_blank\" rel=\"noopener\"> chambres de b\u00e9b\u00e9s<\/a>. Il reprend la couleur des fleurs auxquelles il doit son nom, qui fleurit les champs en jach\u00e8re et les bords des routes au printemps.<\/p>\n<p>Primer &amp; Undercoat recommand\u00e9e: <a href=\"https:\/\/www.sorainstyles.com\/boutique\/categorie-produit\/appret-sous-couches\/white-and-light-tones\/\" target=\"_blank\" rel=\"noopener\">White and Light Tones<\/a><\/p>\n<p>Blanc compl\u00e9mentaire:\u00a0<a href=\"https:\/\/www.sorainstyles.com\/boutique\/produit\/pointing-2003\/\" target=\"_blank\" rel=\"noopener\">Pointing<\/a><\/p>\n<h3>Exemple d&rsquo;harmonies de couleurs avec la teinte Butterweed No.9802<\/h3>\n<ul>\n<li>Blue Ground No.210 &#8211; Danish Lawn No.9817<\/li>\n<\/ul>\n<h3>Information produit<\/h3>\n<h4>A base d&rsquo;eau et sans danger pour les enfants<\/h4>\n<p>En 2010, Farrow &amp; Ball a \u00e9t\u00e9 les premiers du secteur \u00e0 passer \u00e0 une gamme de finitions \u00e9labor\u00e9es enti\u00e8rement \u00e0 base d\u2019eau. D&rsquo;ailleurs, ces finitions \u00e0 faible teneur en COV et pratiquement sans odeur sont faciles \u00e0 nettoyer sans recourir \u00e0 des solvants nocifs.<\/p>\n<h4>Finitions de qualit\u00e9<\/h4>\n<p>Tout d&rsquo;abord, chacune de nos couleurs est disponible dans une gamme de finitions de peinture d\u2019int\u00e9rieur et d\u2019ext\u00e9rieur. Ensuite, chaque finition est test\u00e9e de mani\u00e8re rigoureuse pour garantir un fini durable et une profondeur de couleur exceptionnelle. Par ailleurs, pour obtenir les meilleurs r\u00e9sultats, nous recommandons toujours d\u2019utiliser une Impression &amp; Sous-couche Farrow &amp; Ball &#8211; voir plus haut pour trouver la tonalit\u00e9 de couleur exacte pour cette peinture.<\/p>\n","protected":false},"excerpt":{"rendered":"<h3>Un jaune clair et plein de vie<\/h3>\n<p>Butterweed est un jaune vivifiant, parfait pour les chambres de b\u00e9b\u00e9s. Il reprend la couleur des fleurs auxquelles il doit son nom, qui fleurit les champs en jach\u00e8re et les bords des routes au printemps.<\/p>\n<p>Sous-couche recommand\u00e9e : <a href=\"https:\/\/www.sorainstyles.com\/boutique\/categorie-produit\/appret-sous-couches\/white-and-light-tones\/\" target=\"_blank\" rel=\"noopener\">White and Light Tones<\/a><\/p>\n","protected":false},"featured_media":14099,"template":"","meta":{"_acf_changed":false,"_et_pb_use_builder":"","_et_pb_old_content":"","_et_gb_content_width":""},"product_brand":[],"product_cat":[343,331,339,81],"product_tag":[693,692,406,371,366,328,362],"class_list":{"0":"post-2428","1":"product","2":"type-product","3":"status-publish","4":"has-post-thumbnail","6":"product_cat-archive","7":"product_cat-clair","8":"product_cat-jaune","9":"product_cat-peintures-de-finition","10":"product_tag-693","11":"product_tag-butterweed","12":"product_tag-couleur","13":"product_tag-farrow","14":"product_tag-farrowball","15":"product_tag-jaune","16":"product_tag-peinture","18":"first","19":"instock","20":"taxable","21":"shipping-taxable","22":"purchasable","23":"product-type-variable"},"acf":[],"_links":{"self":[{"href":"https:\/\/www.sorainstyles.com\/boutique\/wp-json\/wp\/v2\/product\/2428","targetHints":{"allow":["GET"]}}],"collection":[{"href":"https:\/\/www.sorainstyles.com\/boutique\/wp-json\/wp\/v2\/product"}],"about":[{"href":"https:\/\/www.sorainstyles.com\/boutique\/wp-json\/wp\/v2\/types\/product"}],"wp:featuredmedia":[{"embeddable":true,"href":"https:\/\/www.sorainstyles.com\/boutique\/wp-json\/wp\/v2\/media\/14099"}],"wp:attachment":[{"href":"https:\/\/www.sorainstyles.com\/boutique\/wp-json\/wp\/v2\/media?parent=2428"}],"wp:term":[{"taxonomy":"product_brand","embeddable":true,"href":"https:\/\/www.sorainstyles.com\/boutique\/wp-json\/wp\/v2\/product_brand?post=2428"},{"taxonomy":"product_cat","embeddable":true,"href":"https:\/\/www.sorainstyles.com\/boutique\/wp-json\/wp\/v2\/product_cat?post=2428"},{"taxonomy":"product_tag","embeddable":true,"href":"https:\/\/www.sorainstyles.com\/boutique\/wp-json\/wp\/v2\/product_tag?post=2428"}],"curies":[{"name":"wp","href":"https:\/\/api.w.org\/{rel}","templated":true}]}}