{"id":2424,"date":"2021-12-07T18:36:30","date_gmt":"2021-12-07T17:36:30","guid":{"rendered":"https:\/\/www.sorainstyles.com\/boutique\/produit\/pink-cup-9801\/"},"modified":"2025-10-15T12:10:35","modified_gmt":"2025-10-15T10:10:35","slug":"pink-cup-9801","status":"publish","type":"product","link":"https:\/\/www.sorainstyles.com\/boutique\/produit\/pink-cup-9801\/","title":{"rendered":"Pink Cup 9801"},"content":{"rendered":"<h1 class=\"product-hero__title\">Archive Collection : Pink Cup &#8211; No. 9801 de chez Farrow &amp; Ball<\/h1>\n<h2>Un d\u00e9licat rose p\u00eache<\/h2>\n<p>Inspir\u00e9e par le fameux cocktail de fruits de l\u2019\u00e9t\u00e9 du m\u00eame nom, la teinte No.9801 &#8211; Pink Cup a une qualit\u00e9 lumineuse qui cr\u00e9e des <a href=\"https:\/\/www.cotemaison.fr\/salle-a-manger-salon\/diaporama\/13-diy-deco-pour-le-salon_34434.html\" target=\"_blank\" rel=\"noopener\">pi\u00e8ces<\/a> chaleureuses et pleines de charme.<\/p>\n<p>Primer &amp; Undercoat recommand\u00e9e:\u00a0<a href=\"https:\/\/www.sorainstyles.com\/boutique\/appret-sous-couches\/\" target=\"_blank\" rel=\"noopener\">Mid Tones<\/a><\/p>\n<p>Blanc compl\u00e9mentaire:\u00a0<a href=\"https:\/\/www.sorainstyles.com\/boutique\/produit\/pointing-2003\/\" target=\"_blank\" rel=\"noopener\">Pointing<\/a><\/p>\n<h3>Exemple d&rsquo;harmonies de couleurs avec la teinte Pink Cup &#8211; No.9801<\/h3>\n<ul>\n<li>Breakfast Room Green No.81 &#8211; Shaded White No.201<\/li>\n<\/ul>\n<h3>Information produit<\/h3>\n<h4>A base d&rsquo;eau et sans danger pour les enfants<\/h4>\n<p>En 2010, Farrow &amp; Ball a \u00e9t\u00e9 les premiers du secteur \u00e0 passer \u00e0 une gamme de finitions \u00e9labor\u00e9es enti\u00e8rement \u00e0 base d\u2019eau. D&rsquo;ailleurs, ces finitions \u00e0 faible teneur en COV et pratiquement sans odeur sont faciles \u00e0 nettoyer sans recourir \u00e0 des solvants nocifs.<\/p>\n<h4>Finitions de qualit\u00e9<\/h4>\n<p>Tout d&rsquo;abord, chacune de nos couleurs est disponible dans une gamme de finitions de peinture d\u2019int\u00e9rieur et d\u2019ext\u00e9rieur. Ensuite, chaque finition est test\u00e9e de mani\u00e8re rigoureuse pour garantir un fini durable et une profondeur de couleur exceptionnelle. Par ailleurs, pour obtenir les meilleurs r\u00e9sultats, nous recommandons toujours d\u2019utiliser une Impression &amp; Sous-couche Farrow &amp; Ball &#8211; voir plus haut pour trouver la tonalit\u00e9 de couleur exacte pour cette peinture.<\/p>\n","protected":false},"excerpt":{"rendered":"<h3>Un d\u00e9licat rose p\u00eache<\/h3>\n<p>Ce rose frais et lumineux cr\u00e9e des pi\u00e8ces \u00e0 la fois chaleureuses et pleines de charme. Nous le recommandons aussi bien pour les petits espaces que pour les grands.<\/p>\n<p>Sous-couche recommand\u00e9e : <a href=\"https:\/\/www.sorainstyles.com\/boutique\/categorie-produit\/appret-sous-couches\/mid-tones\/\" target=\"_blank\" rel=\"noopener\">Mid Tones<\/a><\/p>\n","protected":false},"featured_media":14120,"template":"","meta":{"_acf_changed":false,"_et_pb_use_builder":"","_et_pb_old_content":"","_et_gb_content_width":""},"product_brand":[],"product_cat":[343,331,81,110],"product_tag":[695,694,351],"class_list":{"0":"post-2424","1":"product","2":"type-product","3":"status-publish","4":"has-post-thumbnail","6":"product_cat-archive","7":"product_cat-clair","8":"product_cat-peintures-de-finition","9":"product_cat-rouge","10":"product_tag-695","11":"product_tag-pink-cup","12":"product_tag-rouge","14":"first","15":"instock","16":"taxable","17":"shipping-taxable","18":"purchasable","19":"product-type-variable"},"acf":[],"_links":{"self":[{"href":"https:\/\/www.sorainstyles.com\/boutique\/wp-json\/wp\/v2\/product\/2424","targetHints":{"allow":["GET"]}}],"collection":[{"href":"https:\/\/www.sorainstyles.com\/boutique\/wp-json\/wp\/v2\/product"}],"about":[{"href":"https:\/\/www.sorainstyles.com\/boutique\/wp-json\/wp\/v2\/types\/product"}],"wp:featuredmedia":[{"embeddable":true,"href":"https:\/\/www.sorainstyles.com\/boutique\/wp-json\/wp\/v2\/media\/14120"}],"wp:attachment":[{"href":"https:\/\/www.sorainstyles.com\/boutique\/wp-json\/wp\/v2\/media?parent=2424"}],"wp:term":[{"taxonomy":"product_brand","embeddable":true,"href":"https:\/\/www.sorainstyles.com\/boutique\/wp-json\/wp\/v2\/product_brand?post=2424"},{"taxonomy":"product_cat","embeddable":true,"href":"https:\/\/www.sorainstyles.com\/boutique\/wp-json\/wp\/v2\/product_cat?post=2424"},{"taxonomy":"product_tag","embeddable":true,"href":"https:\/\/www.sorainstyles.com\/boutique\/wp-json\/wp\/v2\/product_tag?post=2424"}],"curies":[{"name":"wp","href":"https:\/\/api.w.org\/{rel}","templated":true}]}}