{"id":2419,"date":"2021-12-07T18:36:29","date_gmt":"2021-12-07T17:36:29","guid":{"rendered":"https:\/\/www.sorainstyles.com\/boutique\/produit\/matchstick-2013\/"},"modified":"2025-10-15T09:26:09","modified_gmt":"2025-10-15T07:26:09","slug":"matchstick-2013","status":"publish","type":"product","link":"https:\/\/www.sorainstyles.com\/boutique\/produit\/matchstick-2013\/","title":{"rendered":"Matchstick 2013"},"content":{"rendered":"<h1 class=\"product-hero__title\">Matchstick &#8211; No. 2013 de chez Farrow &amp; Ball<\/h1>\n<h2>La couleur du bois \u00e9cru<\/h2>\n<p>Cette teinte polyvalente et discr\u00e8te doit son nom au <a href=\"https:\/\/www.cotemaison.fr\/inspirations\/diaporama\/quelle-couleur-associer-avec-du-bois-fonce_34228.html\" target=\"_blank\" rel=\"noopener\">bois<\/a> \u00e9cru de la tige d\u2019une allumette. Avec un l\u00e9ger ajout de noir, cette couleur de bois neutre cr\u00e9e des pi\u00e8ces magnifiquement discr\u00e8tes qui sont chaleureuses sans sembler cr\u00e9meuses. Dans des pi\u00e8ces bien \u00e9clair\u00e9es, elle a l\u2019air plus fra\u00eeche, en particulier si elle est contrast\u00e9e avec White Tie. La teinte No.2013 &#8211; Matchstick para\u00eet plus d\u00e9tendue et traditionnelle dans une pi\u00e8ce orient\u00e9e au nord.<\/p>\n<p>Primer &amp; Undercoat recommand\u00e9e: <a href=\"https:\/\/www.sorainstyles.com\/boutique\/categorie-produit\/appret-sous-couches\/white-and-light-tones\/\" target=\"_blank\" rel=\"noopener\">White and Light Tones<\/a><\/p>\n<p>Blanc compl\u00e9mentaire :\u00a0<a href=\"https:\/\/www.sorainstyles.com\/boutique\/produit\/white-tie-2002\/\" target=\"_blank\" rel=\"noopener\">White Tie<\/a><\/p>\n<h3>Exemple d&rsquo;harmonies de couleurs avec la teinte Matchstick &#8211; No.2013<\/h3>\n<ul>\n<li>White Tie No.2002 &#8211; New White No.59<\/li>\n<li>String No.8 &#8211; Cord No.16<\/li>\n<li>Light Gray No.17 &#8211; Mouse&rsquo;s Back No.40<\/li>\n<li>Card Room Green No.79 &#8211; Studio Green No.93<\/li>\n<\/ul>\n<h3>Information produit<\/h3>\n<h4>A base d&rsquo;eau et sans danger pour les enfants<\/h4>\n<p>En 2010, Farrow &amp; Ball a \u00e9t\u00e9 les premiers du secteur \u00e0 passer \u00e0 une gamme de finitions \u00e9labor\u00e9es enti\u00e8rement \u00e0 base d\u2019eau. D&rsquo;ailleurs, ces finitions \u00e0 faible teneur en COV et pratiquement sans odeur sont faciles \u00e0 nettoyer sans recourir \u00e0 des solvants nocifs.<\/p>\n<h4>Finitions de qualit\u00e9<\/h4>\n<p>Tout d&rsquo;abord, chacune de nos couleurs est disponible dans une gamme de finitions de peinture d\u2019int\u00e9rieur et d\u2019ext\u00e9rieur. Ensuite, chaque finition est test\u00e9e de mani\u00e8re rigoureuse pour garantir un fini durable et une profondeur de couleur exceptionnelle. Par ailleurs, pour obtenir les meilleurs r\u00e9sultats, nous recommandons toujours d\u2019utiliser une Impression &amp; Sous-couche Farrow &amp; Ball &#8211; voir plus haut pour trouver la tonalit\u00e9 de couleur exacte pour cette peinture.<\/p>\n","protected":false},"excerpt":{"rendered":"<h3>La couleur du bois \u00e9cru<\/h3>\n<p>Cette teinte discr\u00e8te, inspir\u00e9e du bois clair des b\u00e2tons d&rsquo;allumettes et subtilement enrichie de pigment noir, cr\u00e9e des d\u00e9cors sobres et chaleureux, apparaissant plus fra\u00eeche en lumi\u00e8re naturelle et plus classique dans des espaces sombres.<\/p>\n<p>Sous-couche recommand\u00e9e : <a href=\"https:\/\/www.sorainstyles.com\/boutique\/categorie-produit\/appret-sous-couches\/white-and-light-tones\/\" target=\"_blank\" rel=\"noopener\">White and Light Tones<\/a><\/p>\n","protected":false},"featured_media":14285,"template":"","meta":{"_acf_changed":false,"_et_pb_use_builder":"","_et_pb_old_content":"","_et_gb_content_width":""},"product_brand":[],"product_cat":[331,329,143,81],"product_tag":[697,406,371,366,696,362],"class_list":{"0":"post-2419","1":"product","2":"type-product","3":"status-publish","4":"has-post-thumbnail","6":"product_cat-clair","7":"product_cat-neutre","8":"product_cat-nuancier-actuel","9":"product_cat-peintures-de-finition","10":"product_tag-697","11":"product_tag-couleur","12":"product_tag-farrow","13":"product_tag-farrowball","14":"product_tag-matchstick","15":"product_tag-peinture","17":"first","18":"instock","19":"taxable","20":"shipping-taxable","21":"purchasable","22":"product-type-variable"},"acf":[],"_links":{"self":[{"href":"https:\/\/www.sorainstyles.com\/boutique\/wp-json\/wp\/v2\/product\/2419","targetHints":{"allow":["GET"]}}],"collection":[{"href":"https:\/\/www.sorainstyles.com\/boutique\/wp-json\/wp\/v2\/product"}],"about":[{"href":"https:\/\/www.sorainstyles.com\/boutique\/wp-json\/wp\/v2\/types\/product"}],"wp:featuredmedia":[{"embeddable":true,"href":"https:\/\/www.sorainstyles.com\/boutique\/wp-json\/wp\/v2\/media\/14285"}],"wp:attachment":[{"href":"https:\/\/www.sorainstyles.com\/boutique\/wp-json\/wp\/v2\/media?parent=2419"}],"wp:term":[{"taxonomy":"product_brand","embeddable":true,"href":"https:\/\/www.sorainstyles.com\/boutique\/wp-json\/wp\/v2\/product_brand?post=2419"},{"taxonomy":"product_cat","embeddable":true,"href":"https:\/\/www.sorainstyles.com\/boutique\/wp-json\/wp\/v2\/product_cat?post=2419"},{"taxonomy":"product_tag","embeddable":true,"href":"https:\/\/www.sorainstyles.com\/boutique\/wp-json\/wp\/v2\/product_tag?post=2419"}],"curies":[{"name":"wp","href":"https:\/\/api.w.org\/{rel}","templated":true}]}}