{"id":2412,"date":"2021-12-07T18:36:20","date_gmt":"2021-12-07T17:36:20","guid":{"rendered":"https:\/\/www.sorainstyles.com\/boutique\/produit\/james-white-2010\/"},"modified":"2025-10-15T09:35:25","modified_gmt":"2025-10-15T07:35:25","slug":"james-white-2010","status":"publish","type":"product","link":"https:\/\/www.sorainstyles.com\/boutique\/produit\/james-white-2010\/","title":{"rendered":"James White 2010"},"content":{"rendered":"<h1 class=\"product-hero__title\">James White &#8211; No. 2010 de chez Farrow &amp; Ball<\/h1>\n<h2>Un blanc cass\u00e9 avec un soup\u00e7on de vert<\/h2>\n<p>Ce blanc cass\u00e9, avec son fond vert frais, fut \u00e0 l\u2019origine cr\u00e9\u00e9 pour la ravissante pi\u00e8ce donnant sur le jardin du perspicace Dr James. Le soup\u00e7on de vert qu\u2019il contient permet de cr\u00e9er une ambiance calme, apaisante et l\u00e9g\u00e8re qui est particuli\u00e8rement bienvenue dans les int\u00e9rieurs obscurs. Appliqu\u00e9 en total look, la teinte No.2010 &#8211; James White illumine l\u2019espace et y insuffle une atmosph\u00e8re apaisante. C&rsquo;est une couleur id\u00e9ale pour les <a href=\"https:\/\/www.cotemaison.fr\/chambre-et-bureau\/diaporama\/quel-vert-dans-la-chambre_34433.html\" target=\"_blank\" rel=\"noopener\">chambres<\/a> \u00e0 coucher des personnes tr\u00e8s stress\u00e9es. Il para\u00eetra plus vert si on le met en contraste avec All White, ou dans les pi\u00e8ces orient\u00e9es au nord.<\/p>\n<p>Primer &amp; Undercoat recommand\u00e9e: <a href=\"https:\/\/www.sorainstyles.com\/boutique\/categorie-produit\/appret-sous-couches\/white-and-light-tones\/\" target=\"_blank\" rel=\"noopener\">White and Light Tones<\/a><\/p>\n<p>Blanc compl\u00e9mentaire :\u00a0<a href=\"https:\/\/www.sorainstyles.com\/boutique\/produit\/all-white-2005\/\" target=\"_blank\" rel=\"noopener\">All White<\/a><\/p>\n<h3>4 exemples d&rsquo;harmonies de couleurs avec la teinte James White &#8211; No.2010<\/h3>\n<ul>\n<li>Lime White No.1 &#8211; Off-White No.3<\/li>\n<li>Treron No.292 &#8211; French Gay No.18<\/li>\n<li>Vert De Terre No.234 &#8211; Lichen No.19<\/li>\n<li>Whirlybird No.309 &#8211; Breakfast Room Green No.81<\/li>\n<\/ul>\n<h3>Information produit<\/h3>\n<h4>A base d&rsquo;eau et sans danger pour les enfants<\/h4>\n<p>En 2010, Farrow &amp; Ball a \u00e9t\u00e9 les premiers du secteur \u00e0 passer \u00e0 une gamme de finitions \u00e9labor\u00e9es enti\u00e8rement \u00e0 base d\u2019eau. D&rsquo;ailleurs, ces finitions \u00e0 faible teneur en COV et pratiquement sans odeur sont faciles \u00e0 nettoyer sans recourir \u00e0 des solvants nocifs.<\/p>\n<h4>Finitions de qualit\u00e9<\/h4>\n<p>Tout d&rsquo;abord, chacune de nos couleurs est disponible dans une gamme de finitions de peinture d\u2019int\u00e9rieur et d\u2019ext\u00e9rieur. Ensuite, chaque finition est test\u00e9e de mani\u00e8re rigoureuse pour garantir un fini durable et une profondeur de couleur exceptionnelle. Par ailleurs, pour obtenir les meilleurs r\u00e9sultats, nous recommandons toujours d\u2019utiliser une Impression &amp; Sous-couche Farrow &amp; Ball &#8211; voir plus haut pour trouver la tonalit\u00e9 de couleur exacte pour cette peinture.<\/p>\n","protected":false},"excerpt":{"rendered":"<h3>Un blanc cass\u00e9 avec un soup\u00e7on de vert<\/h3>\n<p>James White, un blanc cass\u00e9 avec une touche de vert, cr\u00e9e une ambiance apaisante et lumineuse. Cette couleur appara\u00eet plus vert lorsqu&rsquo;il est contrast\u00e9 avec un blanc ou utilis\u00e9 dans les pi\u00e8ces orient\u00e9es au nord.<\/p>\n<p>Sous-couche recommand\u00e9e : <a href=\"https:\/\/www.sorainstyles.com\/boutique\/categorie-produit\/appret-sous-couches\/white-and-light-tones\/\" target=\"_blank\" rel=\"noopener\">White and Light Tones<\/a><\/p>\n","protected":false},"featured_media":14291,"template":"","meta":{"_acf_changed":false,"_et_pb_use_builder":"","_et_pb_old_content":"","_et_gb_content_width":""},"product_brand":[],"product_cat":[331,329,143,81],"product_tag":[701,406,371,366,700,362],"class_list":{"0":"post-2412","1":"product","2":"type-product","3":"status-publish","4":"has-post-thumbnail","6":"product_cat-clair","7":"product_cat-neutre","8":"product_cat-nuancier-actuel","9":"product_cat-peintures-de-finition","10":"product_tag-701","11":"product_tag-couleur","12":"product_tag-farrow","13":"product_tag-farrowball","14":"product_tag-james-white","15":"product_tag-peinture","17":"first","18":"instock","19":"taxable","20":"shipping-taxable","21":"purchasable","22":"product-type-variable"},"acf":[],"_links":{"self":[{"href":"https:\/\/www.sorainstyles.com\/boutique\/wp-json\/wp\/v2\/product\/2412","targetHints":{"allow":["GET"]}}],"collection":[{"href":"https:\/\/www.sorainstyles.com\/boutique\/wp-json\/wp\/v2\/product"}],"about":[{"href":"https:\/\/www.sorainstyles.com\/boutique\/wp-json\/wp\/v2\/types\/product"}],"wp:featuredmedia":[{"embeddable":true,"href":"https:\/\/www.sorainstyles.com\/boutique\/wp-json\/wp\/v2\/media\/14291"}],"wp:attachment":[{"href":"https:\/\/www.sorainstyles.com\/boutique\/wp-json\/wp\/v2\/media?parent=2412"}],"wp:term":[{"taxonomy":"product_brand","embeddable":true,"href":"https:\/\/www.sorainstyles.com\/boutique\/wp-json\/wp\/v2\/product_brand?post=2412"},{"taxonomy":"product_cat","embeddable":true,"href":"https:\/\/www.sorainstyles.com\/boutique\/wp-json\/wp\/v2\/product_cat?post=2412"},{"taxonomy":"product_tag","embeddable":true,"href":"https:\/\/www.sorainstyles.com\/boutique\/wp-json\/wp\/v2\/product_tag?post=2412"}],"curies":[{"name":"wp","href":"https:\/\/api.w.org\/{rel}","templated":true}]}}