{"id":2408,"date":"2021-12-07T18:36:19","date_gmt":"2021-12-07T17:36:19","guid":{"rendered":"https:\/\/www.sorainstyles.com\/boutique\/produit\/clunch-2009\/"},"modified":"2025-10-15T09:38:05","modified_gmt":"2025-10-15T07:38:05","slug":"clunch-2009","status":"publish","type":"product","link":"https:\/\/www.sorainstyles.com\/boutique\/produit\/clunch-2009\/","title":{"rendered":"Clunch 2009"},"content":{"rendered":"<h1 class=\"product-hero__title\">Archive Collection : Clunch &#8211; No. 2009 de chez Farrow &amp; Ball<\/h1>\n<h2>Un blanc crayeux<\/h2>\n<p>La teinte No.2009 &#8211; Clunch a re\u00e7u son nom de la pierre calcaire <a href=\"https:\/\/www.cotemaison.fr\/inspirations\/diaporama\/deco-mur-blanc-idees-originales_31334.html\" target=\"_blank\" rel=\"noopener\">blanc<\/a> cass\u00e9 utilis\u00e9e dans les blocs de construction de nombreux b\u00e2timents de l\u2019Est-Anglie. Son fond jaune cr\u00e9e un fini incroyablement cam\u00e9l\u00e9on qui en fait une couleur des plus faciles \u00e0 vivre. Clunch est souvent mis en contraste avec Pointing sur les boiseries pour plus de fra\u00eecheur. Parfois, elle peut \u00eatre associ\u00e9e avec Shaded White pour cr\u00e9er une pi\u00e8ce au d\u00e9cor plus classique.<\/p>\n<p>Primer &amp; Undercoat recommand\u00e9e: <a href=\"https:\/\/www.sorainstyles.com\/boutique\/categorie-produit\/appret-sous-couches\/white-and-light-tones\/\" target=\"_blank\" rel=\"noopener\">White and Light Tones<\/a><\/p>\n<p>Blanc compl\u00e9mentaire:\u00a0<a href=\"https:\/\/www.sorainstyles.com\/boutique\/produit\/wimborne-white-239\/\" target=\"_blank\" rel=\"noopener\">Wimborne White<\/a><\/p>\n<h3>Exemple d&rsquo;harmonies de couleurs avec la teinte Clunch &#8211; No.2009<\/h3>\n<ul>\n<li>Cromarty No.285 &#8211; Blue Gray No.91<\/li>\n<li>Pigeon No.25 &#8211; Railings No.31<\/li>\n<li>De Nimes No.299 &#8211; Sulking Room Pink No.295<\/li>\n<li>Mizzle No.266 &#8211; Pigeon No.25<\/li>\n<li>Blue Gray No.91 &#8211; Pigeon No.25<\/li>\n<li>Slipper Satin No.2004 &#8211; Pointing No.2003<\/li>\n<li>Shaded White No.201 &#8211; Stony Ground No.211<\/li>\n<\/ul>\n<h3>Information produit<\/h3>\n<h4>A base d&rsquo;eau et sans danger pour les enfants<\/h4>\n<p>En 2010, Farrow &amp; Ball a \u00e9t\u00e9 les premiers du secteur \u00e0 passer \u00e0 une gamme de finitions \u00e9labor\u00e9es enti\u00e8rement \u00e0 base d\u2019eau. D&rsquo;ailleurs, ces finitions \u00e0 faible teneur en COV et pratiquement sans odeur sont faciles \u00e0 nettoyer sans recourir \u00e0 des solvants nocifs.<\/p>\n<h4>Finitions de qualit\u00e9<\/h4>\n<p>Tout d&rsquo;abord, chacune de nos couleurs est disponible dans une gamme de finitions de peinture d\u2019int\u00e9rieur et d\u2019ext\u00e9rieur. Ensuite, chaque finition est test\u00e9e de mani\u00e8re rigoureuse pour garantir un fini durable et une profondeur de couleur exceptionnelle. Par ailleurs, pour obtenir les meilleurs r\u00e9sultats, nous recommandons toujours d\u2019utiliser une Impression &amp; Sous-couche Farrow &amp; Ball &#8211; voir plus haut pour trouver la tonalit\u00e9 de couleur exacte pour cette peinture.<\/p>\n","protected":false},"excerpt":{"rendered":"<h3>Un blanc crayeux<\/h3>\n<p>Clunch est une couleur cam\u00e9l\u00e9on aux nuances jaunes, parfaite pour un d\u00e9cor facile \u00e0 vivre.<\/p>\n<p>Sous-couche recommand\u00e9e : <a href=\"https:\/\/www.sorainstyles.com\/boutique\/categorie-produit\/appret-sous-couches\/white-and-light-tones\/\" target=\"_blank\" rel=\"noopener\">White and Light Tones<\/a><\/p>\n","protected":false},"featured_media":14173,"template":"","meta":{"_acf_changed":false,"_et_pb_use_builder":"","_et_pb_old_content":"","_et_gb_content_width":""},"product_brand":[],"product_cat":[343,331,139,329,81],"product_tag":[703,702,406,371,366,362],"class_list":{"0":"post-2408","1":"product","2":"type-product","3":"status-publish","4":"has-post-thumbnail","6":"product_cat-archive","7":"product_cat-clair","8":"product_cat-liberty-collection","9":"product_cat-neutre","10":"product_cat-peintures-de-finition","11":"product_tag-703","12":"product_tag-clunch","13":"product_tag-couleur","14":"product_tag-farrow","15":"product_tag-farrowball","16":"product_tag-peinture","18":"first","19":"instock","20":"taxable","21":"shipping-taxable","22":"purchasable","23":"product-type-variable"},"acf":[],"_links":{"self":[{"href":"https:\/\/www.sorainstyles.com\/boutique\/wp-json\/wp\/v2\/product\/2408","targetHints":{"allow":["GET"]}}],"collection":[{"href":"https:\/\/www.sorainstyles.com\/boutique\/wp-json\/wp\/v2\/product"}],"about":[{"href":"https:\/\/www.sorainstyles.com\/boutique\/wp-json\/wp\/v2\/types\/product"}],"wp:featuredmedia":[{"embeddable":true,"href":"https:\/\/www.sorainstyles.com\/boutique\/wp-json\/wp\/v2\/media\/14173"}],"wp:attachment":[{"href":"https:\/\/www.sorainstyles.com\/boutique\/wp-json\/wp\/v2\/media?parent=2408"}],"wp:term":[{"taxonomy":"product_brand","embeddable":true,"href":"https:\/\/www.sorainstyles.com\/boutique\/wp-json\/wp\/v2\/product_brand?post=2408"},{"taxonomy":"product_cat","embeddable":true,"href":"https:\/\/www.sorainstyles.com\/boutique\/wp-json\/wp\/v2\/product_cat?post=2408"},{"taxonomy":"product_tag","embeddable":true,"href":"https:\/\/www.sorainstyles.com\/boutique\/wp-json\/wp\/v2\/product_tag?post=2408"}],"curies":[{"name":"wp","href":"https:\/\/api.w.org\/{rel}","templated":true}]}}