{"id":2406,"date":"2021-12-07T18:36:17","date_gmt":"2021-12-07T17:36:17","guid":{"rendered":"https:\/\/www.sorainstyles.com\/boutique\/produit\/dimity-2008\/"},"modified":"2025-10-15T09:40:13","modified_gmt":"2025-10-15T07:40:13","slug":"dimity-2008","status":"publish","type":"product","link":"https:\/\/www.sorainstyles.com\/boutique\/produit\/dimity-2008\/","title":{"rendered":"Dimity 2008"},"content":{"rendered":"<h1 class=\"product-hero__title\">Dimity &#8211; No. 2008 de chez Farrow &amp; Ball<\/h1>\n<h2>Un ton taupe tr\u00e8s p\u00e2le<\/h2>\n<p>La teinte No.2008 &#8211; Dimity est inspir\u00e9e d&rsquo;une \u00e9toffe l\u00e9g\u00e8re qui servait \u00e0 fabriquer les jupons des dames, mais qui est \u00e0 pr\u00e9sent plus couramment utilis\u00e9e pour la literie. Appartenant \u00e0 notre groupe de Neutres Chaleureux, cette couleur taupe p\u00e2le et discr\u00e8te est tr\u00e8s chaleureuse. C&rsquo;est une couleur id\u00e9ale pour des longs corridors \u00e9l\u00e9gants et sobres. Elle peut \u00eatre associ\u00e9e \u00e0 <a href=\"https:\/\/www.farrow-ball.com\/fr\/couleurs\/all-white\" target=\"_blank\" rel=\"noopener\">All White<\/a>\u00a0et \u00e0\u00a0<a href=\"https:\/\/www.farrow-ball.com\/fr\/couleurs\/pointing\" target=\"_blank\" rel=\"noopener\">Pointing<\/a>, avec lesquels elle para\u00eetra plus rose, ou aux tons plus fonc\u00e9s d\u2019<a href=\"https:\/\/www.farrow-ball.com\/fr\/couleurs\/oxford-stone\" target=\"_blank\" rel=\"noopener\">Oxford Stone<\/a>\u00a0sur les boiseries pour un style l\u00e9g\u00e8rement surann\u00e9 et une ambiance d\u00e9contract\u00e9e.<\/p>\n<p>Primer &amp; Undercoat recommand\u00e9e: <a href=\"https:\/\/www.sorainstyles.com\/boutique\/categorie-produit\/appret-sous-couches\/white-and-light-tones\/\" target=\"_blank\" rel=\"noopener\">White and Light Tones<\/a><\/p>\n<p>Blanc compl\u00e9mentaire :\u00a0<a href=\"https:\/\/www.sorainstyles.com\/boutique\/produit\/pointing-2003\/\" target=\"_blank\" rel=\"noopener\">Pointing<\/a><\/p>\n<h3>4 exemples d&rsquo;harmonies de couleurs avec la teinte Dimity &#8211; No.2008<\/h3>\n<ul>\n<li>Pointing No.2003 &#8211; All White No.2005<\/li>\n<li>Joa&rsquo;s White No.226 &#8211; Oxford Stone No.264<\/li>\n<li>Red Earth No.64 &#8211; London Stone No.6<\/li>\n<li>London Clay No.244 &#8211; Dead Salmon No.28<\/li>\n<\/ul>\n<h3>Information produit<\/h3>\n<h4>A base d&rsquo;eau et sans danger pour les enfants<\/h4>\n<p>En 2010, Farrow &amp; Ball a \u00e9t\u00e9 les premiers du secteur \u00e0 passer \u00e0 une gamme de finitions \u00e9labor\u00e9es enti\u00e8rement \u00e0 base d\u2019eau. D&rsquo;ailleurs, ces finitions \u00e0 faible teneur en COV et pratiquement sans odeur sont faciles \u00e0 nettoyer sans recourir \u00e0 des solvants nocifs.<\/p>\n<h4>Finitions de qualit\u00e9<\/h4>\n<p>Tout d&rsquo;abord, chacune de nos couleurs est disponible dans une gamme de finitions de peinture d\u2019int\u00e9rieur et d\u2019ext\u00e9rieur. Ensuite, chaque finition est test\u00e9e de mani\u00e8re rigoureuse pour garantir un fini durable et une profondeur de couleur exceptionnelle. Par ailleurs, pour obtenir les meilleurs r\u00e9sultats, nous recommandons toujours d\u2019utiliser une Impression &amp; Sous-couche Farrow &amp; Ball &#8211; voir plus haut pour trouver la tonalit\u00e9 de couleur exacte pour cette peinture.<\/p>\n","protected":false},"excerpt":{"rendered":"<h3>Un ton taupe tr\u00e8s p\u00e2le<\/h3>\n<p>Dimity est un taupe p\u00e2le et discret. Gr\u00e2ce \u00e0 ses nuances ros\u00e9s, c\u2019est une couleur qui reste tr\u00e8s chaleureuse.<\/p>\n<p>Sous-couche recommand\u00e9e : <a href=\"https:\/\/www.sorainstyles.com\/boutique\/categorie-produit\/appret-sous-couches\/white-and-light-tones\/\" target=\"_blank\" rel=\"noopener\">White and Light Tones<\/a><\/p>\n","protected":false},"featured_media":14299,"template":"","meta":{"_acf_changed":false,"_et_pb_use_builder":"","_et_pb_old_content":"","_et_gb_content_width":""},"product_brand":[],"product_cat":[331,329,143,81],"product_tag":[],"class_list":{"0":"post-2406","1":"product","2":"type-product","3":"status-publish","4":"has-post-thumbnail","6":"product_cat-clair","7":"product_cat-neutre","8":"product_cat-nuancier-actuel","9":"product_cat-peintures-de-finition","11":"first","12":"instock","13":"taxable","14":"shipping-taxable","15":"purchasable","16":"product-type-variable"},"acf":[],"_links":{"self":[{"href":"https:\/\/www.sorainstyles.com\/boutique\/wp-json\/wp\/v2\/product\/2406","targetHints":{"allow":["GET"]}}],"collection":[{"href":"https:\/\/www.sorainstyles.com\/boutique\/wp-json\/wp\/v2\/product"}],"about":[{"href":"https:\/\/www.sorainstyles.com\/boutique\/wp-json\/wp\/v2\/types\/product"}],"wp:featuredmedia":[{"embeddable":true,"href":"https:\/\/www.sorainstyles.com\/boutique\/wp-json\/wp\/v2\/media\/14299"}],"wp:attachment":[{"href":"https:\/\/www.sorainstyles.com\/boutique\/wp-json\/wp\/v2\/media?parent=2406"}],"wp:term":[{"taxonomy":"product_brand","embeddable":true,"href":"https:\/\/www.sorainstyles.com\/boutique\/wp-json\/wp\/v2\/product_brand?post=2406"},{"taxonomy":"product_cat","embeddable":true,"href":"https:\/\/www.sorainstyles.com\/boutique\/wp-json\/wp\/v2\/product_cat?post=2406"},{"taxonomy":"product_tag","embeddable":true,"href":"https:\/\/www.sorainstyles.com\/boutique\/wp-json\/wp\/v2\/product_tag?post=2406"}],"curies":[{"name":"wp","href":"https:\/\/api.w.org\/{rel}","templated":true}]}}