{"id":2402,"date":"2021-12-07T18:36:12","date_gmt":"2021-12-07T17:36:12","guid":{"rendered":"https:\/\/www.sorainstyles.com\/boutique\/produit\/all-white-2005\/"},"modified":"2026-01-29T12:07:28","modified_gmt":"2026-01-29T11:07:28","slug":"all-white-2005","status":"publish","type":"product","link":"https:\/\/www.sorainstyles.com\/boutique\/produit\/all-white-2005\/","title":{"rendered":"All White 2005"},"content":{"rendered":"<h1 class=\"product-hero__title\">-All White &#8211; No. 2005 de chez Farrow &amp; Ball<\/h1>\n<h2>Un blanc totalement pur<\/h2>\n<p>La teinte No.2005 &#8211; All White (tout blanc) porte tr\u00e8s bien son nom ! En effet, cette couleur ne contient aucun autre pigment que du <a href=\"https:\/\/www.cotemaison.fr\/salle-a-manger-salon\/diaporama\/decoration-salon-vive-le-blanc_31148.html\" target=\"_blank\" rel=\"noopener\">blanc<\/a>, ce qui est inhabituel et permet de cr\u00e9er une teinte tr\u00e8s douce et tr\u00e8s charmante sans les nuances bleues plus froides d\u2019un blanc brillant. Par ailleurs, All White fait partie de nos Neutres Architecturaux\u00a0et se combine parfaitement \u00e0\u00a0Skimming Stone\u00a0et\u00a0Strong White\u00a0pour une harmonie chaleureuse hors du commun. Pour une finition propre et presque graphique, contrastez-la avec des teintes fra\u00eeches et puissantes comme\u00a0Pitch Black.<\/p>\n<p>Primer &amp; Undercoat recommand\u00e9e: <a href=\"https:\/\/www.sorainstyles.com\/boutique\/categorie-produit\/appret-sous-couches\/white-and-light-tones\/\" target=\"_blank\" rel=\"noopener\">White and Light Tones<\/a><\/p>\n<p>Blanc compl\u00e9mentaire :\u00a0<a href=\"https:\/\/www.sorainstyles.com\/boutique\/produit\/strong-white-2001\/\" target=\"_blank\" rel=\"noopener\">Strong White<\/a><\/p>\n<h3>3 exemples d&rsquo;harmonies de couleurs avec la teinte All White &#8211; No. 2005<\/h3>\n<ul>\n<li>Blackened No.2011 &#8211; Great White No.2006<\/li>\n<li>Ammonite No.274 &#8211; Cornforth White No.228<\/li>\n<li>Pitch Black No.256 &#8211; Mole&rsquo;s Breah No.276<\/li>\n<\/ul>\n<h3>Information produit<\/h3>\n<h4>A base d&rsquo;eau et sans danger pour les enfants<\/h4>\n<p>En 2010, Farrow &amp; Ball a \u00e9t\u00e9 les premiers du secteur \u00e0 passer \u00e0 une gamme de finitions \u00e9labor\u00e9es enti\u00e8rement \u00e0 base d\u2019eau. D&rsquo;ailleurs, ces finitions \u00e0 faible teneur en COV et pratiquement sans odeur sont faciles \u00e0 nettoyer sans recourir \u00e0 des solvants nocifs.<\/p>\n<h4>Finitions de qualit\u00e9<\/h4>\n<p>Tout d&rsquo;abord, chacune de nos couleurs est disponible dans une gamme de finitions de peinture d\u2019int\u00e9rieur et d\u2019ext\u00e9rieur. Ensuite, chaque finition est test\u00e9e de mani\u00e8re rigoureuse pour garantir un fini durable et une profondeur de couleur exceptionnelle. Par ailleurs, pour obtenir les meilleurs r\u00e9sultats, nous recommandons toujours d\u2019utiliser une Impression &amp; Sous-couche Farrow &amp; Ball &#8211; voir plus haut pour trouver la tonalit\u00e9 de couleur exacte pour cette peinture<\/p>\n","protected":false},"excerpt":{"rendered":"<h3>Un blanc totalement pur<\/h3>\n<p>All White est un blanc pur et doux sans nuances sous-jacentes, parfait pour cr\u00e9er un d\u00e9cor chaleureux et moderne.<\/p>\n<p>Sous-couche recommand\u00e9e : <a href=\"https:\/\/www.sorainstyles.com\/boutique\/categorie-produit\/appret-sous-couches\/white-and-light-tones\/\" target=\"_blank\" rel=\"noopener\">White and Light Tones<\/a><\/p>\n","protected":false},"featured_media":14024,"template":"","meta":{"_acf_changed":false,"_et_pb_use_builder":"","_et_pb_old_content":"","_et_gb_content_width":""},"product_brand":[],"product_cat":[331,329,143,81],"product_tag":[707,706,406,371,366,362],"class_list":{"0":"post-2402","1":"product","2":"type-product","3":"status-publish","4":"has-post-thumbnail","6":"product_cat-clair","7":"product_cat-neutre","8":"product_cat-nuancier-actuel","9":"product_cat-peintures-de-finition","10":"product_tag-707","11":"product_tag-all-white","12":"product_tag-couleur","13":"product_tag-farrow","14":"product_tag-farrowball","15":"product_tag-peinture","17":"first","18":"instock","19":"taxable","20":"shipping-taxable","21":"purchasable","22":"product-type-variable"},"acf":[],"_links":{"self":[{"href":"https:\/\/www.sorainstyles.com\/boutique\/wp-json\/wp\/v2\/product\/2402","targetHints":{"allow":["GET"]}}],"collection":[{"href":"https:\/\/www.sorainstyles.com\/boutique\/wp-json\/wp\/v2\/product"}],"about":[{"href":"https:\/\/www.sorainstyles.com\/boutique\/wp-json\/wp\/v2\/types\/product"}],"wp:featuredmedia":[{"embeddable":true,"href":"https:\/\/www.sorainstyles.com\/boutique\/wp-json\/wp\/v2\/media\/14024"}],"wp:attachment":[{"href":"https:\/\/www.sorainstyles.com\/boutique\/wp-json\/wp\/v2\/media?parent=2402"}],"wp:term":[{"taxonomy":"product_brand","embeddable":true,"href":"https:\/\/www.sorainstyles.com\/boutique\/wp-json\/wp\/v2\/product_brand?post=2402"},{"taxonomy":"product_cat","embeddable":true,"href":"https:\/\/www.sorainstyles.com\/boutique\/wp-json\/wp\/v2\/product_cat?post=2402"},{"taxonomy":"product_tag","embeddable":true,"href":"https:\/\/www.sorainstyles.com\/boutique\/wp-json\/wp\/v2\/product_tag?post=2402"}],"curies":[{"name":"wp","href":"https:\/\/api.w.org\/{rel}","templated":true}]}}