{"id":2400,"date":"2021-12-07T18:36:11","date_gmt":"2021-12-07T17:36:11","guid":{"rendered":"https:\/\/www.sorainstyles.com\/boutique\/produit\/slipper-satin-2004\/"},"modified":"2025-10-15T09:49:14","modified_gmt":"2025-10-15T07:49:14","slug":"slipper-satin-2004","status":"publish","type":"product","link":"https:\/\/www.sorainstyles.com\/boutique\/produit\/slipper-satin-2004\/","title":{"rendered":"Slipper Satin 2004"},"content":{"rendered":"<h1 class=\"product-hero__title\">Slipper Satin &#8211; No. 2004 de chez Farrow &amp; Ball<\/h1>\n<h2>Un blanc cass\u00e9 poudreux<\/h2>\n<p>Ce blanc cass\u00e9 tr\u00e8s populaire est inspir\u00e9 de la couleur d\u00e9licate de la soie utilis\u00e9e dans les chaussons de danse classique. Ne contenant aucun ton sous-jacent de bleu, la teinte No.2004 &#8211; Slipper Satin prend souvent l\u2019apparence d\u2019un <a href=\"https:\/\/www.cotemaison.fr\/peintures-carrelages-papier-peint\/peinture-mur-gris-nuances-de-gris_20585.html\" target=\"_blank\" rel=\"noopener\">gris<\/a> p\u00e2le crayeux. Ce ton est ainsi id\u00e9al sur les murs, associ\u00e9 aux nuances plus fonc\u00e9es d\u2019Old White sur les boiseries. Mariez-le \u00e0 d\u2019autres teintes de notre famille de Traditional Neutrals pour un d\u00e9cor subtil et sophistiqu\u00e9.<\/p>\n<p>Primer &amp; Undercoat recommand\u00e9e: <a href=\"https:\/\/www.sorainstyles.com\/boutique\/categorie-produit\/appret-sous-couches\/white-and-light-tones\/\" target=\"_blank\" rel=\"noopener\">White and Light Tones<\/a><\/p>\n<p>Blanc compl\u00e9mentaire :\u00a0<a href=\"https:\/\/www.sorainstyles.com\/boutique\/produit\/wimborne-white-239\/\" target=\"_blank\" rel=\"noopener\">Wimborne White<\/a><\/p>\n<h3>4 exemples d&rsquo;harmonies de couleurs avec la teinte Slipper Satin &#8211; No.2004<\/h3>\n<ul>\n<li>Pointing No.2003 &#8211; Wimborne White No.239<\/li>\n<li>Light Gray No.17 &#8211; Mouse&rsquo;s Back No.40<\/li>\n<li>Off-White No.3 &#8211; Old White No.4<\/li>\n<li>Shaded White No.201 &#8211; Stony Ground No.2011<\/li>\n<\/ul>\n<h3>Information produit<\/h3>\n<h4>A base d&rsquo;eau et sans danger pour les enfants<\/h4>\n<p>En 2010, Farrow &amp; Ball a \u00e9t\u00e9 les premiers du secteur \u00e0 passer \u00e0 une gamme de finitions \u00e9labor\u00e9es enti\u00e8rement \u00e0 base d\u2019eau. D&rsquo;ailleurs, ces finitions \u00e0 faible teneur en COV et pratiquement sans odeur sont faciles \u00e0 nettoyer sans recourir \u00e0 des solvants nocifs.<\/p>\n<h4>Finitions de qualit\u00e9<\/h4>\n<p>Tout d&rsquo;abord, chacune de nos couleurs est disponible dans une gamme de finitions de peinture d\u2019int\u00e9rieur et d\u2019ext\u00e9rieur. Ensuite, chaque finition est test\u00e9e de mani\u00e8re rigoureuse pour garantir un fini durable et une profondeur de couleur exceptionnelle. Par ailleurs, pour obtenir les meilleurs r\u00e9sultats, nous recommandons toujours d\u2019utiliser une Impression &amp; Sous-couche Farrow &amp; Ball &#8211; voir plus haut pour trouver la tonalit\u00e9 de couleur exacte pour cette peinture.<\/p>\n<p>&nbsp;<\/p>\n","protected":false},"excerpt":{"rendered":"<h3>Un blanc cass\u00e9 poudreux<\/h3>\n<p>Slipper Satin, un blanc cass\u00e9 ressemble souvent \u00e0 un gris p\u00e2le crayeux et est id\u00e9al pour les murs pour un d\u00e9cor subtil et sophistiqu\u00e9.<\/p>\n<p>Sous-couche recommand\u00e9e : <a href=\"https:\/\/www.sorainstyles.com\/boutique\/categorie-produit\/appret-sous-couches\/white-and-light-tones\/\" target=\"_blank\" rel=\"noopener\">White and Light Tones<\/a><\/p>\n","protected":false},"featured_media":14300,"template":"","meta":{"_acf_changed":false,"_et_pb_use_builder":"","_et_pb_old_content":"","_et_gb_content_width":""},"product_brand":[],"product_cat":[331,329,143,81],"product_tag":[709,406,371,366,362,708],"class_list":{"0":"post-2400","1":"product","2":"type-product","3":"status-publish","4":"has-post-thumbnail","6":"product_cat-clair","7":"product_cat-neutre","8":"product_cat-nuancier-actuel","9":"product_cat-peintures-de-finition","10":"product_tag-709","11":"product_tag-couleur","12":"product_tag-farrow","13":"product_tag-farrowball","14":"product_tag-peinture","15":"product_tag-slipper-satin","17":"first","18":"instock","19":"taxable","20":"shipping-taxable","21":"purchasable","22":"product-type-variable"},"acf":[],"_links":{"self":[{"href":"https:\/\/www.sorainstyles.com\/boutique\/wp-json\/wp\/v2\/product\/2400","targetHints":{"allow":["GET"]}}],"collection":[{"href":"https:\/\/www.sorainstyles.com\/boutique\/wp-json\/wp\/v2\/product"}],"about":[{"href":"https:\/\/www.sorainstyles.com\/boutique\/wp-json\/wp\/v2\/types\/product"}],"wp:featuredmedia":[{"embeddable":true,"href":"https:\/\/www.sorainstyles.com\/boutique\/wp-json\/wp\/v2\/media\/14300"}],"wp:attachment":[{"href":"https:\/\/www.sorainstyles.com\/boutique\/wp-json\/wp\/v2\/media?parent=2400"}],"wp:term":[{"taxonomy":"product_brand","embeddable":true,"href":"https:\/\/www.sorainstyles.com\/boutique\/wp-json\/wp\/v2\/product_brand?post=2400"},{"taxonomy":"product_cat","embeddable":true,"href":"https:\/\/www.sorainstyles.com\/boutique\/wp-json\/wp\/v2\/product_cat?post=2400"},{"taxonomy":"product_tag","embeddable":true,"href":"https:\/\/www.sorainstyles.com\/boutique\/wp-json\/wp\/v2\/product_tag?post=2400"}],"curies":[{"name":"wp","href":"https:\/\/api.w.org\/{rel}","templated":true}]}}