{"id":2398,"date":"2021-12-07T18:36:10","date_gmt":"2021-12-07T17:36:10","guid":{"rendered":"https:\/\/www.sorainstyles.com\/boutique\/produit\/pointing-2003\/"},"modified":"2025-11-24T16:35:29","modified_gmt":"2025-11-24T15:35:29","slug":"pointing-2003","status":"publish","type":"product","link":"https:\/\/www.sorainstyles.com\/boutique\/produit\/pointing-2003\/","title":{"rendered":"Pointing 2003"},"content":{"rendered":"<h1 class=\"product-hero__title\">Pointing &#8211; No. 2003 de chez Farrow &amp; Ball<\/h1>\n<h2>Un blanc chaud et d\u00e9licat<\/h2>\n<p class=\"description\">Ce blanc frais et tout simple tient son nom de la couleur des joints \u00e0 la chaux des murs de brique traditionnels. Issu de notre famille de Neutres Chaleureux, la teinte No.2003 &#8211; Pointing poss\u00e8de des tonalit\u00e9s chaudes sous-jacentes, ce qui permet de cr\u00e9er un espace charmant lorsqu\u2019il est utilis\u00e9 sur les murs. Coordonn\u00e9 \u00e0 des couleurs classiques intenses, il permettra toujours d\u2019adoucir l\u2019ambiance de la pi\u00e8ce.<\/p>\n<p>Primer &amp; Undercoat recommand\u00e9e: <a href=\"https:\/\/www.sorainstyles.com\/boutique\/categorie-produit\/appret-sous-couches\/white-and-light-tones\/\" target=\"_blank\" rel=\"noopener\">White and Light Tones<\/a><\/p>\n<p>Blanc compl\u00e9mentaire :\u00a0<a href=\"https:\/\/www.sorainstyles.com\/boutique\/produit\/all-white-2005\/\" target=\"_blank\" rel=\"noopener\">All White<\/a><\/p>\n<h3>4 exemples d&rsquo;harmonies de couleurs avec la teinte Pointing &#8211; No.2003<\/h3>\n<ul>\n<li>All White No.2005 &#8211; Wimborne White No.239<\/li>\n<li>Stirabout No.300 &#8211; Jitney No.293<\/li>\n<li>Pink Ground No.202 &#8211; Setting Plaster No.231<\/li>\n<li>Pale Powder No.204 &#8211; Green Blue No.84<\/li>\n<\/ul>\n<h3>Information produit<\/h3>\n<h4>A base d&rsquo;eau et sans danger pour les enfants<\/h4>\n<p>En 2010, Farrow &amp; Ball a \u00e9t\u00e9 les premiers du secteur \u00e0 passer \u00e0 une gamme de finitions \u00e9labor\u00e9es enti\u00e8rement \u00e0 base d\u2019eau. D&rsquo;ailleurs, ces finitions \u00e0 faible teneur en COV et pratiquement sans odeur sont faciles \u00e0 nettoyer sans recourir \u00e0 des solvants nocifs.<\/p>\n<h4>Finitions de qualit\u00e9<\/h4>\n<p>Tout d&rsquo;abord, chacune de nos couleurs est disponible dans une gamme de finitions de peinture d\u2019int\u00e9rieur et d\u2019ext\u00e9rieur. Ensuite, chaque finition est test\u00e9e de mani\u00e8re rigoureuse pour garantir un fini durable et une profondeur de couleur exceptionnelle. Par ailleurs, pour obtenir les meilleurs r\u00e9sultats, nous recommandons toujours d\u2019utiliser une Impression &amp; Sous-couche Farrow &amp; Ball &#8211; voir plus haut pour trouver la tonalit\u00e9 de couleur exacte pour cette peinture.<\/p>\n","protected":false},"excerpt":{"rendered":"<h3>Un blanc tr\u00e8s l\u00e9g\u00e8rement cass\u00e9<\/h3>\n<p>Pointing est un blanc frais aux tonalit\u00e9s chaudes. Cette couleur cr\u00e9\u00e9e un espace charmant et adoucit l&rsquo;ambiance lorsqu&rsquo;il est utilis\u00e9 sur les murs ou le plafond de votre maison.<\/p>\n<p>Sous-couche recommand\u00e9e : <a href=\"https:\/\/www.sorainstyles.com\/boutique\/categorie-produit\/appret-sous-couches\/white-and-light-tones\/\" target=\"_blank\" rel=\"noopener\">White and Light Tones<\/a><\/p>\n","protected":false},"featured_media":14301,"template":"","meta":{"_acf_changed":false,"_et_pb_use_builder":"","_et_pb_old_content":"","_et_gb_content_width":""},"product_brand":[],"product_cat":[331,329,143,81],"product_tag":[],"class_list":{"0":"post-2398","1":"product","2":"type-product","3":"status-publish","4":"has-post-thumbnail","6":"product_cat-clair","7":"product_cat-neutre","8":"product_cat-nuancier-actuel","9":"product_cat-peintures-de-finition","11":"first","12":"instock","13":"taxable","14":"shipping-taxable","15":"purchasable","16":"product-type-variable"},"acf":[],"_links":{"self":[{"href":"https:\/\/www.sorainstyles.com\/boutique\/wp-json\/wp\/v2\/product\/2398","targetHints":{"allow":["GET"]}}],"collection":[{"href":"https:\/\/www.sorainstyles.com\/boutique\/wp-json\/wp\/v2\/product"}],"about":[{"href":"https:\/\/www.sorainstyles.com\/boutique\/wp-json\/wp\/v2\/types\/product"}],"wp:featuredmedia":[{"embeddable":true,"href":"https:\/\/www.sorainstyles.com\/boutique\/wp-json\/wp\/v2\/media\/14301"}],"wp:attachment":[{"href":"https:\/\/www.sorainstyles.com\/boutique\/wp-json\/wp\/v2\/media?parent=2398"}],"wp:term":[{"taxonomy":"product_brand","embeddable":true,"href":"https:\/\/www.sorainstyles.com\/boutique\/wp-json\/wp\/v2\/product_brand?post=2398"},{"taxonomy":"product_cat","embeddable":true,"href":"https:\/\/www.sorainstyles.com\/boutique\/wp-json\/wp\/v2\/product_cat?post=2398"},{"taxonomy":"product_tag","embeddable":true,"href":"https:\/\/www.sorainstyles.com\/boutique\/wp-json\/wp\/v2\/product_tag?post=2398"}],"curies":[{"name":"wp","href":"https:\/\/api.w.org\/{rel}","templated":true}]}}