{"id":2396,"date":"2021-12-07T18:36:09","date_gmt":"2021-12-07T17:36:09","guid":{"rendered":"https:\/\/www.sorainstyles.com\/boutique\/produit\/white-tie-2002\/"},"modified":"2025-10-15T09:58:02","modified_gmt":"2025-10-15T07:58:02","slug":"white-tie-2002","status":"publish","type":"product","link":"https:\/\/www.sorainstyles.com\/boutique\/produit\/white-tie-2002\/","title":{"rendered":"White Tie 2002"},"content":{"rendered":"<h1 class=\"product-hero__title\">White Tie &#8211;\u00a0No. 2002 de chez Farrow &amp; Ball<\/h1>\n<h2>Un blanc cass\u00e9 clair<\/h2>\n<p>Ce blanc ravissant porte le nom du vieux coton empes\u00e9 avant l\u2019avivage, utilis\u00e9 pour les vestes de soir\u00e9e blanches. La teinte No.2002 &#8211; White Tie introduit une douce chaleur dans n\u2019importe quelle pi\u00e8ce de la maison. Sa touche de pigment <a href=\"https:\/\/www.cotemaison.fr\/couleurs\/quelle-couleur-ne-se-marie-pas-avec-le-noir_34338.html\" target=\"_blank\" rel=\"noopener\">noir<\/a> lui conf\u00e8re d\u2019autant plus de profondeur. Mariez-le \u00e0 Matchstick, String et New White pour un d\u00e9cor d\u00e9licat et r\u00e9confortant gr\u00e2ce \u00e0 ses tons cr\u00e8mes sous-jacents.<\/p>\n<p>Primer &amp; Undercoat recommand\u00e9e: <a href=\"https:\/\/www.sorainstyles.com\/boutique\/categorie-produit\/appret-sous-couches\/white-and-light-tones\/\" target=\"_blank\" rel=\"noopener\">White and Light Tones<\/a><\/p>\n<p>Blanc compl\u00e9mentaire : <a href=\"https:\/\/www.sorainstyles.com\/boutique\/produit\/wimborne-white-239\/\" target=\"_blank\" rel=\"noopener\">Wimborne White<\/a><\/p>\n<h3>4 exemples d&rsquo;harmonies de couleurs avec la teinte White Tie &#8211; No.2002<\/h3>\n<ul>\n<li>Wimborne White No.239 &#8211; All White No.2005<\/li>\n<li>New White No.59 &#8211; Matchstick No.2013<\/li>\n<li>Farrow&rsquo;s Cream No.67 &#8211; Dorset Cream No.68<\/li>\n<li>Ringwold Ground No.208 &#8211; Dead Salmon No.28<\/li>\n<\/ul>\n<h3>Information produit<\/h3>\n<h4>A base d&rsquo;eau et sans danger pour les enfants<\/h4>\n<p>En 2010, Farrow &amp; Ball a \u00e9t\u00e9 les premiers du secteur \u00e0 passer \u00e0 une gamme de finitions \u00e9labor\u00e9es enti\u00e8rement \u00e0 base d\u2019eau. En effet, ces finitions \u00e0 faible teneur en COV et pratiquement sans odeur sont faciles \u00e0 nettoyer sans recourir \u00e0 des solvants nocifs.<\/p>\n<h4>Finitions de qualit\u00e9<\/h4>\n<p>Tout d&rsquo;abord, chacune de nos couleurs est disponible dans une gamme de finitions de peinture d\u2019int\u00e9rieur et d\u2019ext\u00e9rieur. Ensuite, chaque finition est test\u00e9e de mani\u00e8re rigoureuse pour garantir un fini durable et une profondeur de couleur exceptionnelle. Enfin, pour obtenir les meilleurs r\u00e9sultats, nous recommandons toujours d\u2019utiliser une Impression &amp; Sous-couche Farrow &amp; Ball &#8211; voir plus haut pour trouver la tonalit\u00e9 de couleur exacte pour cette peinture.<\/p>\n","protected":false},"excerpt":{"rendered":"<h3>Un blanc cass\u00e9 clair<\/h3>\n<p>White Tie est un blanc chaleureux avec une touche de pigment noir qui lui conf\u00e8re plus de profondeur. Cette couleur apporte une douce chaleur pour un d\u00e9cor d\u00e9licat et r\u00e9confortant.<\/p>\n<p>Sous-couche recommand\u00e9e : <a href=\"https:\/\/www.sorainstyles.com\/boutique\/categorie-produit\/appret-sous-couches\/white-and-light-tones\/\" target=\"_blank\" rel=\"noopener\">White and Light Tones<\/a><\/p>\n","protected":false},"featured_media":14289,"template":"","meta":{"_acf_changed":false,"_et_pb_use_builder":"","_et_pb_old_content":"","_et_gb_content_width":""},"product_brand":[],"product_cat":[331,329,143,81],"product_tag":[715,406,371,366,362,714],"class_list":{"0":"post-2396","1":"product","2":"type-product","3":"status-publish","4":"has-post-thumbnail","6":"product_cat-clair","7":"product_cat-neutre","8":"product_cat-nuancier-actuel","9":"product_cat-peintures-de-finition","10":"product_tag-715","11":"product_tag-couleur","12":"product_tag-farrow","13":"product_tag-farrowball","14":"product_tag-peinture","15":"product_tag-white-tie","17":"first","18":"instock","19":"taxable","20":"shipping-taxable","21":"purchasable","22":"product-type-variable"},"acf":[],"_links":{"self":[{"href":"https:\/\/www.sorainstyles.com\/boutique\/wp-json\/wp\/v2\/product\/2396","targetHints":{"allow":["GET"]}}],"collection":[{"href":"https:\/\/www.sorainstyles.com\/boutique\/wp-json\/wp\/v2\/product"}],"about":[{"href":"https:\/\/www.sorainstyles.com\/boutique\/wp-json\/wp\/v2\/types\/product"}],"wp:featuredmedia":[{"embeddable":true,"href":"https:\/\/www.sorainstyles.com\/boutique\/wp-json\/wp\/v2\/media\/14289"}],"wp:attachment":[{"href":"https:\/\/www.sorainstyles.com\/boutique\/wp-json\/wp\/v2\/media?parent=2396"}],"wp:term":[{"taxonomy":"product_brand","embeddable":true,"href":"https:\/\/www.sorainstyles.com\/boutique\/wp-json\/wp\/v2\/product_brand?post=2396"},{"taxonomy":"product_cat","embeddable":true,"href":"https:\/\/www.sorainstyles.com\/boutique\/wp-json\/wp\/v2\/product_cat?post=2396"},{"taxonomy":"product_tag","embeddable":true,"href":"https:\/\/www.sorainstyles.com\/boutique\/wp-json\/wp\/v2\/product_tag?post=2396"}],"curies":[{"name":"wp","href":"https:\/\/api.w.org\/{rel}","templated":true}]}}