{"id":2394,"date":"2021-12-07T18:36:05","date_gmt":"2021-12-07T17:36:05","guid":{"rendered":"https:\/\/www.sorainstyles.com\/boutique\/produit\/strong-white-2001\/"},"modified":"2025-10-15T10:00:14","modified_gmt":"2025-10-15T08:00:14","slug":"strong-white-2001","status":"publish","type":"product","link":"https:\/\/www.sorainstyles.com\/boutique\/produit\/strong-white-2001\/","title":{"rendered":"Strong White 2001"},"content":{"rendered":"<h1 class=\"product-hero__title\">Strong White &#8211; No.2001 de chez Farrow &amp; Ball<\/h1>\n<h2>Un blanc \u00e0 base de gris<\/h2>\n<p>Ce blanc frais est \u00e0 la fois intense et solide. Appartenant \u00e0 nos Neutres Contemporains, la teinte No.2001 &#8211; Strong White a des tons sous-jacents <a href=\"https:\/\/www.cotemaison.fr\/peintures-carrelages-papier-peint\/peinture-mur-gris-nuances-de-gris_20585.html\" target=\"_blank\" rel=\"noopener\">gris<\/a> clairs tr\u00e8s urbains qui injectent une touche contemporaine aux demeures d\u2019\u00e9poque, tout en s&rsquo;accordant \u00e0 merveille aux d\u00e9cors des habitations modernes. Associez-le \u00e0 n\u2019importe quelle harmonie compos\u00e9e de Skimming Stone, Elephant\u2019s Breath et Dove Tale pour un d\u00e9cor naturellement coh\u00e9rent.<\/p>\n<p>Primer &amp; Undercoat recommand\u00e9e: <a href=\"https:\/\/www.sorainstyles.com\/boutique\/categorie-produit\/appret-sous-couches\/white-and-light-tones\/\" target=\"_blank\" rel=\"noopener\">White and Light Tones<\/a><\/p>\n<p>Blanc compl\u00e9mentaire :<a href=\"https:\/\/www.sorainstyles.com\/boutique\/produit\/all-white-2005\/\" target=\"_blank\" rel=\"noopener\"> All White<\/a><\/p>\n<h3>5 exemples d&rsquo;harmonies de couleurs avec la teinte Strong White &#8211; No.2001<\/h3>\n<ul>\n<li>Purbeck Stone No.275 &#8211; Mole&rsquo;s Breath No.276<\/li>\n<li>Wevet No.273 &#8211; All White No.2005<\/li>\n<li>Wine Dark No.308 &#8211; Bamboozle No.304<\/li>\n<li>Skimming Stone No.241 &#8211; Elephant&rsquo;s Breath No.229<\/li>\n<li>Charleston Gray No.243 &#8211; London Clay No.244<\/li>\n<\/ul>\n<h3>Information produit<\/h3>\n<h4>A base d&rsquo;eau et sans danger pour les enfants<\/h4>\n<p>En 2010, Farrow &amp; Ball a \u00e9t\u00e9 les premiers du secteur \u00e0 passer \u00e0 une gamme de finitions \u00e9labor\u00e9es enti\u00e8rement \u00e0 base d\u2019eau. En effet, ces finitions \u00e0 faible teneur en COV et pratiquement sans odeur sont faciles \u00e0 nettoyer sans recourir \u00e0 des solvants nocifs.<\/p>\n<h4>Finitions de qualit\u00e9<\/h4>\n<p>Tout d&rsquo;abord, chacune de nos couleurs est disponible dans une gamme de finitions de peinture d\u2019int\u00e9rieur et d\u2019ext\u00e9rieur. Ensuite, chaque finition est test\u00e9e de mani\u00e8re rigoureuse pour garantir un fini durable et une profondeur de couleur exceptionnelle. Enfin, pour obtenir les meilleurs r\u00e9sultats, nous recommandons toujours d\u2019utiliser une Impression &amp; Sous-couche Farrow &amp; Ball &#8211; voir plus haut pour trouver la tonalit\u00e9 de couleur exacte pour cette peinture.<\/p>\n","protected":false},"excerpt":{"rendered":"<h3>Un blanc \u00e0 base de gris<\/h3>\n<p>Strong White est un blanc frais et intense avec des tons sous-jacents gris clairs. Cette couleur apporte une touche contemporaine aux demeures d\u2019\u00e9poque et aux habitations modernes.<\/p>\n<p>Sous-couche recommand\u00e9e : <a href=\"https:\/\/www.sorainstyles.com\/boutique\/categorie-produit\/appret-sous-couches\/white-and-light-tones\/\" target=\"_blank\" rel=\"noopener\">White and Light Tones<\/a><\/p>\n","protected":false},"featured_media":14309,"template":"","meta":{"_acf_changed":false,"_et_pb_use_builder":"","_et_pb_old_content":"","_et_gb_content_width":""},"product_brand":[],"product_cat":[331,329,143,81],"product_tag":[717,406,371,366,362,716],"class_list":{"0":"post-2394","1":"product","2":"type-product","3":"status-publish","4":"has-post-thumbnail","6":"product_cat-clair","7":"product_cat-neutre","8":"product_cat-nuancier-actuel","9":"product_cat-peintures-de-finition","10":"product_tag-717","11":"product_tag-couleur","12":"product_tag-farrow","13":"product_tag-farrowball","14":"product_tag-peinture","15":"product_tag-strong-white","17":"first","18":"instock","19":"taxable","20":"shipping-taxable","21":"purchasable","22":"product-type-variable"},"acf":[],"_links":{"self":[{"href":"https:\/\/www.sorainstyles.com\/boutique\/wp-json\/wp\/v2\/product\/2394","targetHints":{"allow":["GET"]}}],"collection":[{"href":"https:\/\/www.sorainstyles.com\/boutique\/wp-json\/wp\/v2\/product"}],"about":[{"href":"https:\/\/www.sorainstyles.com\/boutique\/wp-json\/wp\/v2\/types\/product"}],"wp:featuredmedia":[{"embeddable":true,"href":"https:\/\/www.sorainstyles.com\/boutique\/wp-json\/wp\/v2\/media\/14309"}],"wp:attachment":[{"href":"https:\/\/www.sorainstyles.com\/boutique\/wp-json\/wp\/v2\/media?parent=2394"}],"wp:term":[{"taxonomy":"product_brand","embeddable":true,"href":"https:\/\/www.sorainstyles.com\/boutique\/wp-json\/wp\/v2\/product_brand?post=2394"},{"taxonomy":"product_cat","embeddable":true,"href":"https:\/\/www.sorainstyles.com\/boutique\/wp-json\/wp\/v2\/product_cat?post=2394"},{"taxonomy":"product_tag","embeddable":true,"href":"https:\/\/www.sorainstyles.com\/boutique\/wp-json\/wp\/v2\/product_tag?post=2394"}],"curies":[{"name":"wp","href":"https:\/\/api.w.org\/{rel}","templated":true}]}}