{"id":2391,"date":"2021-12-07T18:36:04","date_gmt":"2021-12-07T17:36:04","guid":{"rendered":"https:\/\/www.sorainstyles.com\/boutique\/produit\/radicchio-96\/"},"modified":"2025-10-15T12:11:58","modified_gmt":"2025-10-15T10:11:58","slug":"radicchio-96","status":"publish","type":"product","link":"https:\/\/www.sorainstyles.com\/boutique\/produit\/radicchio-96\/","title":{"rendered":"Radicchio 96"},"content":{"rendered":"<h1 class=\"product-hero__title\">Archive Collection : Radicchio &#8211; No.96 de chez Farrow &amp; Ball<\/h1>\n<h2>Un rouge cramoisi moderne<\/h2>\n<p>Ce rouge \u00e9clatant et moderne, tient son nom de la couleur rouge singuli\u00e8re des feuilles de la chicor\u00e9e italienne. M\u00eame s\u2019il est adouci par du magenta, la teinte No.96 &#8211; Radicchio contient moins de pigment <a href=\"https:\/\/blogs.cotemaison.fr\/happy-life\/2015\/02\/18\/un-autre-bleu\/\" target=\"_blank\" rel=\"noopener\">bleu<\/a> qu\u2019Eating Room Red ce qui le rend plus vif et lui conf\u00e8re un aspect plus contemporain. Il emplit la pi\u00e8ce d\u2019\u00e9nergie sans pour autant avoir la force d\u2019un rouge pur.<\/p>\n<p>Primer &amp; Undercoat recommand\u00e9e: <a href=\"https:\/\/www.sorainstyles.com\/boutique\/categorie-produit\/appret-sous-couches\/red-and-warm-tones\/\" target=\"_blank\" rel=\"noopener\">Red and Warm Tones<\/a><\/p>\n<p>Blanc compl\u00e9mentaire : <a href=\"https:\/\/www.sorainstyles.com\/boutique\/produit\/dimity-2008\/\" target=\"_blank\" rel=\"noopener\">Dimity<\/a><\/p>\n<h3>2 exemples d&rsquo;harmonies de couleurs avec la teinte Radicchio &#8211; No.96<\/h3>\n<ul>\n<li>Calke Green No.34 &#8211; Stiffkey Blue No.281<\/li>\n<li>Charleston Gray No.243 &#8211; Pigeon No.25<\/li>\n<\/ul>\n<h3>Information produit<\/h3>\n<h4>A base d&rsquo;eau et sans danger pour les enfants<\/h4>\n<p>En 2010, Farrow &amp; Ball a \u00e9t\u00e9 les premiers du secteur \u00e0 passer \u00e0 une gamme de finitions \u00e9labor\u00e9es enti\u00e8rement \u00e0 base d\u2019eau. En effet, ces finitions \u00e0 faible teneur en COV et pratiquement sans odeur sont faciles \u00e0 nettoyer sans recourir \u00e0 des solvants nocifs.<\/p>\n<h4>Finitions de qualit\u00e9<\/h4>\n<p>Tout d&rsquo;abord, chacune de nos couleurs est disponible dans une gamme de finitions de peinture d\u2019int\u00e9rieur et d\u2019ext\u00e9rieur. Ensuite, chaque finition est test\u00e9e de mani\u00e8re rigoureuse pour garantir un fini durable et une profondeur de couleur exceptionnelle. Enfin, pour obtenir les meilleurs r\u00e9sultats, nous recommandons toujours d\u2019utiliser une Impression &amp; Sous-couche Farrow &amp; Ball &#8211; voir plus haut pour trouver la tonalit\u00e9 de couleur exacte pour cette peinture.<\/p>\n","protected":false},"excerpt":{"rendered":"<h3>Un rouge cramoisi moderne<\/h3>\n<p>Radicchio est un rouge vif et moderne qui poss\u00e8de tr\u00e8s peu de tonalit\u00e9s sous-jacentes bleu. Il emplit la pi\u00e8ce d\u2019\u00e9nergie sans pour autant avoir la force d\u2019un rouge pur.<\/p>\n<p>Sous-couche recommand\u00e9e : <a href=\"https:\/\/www.sorainstyles.com\/boutique\/categorie-produit\/appret-sous-couches\/red-and-warm-tones\/\" target=\"_blank\" rel=\"noopener\">Red and Warm Tones<\/a><\/p>\n","protected":false},"featured_media":14123,"template":"","meta":{"_acf_changed":false,"_et_pb_use_builder":"","_et_pb_old_content":"","_et_gb_content_width":""},"product_brand":[],"product_cat":[343,196,81,110],"product_tag":[719,406,371,366,362,718,351],"class_list":{"0":"post-2391","1":"product","2":"type-product","3":"status-publish","4":"has-post-thumbnail","6":"product_cat-archive","7":"product_cat-intense","8":"product_cat-peintures-de-finition","9":"product_cat-rouge","10":"product_tag-719","11":"product_tag-couleur","12":"product_tag-farrow","13":"product_tag-farrowball","14":"product_tag-peinture","15":"product_tag-radicchio","16":"product_tag-rouge","18":"first","19":"instock","20":"taxable","21":"shipping-taxable","22":"purchasable","23":"product-type-variable"},"acf":[],"_links":{"self":[{"href":"https:\/\/www.sorainstyles.com\/boutique\/wp-json\/wp\/v2\/product\/2391","targetHints":{"allow":["GET"]}}],"collection":[{"href":"https:\/\/www.sorainstyles.com\/boutique\/wp-json\/wp\/v2\/product"}],"about":[{"href":"https:\/\/www.sorainstyles.com\/boutique\/wp-json\/wp\/v2\/types\/product"}],"wp:featuredmedia":[{"embeddable":true,"href":"https:\/\/www.sorainstyles.com\/boutique\/wp-json\/wp\/v2\/media\/14123"}],"wp:attachment":[{"href":"https:\/\/www.sorainstyles.com\/boutique\/wp-json\/wp\/v2\/media?parent=2391"}],"wp:term":[{"taxonomy":"product_brand","embeddable":true,"href":"https:\/\/www.sorainstyles.com\/boutique\/wp-json\/wp\/v2\/product_brand?post=2391"},{"taxonomy":"product_cat","embeddable":true,"href":"https:\/\/www.sorainstyles.com\/boutique\/wp-json\/wp\/v2\/product_cat?post=2391"},{"taxonomy":"product_tag","embeddable":true,"href":"https:\/\/www.sorainstyles.com\/boutique\/wp-json\/wp\/v2\/product_tag?post=2391"}],"curies":[{"name":"wp","href":"https:\/\/api.w.org\/{rel}","templated":true}]}}