{"id":2378,"date":"2021-12-07T18:35:14","date_gmt":"2021-12-07T17:35:14","guid":{"rendered":"https:\/\/www.sorainstyles.com\/boutique\/produit\/studio-green-93\/"},"modified":"2025-10-15T15:32:56","modified_gmt":"2025-10-15T13:32:56","slug":"studio-green-93","status":"publish","type":"product","link":"https:\/\/www.sorainstyles.com\/boutique\/produit\/studio-green-93\/","title":{"rendered":"Studio Green 93"},"content":{"rendered":"<h1 class=\"product-hero__title\">Studio Green &#8211;\u00a0No. 93 de chez Farrow &amp; Ball<\/h1>\n<h2>Un vert sombre et profond<\/h2>\n<p>La teinte No.93 &#8211; Studio Green est le vert le plus fonc\u00e9 du nuancier Farrow &amp; Ball. Par ailleurs, cette couleur est appliqu\u00e9e \u00e0 l\u2019<a href=\"https:\/\/www.cotemaison.fr\/atelier-deco\/repeindre-facade-exterieure-d-une-maison-ou-extension_24728.html\" target=\"_blank\" rel=\"noopener\">ext\u00e9rieur<\/a> du studio de fabrication originel de Farrow &amp; Ball dans lequel un grand nombre de nos toutes premi\u00e8res couleurs ont \u00e9t\u00e9 cr\u00e9\u00e9es. Lorsqu&rsquo;on applique cette couleur sur des surfaces ext\u00e9rieures, ses riches pigments r\u00e9agissent de mani\u00e8re extraordinaire \u00e0 tous les types de luminosit\u00e9. En effet, ils font para\u00eetre comme par magie la couleur bien plus verte que sur notre nuancier. \u00c0 l\u2019int\u00e9rieur de la maison, en revanche, cette intense tonalit\u00e9 semble presque noire \u00e0 moins d\u2019\u00eatre utilis\u00e9e dans des pi\u00e8ces tr\u00e8s lumineuses.<\/p>\n<p>Primer &amp; Undercoat recommand\u00e9e: <a href=\"https:\/\/www.sorainstyles.com\/boutique\/categorie-produit\/appret-sous-couches\/dark-tones\/\" target=\"_blank\" rel=\"noopener\">Dark Tones<\/a><\/p>\n<p>Blanc compl\u00e9mentaire : <a href=\"https:\/\/www.sorainstyles.com\/boutique\/produit\/off-white-3\/\">Off-White<\/a><\/p>\n<h3>5 exemples d&rsquo;harmonies de couleurs avec la teinte Studio Green &#8211; No.93<\/h3>\n<ul>\n<li>Bone No.15 &#8211; Radicchio No.96<\/li>\n<li>Light Gray No.17 &#8211; Old White No.4<\/li>\n<li>Card Room Green No.79 &#8211; Railings No.31<\/li>\n<li>Beverly No.310 &#8211; Calke Green No.34<\/li>\n<li>Preference Red No.297 &#8211; Pitch Black No.256<\/li>\n<\/ul>\n<h3>Information produit<\/h3>\n<h4>A base d&rsquo;eau et sans danger pour les enfants<\/h4>\n<p>En 2010, Farrow &amp; Ball a \u00e9t\u00e9 les premiers du secteur \u00e0 passer \u00e0 une gamme de finitions \u00e9labor\u00e9es enti\u00e8rement \u00e0 base d\u2019eau. En effet, ces finitions \u00e0 faible teneur en COV et pratiquement sans odeur sont faciles \u00e0 nettoyer sans recourir \u00e0 des solvants nocifs.<\/p>\n<h4>Finitions de qualit\u00e9<\/h4>\n<p>Tout d&rsquo;abord, chacune de nos couleurs est disponible dans une gamme de finitions de peinture d\u2019int\u00e9rieur et d\u2019ext\u00e9rieur. Ensuite, chaque finition est test\u00e9e de mani\u00e8re rigoureuse pour garantir un fini durable et une profondeur de couleur exceptionnelle. Enfin, pour obtenir les meilleurs r\u00e9sultats, nous recommandons toujours d\u2019utiliser une Impression &amp; Sous-couche Farrow &amp; Ball &#8211; voir plus haut pour trouver la tonalit\u00e9 de couleur exacte pour cette peinture.<\/p>\n","protected":false},"excerpt":{"rendered":"<h3>Un vert sombre et profond<\/h3>\n<p>Notre vert le plus fonc\u00e9 r\u00e9agit de mani\u00e8re extraordinaire \u00e0 la lumi\u00e8re ext\u00e9rieure en paraissant plus vert, tandis qu&rsquo;\u00e0 l&rsquo;int\u00e9rieur, il semble presque noir sauf dans les pi\u00e8ces tr\u00e8s lumineuses.<\/p>\n<p>Sous-couche recommand\u00e9e : <a href=\"https:\/\/www.sorainstyles.com\/boutique\/categorie-produit\/appret-sous-couches\/dark-tones\/\" target=\"_blank\" rel=\"noopener\">Dark Tones<\/a><\/p>\n","protected":false},"featured_media":14197,"template":"","meta":{"_acf_changed":false,"_et_pb_use_builder":"","_et_pb_old_content":"","_et_gb_content_width":""},"product_brand":[],"product_cat":[341,143,81,92],"product_tag":[725,406,371,366,362,724,350],"class_list":{"0":"post-2378","1":"product","2":"type-product","3":"status-publish","4":"has-post-thumbnail","6":"product_cat-fonce-luminosite","7":"product_cat-nuancier-actuel","8":"product_cat-peintures-de-finition","9":"product_cat-vert","10":"product_tag-725","11":"product_tag-couleur","12":"product_tag-farrow","13":"product_tag-farrowball","14":"product_tag-peinture","15":"product_tag-studio-green","16":"product_tag-vert","18":"first","19":"instock","20":"taxable","21":"shipping-taxable","22":"purchasable","23":"product-type-variable"},"acf":[],"_links":{"self":[{"href":"https:\/\/www.sorainstyles.com\/boutique\/wp-json\/wp\/v2\/product\/2378","targetHints":{"allow":["GET"]}}],"collection":[{"href":"https:\/\/www.sorainstyles.com\/boutique\/wp-json\/wp\/v2\/product"}],"about":[{"href":"https:\/\/www.sorainstyles.com\/boutique\/wp-json\/wp\/v2\/types\/product"}],"wp:featuredmedia":[{"embeddable":true,"href":"https:\/\/www.sorainstyles.com\/boutique\/wp-json\/wp\/v2\/media\/14197"}],"wp:attachment":[{"href":"https:\/\/www.sorainstyles.com\/boutique\/wp-json\/wp\/v2\/media?parent=2378"}],"wp:term":[{"taxonomy":"product_brand","embeddable":true,"href":"https:\/\/www.sorainstyles.com\/boutique\/wp-json\/wp\/v2\/product_brand?post=2378"},{"taxonomy":"product_cat","embeddable":true,"href":"https:\/\/www.sorainstyles.com\/boutique\/wp-json\/wp\/v2\/product_cat?post=2378"},{"taxonomy":"product_tag","embeddable":true,"href":"https:\/\/www.sorainstyles.com\/boutique\/wp-json\/wp\/v2\/product_tag?post=2378"}],"curies":[{"name":"wp","href":"https:\/\/api.w.org\/{rel}","templated":true}]}}