{"id":2347,"date":"2021-12-07T18:34:33","date_gmt":"2021-12-07T17:34:33","guid":{"rendered":"https:\/\/www.sorainstyles.com\/boutique\/produit\/chinese-blue-90\/"},"modified":"2025-10-02T14:06:54","modified_gmt":"2025-10-02T12:06:54","slug":"chinese-blue-90","status":"publish","type":"product","link":"https:\/\/www.sorainstyles.com\/boutique\/produit\/chinese-blue-90\/","title":{"rendered":"Chinese Blue 90"},"content":{"rendered":"<h1 class=\"product-hero__title\">Archive Collection : Chinese Blue &#8211;\u00a0No.90 de chez Farrow &amp; Ball<\/h1>\n<h2>Un bleu classique inspir\u00e9 des c\u00e9ramiques<\/h2>\n<p>La teinte No.90 &#8211; Chinese Blue est plus chaleureuse que Cook\u2019s Blue et plus lumineuse que Stone Blue. Cette couleur a \u00e9t\u00e9 inspir\u00e9e par les c\u00e9ramiques chinoises \u00e0 motifs <a href=\"https:\/\/blogs.cotemaison.fr\/happy-life\/\" target=\"_blank\" rel=\"noopener\">bleus<\/a> et blancs expos\u00e9es dans la pi\u00e8ce pour laquelle elle a \u00e9t\u00e9 command\u00e9e \u00e0 l\u2019origine.<\/p>\n<p>Primer &amp; Undercoat recommand\u00e9e: <a href=\"https:\/\/www.sorainstyles.com\/boutique\/categorie-produit\/appret-sous-couches\/dark-tones\/\" target=\"_blank\" rel=\"noopener\">Dark Tones<\/a><\/p>\n<p>Blanc compl\u00e9mentaire: <a href=\"https:\/\/www.sorainstyles.com\/boutique\/produit\/shadow-white-282\/\" target=\"_blank\" rel=\"noopener\">Shadow White<\/a><\/p>\n<h3>Exemple d&rsquo;harmonie de couleur avec la teinte Chinese Blue &#8211; No.90<\/h3>\n<ul>\n<li>Radicchio No.96 &#8211; Drop Cloth No.283<\/li>\n<\/ul>\n<h3>Information produit<\/h3>\n<p>A base d&rsquo;eau et sans danger pour les enfants<\/p>\n<p>En 2010, Farrow &amp; Ball a \u00e9t\u00e9 les premiers du secteur \u00e0 passer \u00e0 une gamme de finitions \u00e9labor\u00e9es enti\u00e8rement \u00e0 base d\u2019eau. En effet, ces finitions \u00e0 faible teneur en COV et pratiquement sans odeur sont faciles \u00e0 nettoyer sans recourir \u00e0 des solvants nocifs.<\/p>\n<h3>Finitions de qualit\u00e9<\/h3>\n<p>Tout d&rsquo;abord, chacune de nos couleurs est disponible dans une gamme de finitions de peinture d\u2019int\u00e9rieur et d\u2019ext\u00e9rieur. Ensuite, chaque finition est test\u00e9e de mani\u00e8re rigoureuse pour garantir un fini durable et une profondeur de couleur exceptionnelle. Enfin, pour obtenir les meilleurs r\u00e9sultats, nous recommandons toujours d\u2019utiliser une Impression &amp; Sous-couche Farrow &amp; Ball &#8211; voir plus haut pour trouver la tonalit\u00e9 de couleur exacte pour cette peinture.<\/p>\n","protected":false},"excerpt":{"rendered":"<h3>Un bleu classique inspir\u00e9 des c\u00e9ramiques<\/h3>\n<p>Inspir\u00e9e par les c\u00e9ramiques chinoises bleues et blanches, cette couleur chaleureuse et lumineuse s\u2019adapte \u00e0 de nombreuses pi\u00e8ces.<\/p>\n<p>Sous-couche recommand\u00e9e : <a href=\"https:\/\/www.sorainstyles.com\/boutique\/categorie-produit\/appret-sous-couches\/dark-tones\/\" target=\"_blank\" rel=\"noopener\">Dark Tones<\/a><\/p>\n","protected":false},"featured_media":14051,"template":"","meta":{"_acf_changed":false,"_et_pb_use_builder":"","_et_pb_old_content":"","_et_gb_content_width":""},"product_brand":[],"product_cat":[343,330,98,81],"product_tag":[731,730,406,371,366,362],"class_list":{"0":"post-2347","1":"product","2":"type-product","3":"status-publish","4":"has-post-thumbnail","6":"product_cat-archive","7":"product_cat-bleu","8":"product_cat-moyen","9":"product_cat-peintures-de-finition","10":"product_tag-731","11":"product_tag-chinese-blue","12":"product_tag-couleur","13":"product_tag-farrow","14":"product_tag-farrowball","15":"product_tag-peinture","17":"first","18":"instock","19":"taxable","20":"shipping-taxable","21":"purchasable","22":"product-type-variable"},"acf":[],"_links":{"self":[{"href":"https:\/\/www.sorainstyles.com\/boutique\/wp-json\/wp\/v2\/product\/2347","targetHints":{"allow":["GET"]}}],"collection":[{"href":"https:\/\/www.sorainstyles.com\/boutique\/wp-json\/wp\/v2\/product"}],"about":[{"href":"https:\/\/www.sorainstyles.com\/boutique\/wp-json\/wp\/v2\/types\/product"}],"wp:featuredmedia":[{"embeddable":true,"href":"https:\/\/www.sorainstyles.com\/boutique\/wp-json\/wp\/v2\/media\/14051"}],"wp:attachment":[{"href":"https:\/\/www.sorainstyles.com\/boutique\/wp-json\/wp\/v2\/media?parent=2347"}],"wp:term":[{"taxonomy":"product_brand","embeddable":true,"href":"https:\/\/www.sorainstyles.com\/boutique\/wp-json\/wp\/v2\/product_brand?post=2347"},{"taxonomy":"product_cat","embeddable":true,"href":"https:\/\/www.sorainstyles.com\/boutique\/wp-json\/wp\/v2\/product_cat?post=2347"},{"taxonomy":"product_tag","embeddable":true,"href":"https:\/\/www.sorainstyles.com\/boutique\/wp-json\/wp\/v2\/product_tag?post=2347"}],"curies":[{"name":"wp","href":"https:\/\/api.w.org\/{rel}","templated":true}]}}