{"id":2339,"date":"2021-12-07T18:34:25","date_gmt":"2021-12-07T17:34:25","guid":{"rendered":"https:\/\/www.sorainstyles.com\/boutique\/produit\/lamp-room-gray-88\/"},"modified":"2025-10-07T13:37:37","modified_gmt":"2025-10-07T11:37:37","slug":"lamp-room-gray-88","status":"publish","type":"product","link":"https:\/\/www.sorainstyles.com\/boutique\/produit\/lamp-room-gray-88\/","title":{"rendered":"Lamp Room Gray 88"},"content":{"rendered":"<h1 class=\"product-hero__title\">Lamp Room Gray &#8211;\u00a0No. 88 de chez Farrow &amp; Ball<\/h1>\n<h2>Notre gris moyen traditionnel<\/h2>\n<p>Le nom de notre gris bleu le plus traditionnel d\u00e9crit \u00e0 l\u2019origine la couleur des murs blancs salis par le mouchage des lampes \u00e0 p\u00e9trole. La teinte No.88 &#8211; Lamp Room Gray permet de cr\u00e9er un d\u00e9cor plus doux et plus confortable que Pavilion Gray.<\/p>\n<p>Primer &amp; Undercoat recommand\u00e9e: <a href=\"https:\/\/www.sorainstyles.com\/boutique\/categorie-produit\/appret-sous-couches\/mid-tones\/\" target=\"_blank\" rel=\"noopener\">Mid Tones<\/a><\/p>\n<p>Blanc compl\u00e9mentaire : <a href=\"https:\/\/www.sorainstyles.com\/boutique\/produit\/blackened-2011\/\" target=\"_blank\" rel=\"noopener\">Blackened<\/a><\/p>\n<h3>5 exemples d&rsquo;harmonies de couleurs avec la teinte Lamp Room Gray &#8211; No.88<\/h3>\n<ul>\n<li>Stiffkey Blue No.281 &#8211; Ammonite No.274<\/li>\n<li>Dimpse No.277 &#8211; Pavilion Gray No.242<\/li>\n<li>Wevet No.273 &#8211; Blackened No.2011<\/li>\n<li>Down Pipe No.26 &#8211; Off-Black No.57<\/li>\n<li>Templeton Pink No.303 &#8211; Kittiwake No.307<\/li>\n<\/ul>\n<h3>Information produit<\/h3>\n<h4>A base d&rsquo;eau et sans danger pour les enfants<\/h4>\n<p>En 2010, Farrow &amp; Ball a \u00e9t\u00e9 les premiers du secteur \u00e0 passer \u00e0 une gamme de finitions \u00e9labor\u00e9es enti\u00e8rement \u00e0 base d\u2019eau. En effet, ces finitions \u00e0 faible teneur en COV et pratiquement sans odeur sont faciles \u00e0 nettoyer sans recourir \u00e0 des solvants nocifs.<\/p>\n<h4>Finitions de qualit\u00e9<\/h4>\n<p>Tout d&rsquo;abord, chacune de nos couleurs est disponible dans une gamme de finitions de peinture d\u2019int\u00e9rieur et d\u2019ext\u00e9rieur. Ensuite, chaque finition est test\u00e9e de mani\u00e8re rigoureuse pour garantir un fini durable et une profondeur de couleur exceptionnelle. Enfin, pour obtenir les meilleurs r\u00e9sultats, nous recommandons toujours d\u2019utiliser une Impression &amp; Sous-couche Farrow &amp; Ball &#8211; voir plus haut pour trouver la tonalit\u00e9 de couleur exacte pour cette peinture.<\/p>\n","protected":false},"excerpt":{"rendered":"<h3>Notre gris moyen traditionnel<\/h3>\n<p>Lamp Room Gray, un gris bleu classique, offre un d\u00e9cor doux et confortable, apparaissant plus intense dans les petites pi\u00e8ces et plus l\u00e9ger dans les grands espaces bien \u00e9clair\u00e9s, tout en restant une couleur intemporelle.<\/p>\n<p>Sous-couche recommand\u00e9e : <a href=\"https:\/\/www.sorainstyles.com\/boutique\/categorie-produit\/appret-sous-couches\/mid-tones\/\" target=\"_blank\" rel=\"noopener\">Mid Tones<\/a><\/p>\n","protected":false},"featured_media":14274,"template":"","meta":{"_acf_changed":false,"_et_pb_use_builder":"","_et_pb_old_content":"","_et_gb_content_width":""},"product_brand":[],"product_cat":[98,329,143,81],"product_tag":[735,406,371,366,734,362],"class_list":{"0":"post-2339","1":"product","2":"type-product","3":"status-publish","4":"has-post-thumbnail","6":"product_cat-moyen","7":"product_cat-neutre","8":"product_cat-nuancier-actuel","9":"product_cat-peintures-de-finition","10":"product_tag-735","11":"product_tag-couleur","12":"product_tag-farrow","13":"product_tag-farrowball","14":"product_tag-lamp-room-gray","15":"product_tag-peinture","17":"first","18":"instock","19":"taxable","20":"shipping-taxable","21":"purchasable","22":"product-type-variable"},"acf":[],"_links":{"self":[{"href":"https:\/\/www.sorainstyles.com\/boutique\/wp-json\/wp\/v2\/product\/2339","targetHints":{"allow":["GET"]}}],"collection":[{"href":"https:\/\/www.sorainstyles.com\/boutique\/wp-json\/wp\/v2\/product"}],"about":[{"href":"https:\/\/www.sorainstyles.com\/boutique\/wp-json\/wp\/v2\/types\/product"}],"wp:featuredmedia":[{"embeddable":true,"href":"https:\/\/www.sorainstyles.com\/boutique\/wp-json\/wp\/v2\/media\/14274"}],"wp:attachment":[{"href":"https:\/\/www.sorainstyles.com\/boutique\/wp-json\/wp\/v2\/media?parent=2339"}],"wp:term":[{"taxonomy":"product_brand","embeddable":true,"href":"https:\/\/www.sorainstyles.com\/boutique\/wp-json\/wp\/v2\/product_brand?post=2339"},{"taxonomy":"product_cat","embeddable":true,"href":"https:\/\/www.sorainstyles.com\/boutique\/wp-json\/wp\/v2\/product_cat?post=2339"},{"taxonomy":"product_tag","embeddable":true,"href":"https:\/\/www.sorainstyles.com\/boutique\/wp-json\/wp\/v2\/product_tag?post=2339"}],"curies":[{"name":"wp","href":"https:\/\/api.w.org\/{rel}","templated":true}]}}