{"id":2336,"date":"2021-12-07T18:34:20","date_gmt":"2021-12-07T17:34:20","guid":{"rendered":"https:\/\/www.sorainstyles.com\/boutique\/produit\/sloe-blue-87\/"},"modified":"2025-10-02T14:12:49","modified_gmt":"2025-10-02T12:12:49","slug":"sloe-blue-87","status":"publish","type":"product","link":"https:\/\/www.sorainstyles.com\/boutique\/produit\/sloe-blue-87\/","title":{"rendered":"Sloe Blue 87"},"content":{"rendered":"<h1 class=\"product-hero__title\">Archive Collection : Sloe Blue &#8211; No.87 de chez Farrow &amp; Ball<\/h1>\n<h2>Un bleu fort teint\u00e9 noire<\/h2>\n<p>La teinte No.87 &#8211; Sloe Blue se situe entre Oval Room Blue et Inchyra Blue. Ce bleu teint\u00e9 de noire est la couleur parfaite pour des pi\u00e8ces \u00e0 vivre <a href=\"https:\/\/blogs.cotemaison.fr\/archiboom\/2016\/10\/30\/sublime-villa-contemporaine-en-indonesie\/\" target=\"_blank\" rel=\"noopener\">contemporaines<\/a> ou des boiseries ext\u00e9rieures uniques.<\/p>\n<p>Primer &amp; Undercoat recommand\u00e9e: <a href=\"https:\/\/www.sorainstyles.com\/boutique\/categorie-produit\/appret-sous-couches\/dark-tones\/\" target=\"_blank\" rel=\"noopener\">Dark Tones<\/a><\/p>\n<div class=\"content-area\">\n<div class=\"gallery__intro-wrapper vertical-spacing\">\n<div class=\"row\">\n<div class=\"col-sm-12 col-md-6 col-lg-5 col-lg-offset-2\">\n<div class=\"gallery__intro\">\n<div class=\"ui-textMD2\">\n<p>Blanc compl\u00e9mentaire: <a href=\"https:\/\/www.sorainstyles.com\/boutique\/produit\/shaded-white-201\/\" target=\"_blank\" rel=\"noopener\">Shaded White<\/a><\/p>\n<h3>4 exemples d&rsquo;harmonies de couleurs avec la teinte Sloe Blue &#8211; No.87<\/h3>\n<ul>\n<li>Oval Room Blue No.85 &#8211; Drop Cloth No.283<\/li>\n<li>Potted Shrimp No.9906 &#8211; Inchyra Blue No.289<\/li>\n<li>Yeabridge Green No.287 &#8211; Purbeck Stone No.275<\/li>\n<li>Oval Room Blue No.85 &#8211; Potted Shrimp No.9906<\/li>\n<\/ul>\n<h3>Information produit<\/h3>\n<h4>A base d&rsquo;eau et sans danger pour les enfants<\/h4>\n<p>En 2010, Farrow &amp; Ball a \u00e9t\u00e9 les premiers du secteur \u00e0 passer \u00e0 une gamme de finitions \u00e9labor\u00e9es enti\u00e8rement \u00e0 base d\u2019eau. En effet, ces finitions \u00e0 faible teneur en COV et pratiquement sans odeur sont faciles \u00e0 nettoyer sans recourir \u00e0 des solvants nocifs.<\/p>\n<h4>Finitions de qualit\u00e9<\/h4>\n<p>Tout d&rsquo;abord, chacune de nos couleurs est disponible dans une gamme de finitions de peinture d\u2019int\u00e9rieur et d\u2019ext\u00e9rieur. Ensuite, chaque finition est test\u00e9e de mani\u00e8re rigoureuse pour garantir un fini durable et une profondeur de couleur exceptionnelle. Enfin, pour obtenir les meilleurs r\u00e9sultats, nous recommandons toujours d\u2019utiliser une Impression &amp; Sous-couche Farrow &amp; Ball &#8211; voir plus haut pour trouver la tonalit\u00e9 de couleur exacte pour cette peinture.<\/p>\n<\/div>\n<\/div>\n<\/div>\n<\/div>\n<\/div>\n<\/div>\n","protected":false},"excerpt":{"rendered":"<h3>Un bleu fort teint\u00e9 noire<\/h3>\n<p>Sloe Blue, un bleu teint\u00e9 de noir est id\u00e9al pour les espaces de vie contemporains ou les boiseries ext\u00e9rieures.<\/p>\n<p>Sous-couche recommand\u00e9e : <a href=\"https:\/\/www.sorainstyles.com\/boutique\/categorie-produit\/appret-sous-couches\/dark-tones\/\" target=\"_blank\" rel=\"noopener\">Dark Tones<\/a><\/p>\n","protected":false},"featured_media":14064,"template":"","meta":{"_acf_changed":false,"_et_pb_use_builder":"","_et_pb_old_content":"","_et_gb_content_width":""},"product_brand":[],"product_cat":[343,330,139,98,81],"product_tag":[737,406,371,366,362,736],"class_list":{"0":"post-2336","1":"product","2":"type-product","3":"status-publish","4":"has-post-thumbnail","6":"product_cat-archive","7":"product_cat-bleu","8":"product_cat-liberty-collection","9":"product_cat-moyen","10":"product_cat-peintures-de-finition","11":"product_tag-737","12":"product_tag-couleur","13":"product_tag-farrow","14":"product_tag-farrowball","15":"product_tag-peinture","16":"product_tag-sloe-blue","18":"first","19":"instock","20":"taxable","21":"shipping-taxable","22":"purchasable","23":"product-type-variable"},"acf":[],"_links":{"self":[{"href":"https:\/\/www.sorainstyles.com\/boutique\/wp-json\/wp\/v2\/product\/2336","targetHints":{"allow":["GET"]}}],"collection":[{"href":"https:\/\/www.sorainstyles.com\/boutique\/wp-json\/wp\/v2\/product"}],"about":[{"href":"https:\/\/www.sorainstyles.com\/boutique\/wp-json\/wp\/v2\/types\/product"}],"wp:featuredmedia":[{"embeddable":true,"href":"https:\/\/www.sorainstyles.com\/boutique\/wp-json\/wp\/v2\/media\/14064"}],"wp:attachment":[{"href":"https:\/\/www.sorainstyles.com\/boutique\/wp-json\/wp\/v2\/media?parent=2336"}],"wp:term":[{"taxonomy":"product_brand","embeddable":true,"href":"https:\/\/www.sorainstyles.com\/boutique\/wp-json\/wp\/v2\/product_brand?post=2336"},{"taxonomy":"product_cat","embeddable":true,"href":"https:\/\/www.sorainstyles.com\/boutique\/wp-json\/wp\/v2\/product_cat?post=2336"},{"taxonomy":"product_tag","embeddable":true,"href":"https:\/\/www.sorainstyles.com\/boutique\/wp-json\/wp\/v2\/product_tag?post=2336"}],"curies":[{"name":"wp","href":"https:\/\/api.w.org\/{rel}","templated":true}]}}