{"id":2333,"date":"2021-12-07T18:34:18","date_gmt":"2021-12-07T17:34:18","guid":{"rendered":"https:\/\/www.sorainstyles.com\/boutique\/produit\/stone-blue-86\/"},"modified":"2025-10-02T14:16:57","modified_gmt":"2025-10-02T12:16:57","slug":"stone-blue-86","status":"publish","type":"product","link":"https:\/\/www.sorainstyles.com\/boutique\/produit\/stone-blue-86\/","title":{"rendered":"Stone Blue 86"},"content":{"rendered":"<h1 class=\"product-hero__title\">Stone Blue &#8211;\u00a0No. 86 de chez Farrow &amp; Ball<\/h1>\n<h2>Un bleu vif<\/h2>\n<p>Cette couleur doit son nom au pigment <a href=\"https:\/\/www.cotemaison.fr\/couleurs\/couleurs-le-bleu-indigo-dans-la-deco_26958.html\" target=\"_blank\" rel=\"noopener\">indigo<\/a> qui \u00e9tait souvent import\u00e9 en morceaux au XVIIIe si\u00e8cle. Cette couleur vive et satur\u00e9e peut \u00eatre utilis\u00e9e avec des tons plus chauds comme Pelt pour cr\u00e9er un style vintage et accueillant. Elle peut \u00e9galement se marier avec Mole&rsquo;s Breath, aux nuances plus fra\u00eeches, pour un rendu plus pur et contemporain.<\/p>\n<p>Primer &amp; Undercoat recommand\u00e9e: <a href=\"https:\/\/www.sorainstyles.com\/boutique\/categorie-produit\/appret-sous-couches\/mid-tones\/\" target=\"_blank\" rel=\"noopener\">Mid Tones<\/a><\/p>\n<p>Blanc compl\u00e9mentaire : <a href=\"https:\/\/www.sorainstyles.com\/boutique\/produit\/ammonite-274\/\" target=\"_blank\" rel=\"noopener\">Ammonite<\/a><\/p>\n<h3>4 exemples d&rsquo;harmonies de couleurs avec la teinte Stone Blue &#8211; No.86<\/h3>\n<ul>\n<li>Shadow White No.282 &#8211; Drop Cloth No.283<\/li>\n<li>Rectory Red No.217 &#8211; Arsenic No.214<\/li>\n<li>Sulking Room Pink No.295 &#8211; Pelt No.254<\/li>\n<li>Worsted No.284 &#8211; Bancha No.298<\/li>\n<\/ul>\n<h3>Information produit<\/h3>\n<h4>A base d&rsquo;eau et sans danger pour les enfants<\/h4>\n<p>En 2010, Farrow &amp; Ball a \u00e9t\u00e9 les premiers du secteur \u00e0 passer \u00e0 une gamme de finitions \u00e9labor\u00e9es enti\u00e8rement \u00e0 base d\u2019eau. En effet, ces finitions \u00e0 faible teneur en COV et pratiquement sans odeur sont faciles \u00e0 nettoyer sans recourir \u00e0 des solvants nocifs.<\/p>\n<h4>Finitions de qualit\u00e9<\/h4>\n<p>Tout d&rsquo;abord, chacune de nos couleurs est disponible dans une gamme de finitions de peinture d\u2019int\u00e9rieur et d\u2019ext\u00e9rieur. Ensuite, chaque finition est test\u00e9e de mani\u00e8re rigoureuse pour garantir un fini durable et une profondeur de couleur exceptionnelle. Enfin, pour obtenir les meilleurs r\u00e9sultats, nous recommandons toujours d\u2019utiliser une Impression &amp; Sous-couche Farrow &amp; Ball &#8211; voir plus haut pour trouver la tonalit\u00e9 de couleur exacte pour cette peinture.<\/p>\n","protected":false},"excerpt":{"rendered":"<h3>Un bleu vif<\/h3>\n<p>Stone Blue est un bleu chaud et intemporel. Cette couleur vive et satur\u00e9e peut \u00eatre utilis\u00e9e avec des tons plus chauds pour cr\u00e9er un style vintage. Et \u00e0 l\u2019inverse, pour un rendu plus pur et contemporain marier le avec des gris, il para\u00eetra plus distingu\u00e9.<\/p>\n<p>Sous-couche recommand\u00e9e : <a href=\"https:\/\/www.sorainstyles.com\/boutique\/categorie-produit\/appret-sous-couches\/mid-tones\/\" target=\"_blank\" rel=\"noopener\">Mid Tones<\/a><\/p>\n","protected":false},"featured_media":14216,"template":"","meta":{"_acf_changed":false,"_et_pb_use_builder":"","_et_pb_old_content":"","_et_gb_content_width":""},"product_brand":[],"product_cat":[330,98,143,81],"product_tag":[739,406,371,366,362,738],"class_list":{"0":"post-2333","1":"product","2":"type-product","3":"status-publish","4":"has-post-thumbnail","6":"product_cat-bleu","7":"product_cat-moyen","8":"product_cat-nuancier-actuel","9":"product_cat-peintures-de-finition","10":"product_tag-739","11":"product_tag-couleur","12":"product_tag-farrow","13":"product_tag-farrowball","14":"product_tag-peinture","15":"product_tag-stone-blue","17":"first","18":"instock","19":"taxable","20":"shipping-taxable","21":"purchasable","22":"product-type-variable"},"acf":[],"_links":{"self":[{"href":"https:\/\/www.sorainstyles.com\/boutique\/wp-json\/wp\/v2\/product\/2333","targetHints":{"allow":["GET"]}}],"collection":[{"href":"https:\/\/www.sorainstyles.com\/boutique\/wp-json\/wp\/v2\/product"}],"about":[{"href":"https:\/\/www.sorainstyles.com\/boutique\/wp-json\/wp\/v2\/types\/product"}],"wp:featuredmedia":[{"embeddable":true,"href":"https:\/\/www.sorainstyles.com\/boutique\/wp-json\/wp\/v2\/media\/14216"}],"wp:attachment":[{"href":"https:\/\/www.sorainstyles.com\/boutique\/wp-json\/wp\/v2\/media?parent=2333"}],"wp:term":[{"taxonomy":"product_brand","embeddable":true,"href":"https:\/\/www.sorainstyles.com\/boutique\/wp-json\/wp\/v2\/product_brand?post=2333"},{"taxonomy":"product_cat","embeddable":true,"href":"https:\/\/www.sorainstyles.com\/boutique\/wp-json\/wp\/v2\/product_cat?post=2333"},{"taxonomy":"product_tag","embeddable":true,"href":"https:\/\/www.sorainstyles.com\/boutique\/wp-json\/wp\/v2\/product_tag?post=2333"}],"curies":[{"name":"wp","href":"https:\/\/api.w.org\/{rel}","templated":true}]}}