{"id":2327,"date":"2021-12-07T18:34:16","date_gmt":"2021-12-07T17:34:16","guid":{"rendered":"https:\/\/www.sorainstyles.com\/boutique\/produit\/oval-room-blue-85-2\/"},"modified":"2025-10-02T14:18:53","modified_gmt":"2025-10-02T12:18:53","slug":"oval-room-blue-85-2","status":"publish","type":"product","link":"https:\/\/www.sorainstyles.com\/boutique\/produit\/oval-room-blue-85-2\/","title":{"rendered":"Oval Room Blue 85"},"content":{"rendered":"<h1 class=\"product-hero__title\">Oval Room Blue &#8211;\u00a0No. 85 de chez Farrow &amp; Ball<\/h1>\n<h2>Un bleu sombre historique<\/h2>\n<p>La teinte No.85 &#8211; Oval Room Blue est notre bleu ayant le plus de fond noir, ce qui lui donne son aspect l\u00e9g\u00e8rement patin\u00e9. Tenant son nom des pi\u00e8ces \u00e0 la forme \u00e9l\u00e9gante datant de la fin du XVIIIe si\u00e8cle, il s\u2019harmonise \u00e0 la perfection avec nos gris populaires afin de cr\u00e9er profondeur et \u00e9quilibre dans un <a href=\"https:\/\/www.cotemaison.fr\/espace\/diaporama\/comment-decorer-un-couloir-d-entree_34404.html\" target=\"_blank\" rel=\"noopener\">hall d\u2019entr\u00e9e<\/a>, ou bien dans une pi\u00e8ce familiale o\u00f9 il am\u00e8nera du confort.<\/p>\n<p>Primer &amp; Undercoat recommand\u00e9e: <a href=\"https:\/\/www.sorainstyles.com\/boutique\/categorie-produit\/appret-sous-couches\/mid-tones\/\" target=\"_blank\" rel=\"noopener\">Mid Tones<\/a><\/p>\n<p>Blanc compl\u00e9mentaire : <a href=\"https:\/\/www.sorainstyles.com\/boutique\/produit\/ammonite-274\/\" target=\"_blank\" rel=\"noopener\">Ammonite<\/a><\/p>\n<h3>3 exemples d&rsquo;harmonies de couleurs avec la teinte Oval Room Blue &#8211; No.85<\/h3>\n<ul>\n<li>Cornforth White No.228 &#8211; Purbeck Stone No.275<\/li>\n<li>Mole&rsquo;s Breath No.276 &#8211; Setting Plaster No.231<\/li>\n<li>Railings No.31 &#8211; Inchyra Blue No.289<\/li>\n<\/ul>\n<h3>Information produit<\/h3>\n<h4>A base d&rsquo;eau et sans danger pour les enfants<\/h4>\n<p>En 2010, Farrow &amp; Ball a \u00e9t\u00e9 les premiers du secteur \u00e0 passer \u00e0 une gamme de finitions \u00e9labor\u00e9es enti\u00e8rement \u00e0 base d\u2019eau. En effet, ces finitions \u00e0 faible teneur en COV et pratiquement sans odeur sont faciles \u00e0 nettoyer sans recourir \u00e0 des solvants nocifs.<\/p>\n<h4>Finitions de qualit\u00e9<\/h4>\n<p>Tout d&rsquo;abord, chacune de nos couleurs est disponible dans une gamme de finitions de peinture d\u2019int\u00e9rieur et d\u2019ext\u00e9rieur. Ensuite, chaque finition est test\u00e9e de mani\u00e8re rigoureuse pour garantir un fini durable et une profondeur de couleur exceptionnelle. Enfin, pour obtenir les meilleurs r\u00e9sultats, nous recommandons toujours d\u2019utiliser une Impression &amp; Sous-couche Farrow &amp; Ball &#8211; voir plus haut pour trouver la tonalit\u00e9 de couleur exacte pour cette peinture.<\/p>\n","protected":false},"excerpt":{"rendered":"<h3>Un bleu sombre historique<\/h3>\n<p>Oval Room Blue, avec son fond noir donne un aspect l\u00e9g\u00e8rement patin\u00e9. Par ailleurs, cette couleur s\u2019harmonise parfaitement avec des gris populaires pour apporter de la profondeur.<\/p>\n<p>Sous-couche recommand\u00e9e : <a href=\"https:\/\/www.sorainstyles.com\/boutique\/categorie-produit\/appret-sous-couches\/mid-tones\/\" target=\"_blank\" rel=\"noopener\">Mid Tones<\/a><\/p>\n","protected":false},"featured_media":14233,"template":"","meta":{"_acf_changed":false,"_et_pb_use_builder":"","_et_pb_old_content":"","_et_gb_content_width":""},"product_brand":[],"product_cat":[330,98,143,81],"product_tag":[741,406,371,366,740,362],"class_list":{"0":"post-2327","1":"product","2":"type-product","3":"status-publish","4":"has-post-thumbnail","6":"product_cat-bleu","7":"product_cat-moyen","8":"product_cat-nuancier-actuel","9":"product_cat-peintures-de-finition","10":"product_tag-741","11":"product_tag-couleur","12":"product_tag-farrow","13":"product_tag-farrowball","14":"product_tag-oval-room-blue","15":"product_tag-peinture","17":"first","18":"instock","19":"taxable","20":"shipping-taxable","21":"purchasable","22":"product-type-variable"},"acf":[],"_links":{"self":[{"href":"https:\/\/www.sorainstyles.com\/boutique\/wp-json\/wp\/v2\/product\/2327","targetHints":{"allow":["GET"]}}],"collection":[{"href":"https:\/\/www.sorainstyles.com\/boutique\/wp-json\/wp\/v2\/product"}],"about":[{"href":"https:\/\/www.sorainstyles.com\/boutique\/wp-json\/wp\/v2\/types\/product"}],"wp:featuredmedia":[{"embeddable":true,"href":"https:\/\/www.sorainstyles.com\/boutique\/wp-json\/wp\/v2\/media\/14233"}],"wp:attachment":[{"href":"https:\/\/www.sorainstyles.com\/boutique\/wp-json\/wp\/v2\/media?parent=2327"}],"wp:term":[{"taxonomy":"product_brand","embeddable":true,"href":"https:\/\/www.sorainstyles.com\/boutique\/wp-json\/wp\/v2\/product_brand?post=2327"},{"taxonomy":"product_cat","embeddable":true,"href":"https:\/\/www.sorainstyles.com\/boutique\/wp-json\/wp\/v2\/product_cat?post=2327"},{"taxonomy":"product_tag","embeddable":true,"href":"https:\/\/www.sorainstyles.com\/boutique\/wp-json\/wp\/v2\/product_tag?post=2327"}],"curies":[{"name":"wp","href":"https:\/\/api.w.org\/{rel}","templated":true}]}}