{"id":2319,"date":"2021-12-07T18:34:06","date_gmt":"2021-12-07T17:34:06","guid":{"rendered":"https:\/\/www.sorainstyles.com\/boutique\/produit\/green-blue-84\/"},"modified":"2025-10-02T14:21:20","modified_gmt":"2025-10-02T12:21:20","slug":"green-blue-84","status":"publish","type":"product","link":"https:\/\/www.sorainstyles.com\/boutique\/produit\/green-blue-84\/","title":{"rendered":"Green Blue 84"},"content":{"rendered":"<h1 class=\"product-hero__title\">Green Blue &#8211;\u00a0No. 84 de chez Farrow &amp; Ball<\/h1>\n<h2>Tout simplement bleu vert<\/h2>\n<p>La teinte No.84 &#8211; Green Blue est le grand favori des<a href=\"https:\/\/www.cotemaison.fr\/salle-de-bains\/envie-de-salle-de-bain-des-solutions-pour-chacun_31697.html\" target=\"_blank\" rel=\"noopener\"> salles de bain<\/a> familiales, car le vert doux y introduit une note de chaleur tandis que le bleu clair apporte un certain \u00e9l\u00e9ment de fra\u00eecheur. Essayez de l\u2019associer \u00e0 des murs accents plus p\u00e2les en Pale Powder.<\/p>\n<p>Primer &amp; Undercoat recommand\u00e9e: <a href=\"https:\/\/www.sorainstyles.com\/boutique\/categorie-produit\/appret-sous-couches\/mid-tones\/\" target=\"_blank\" rel=\"noopener\">Mid Tones<\/a><\/p>\n<p>Blanc compl\u00e9mentaire : <a href=\"https:\/\/www.sorainstyles.com\/boutique\/produit\/wevet-273\/\" target=\"_blank\" rel=\"noopener\">Wevet<\/a><\/p>\n<h3>4 exemples d&rsquo;harmonies de couleurs avec la teinte Green Blue &#8211; No.84<\/h3>\n<ul>\n<li>Pointing No.2003 &#8211; Slipper Satin No.2004<\/li>\n<li>Inchyra Blue No.289 &#8211; Pavilion Blue No.252<\/li>\n<li>Pale Powder No.204 &#8211; Teresa&rsquo;s Green No.236<\/li>\n<li>Mole&rsquo;s Breath No.276 &#8211; Down Pipe No.26<\/li>\n<\/ul>\n<h3>Information produit<\/h3>\n<h4>A base d&rsquo;eau et sans danger pour les enfants<\/h4>\n<p>En 2010, Farrow &amp; Ball a \u00e9t\u00e9 les premiers du secteur \u00e0 passer \u00e0 une gamme de finitions \u00e9labor\u00e9es enti\u00e8rement \u00e0 base d\u2019eau. En effet, ces finitions \u00e0 faible teneur en COV et pratiquement sans odeur sont faciles \u00e0 nettoyer sans recourir \u00e0 des solvants nocifs.<\/p>\n<h4>Finitions de qualit\u00e9<\/h4>\n<p>Tout d&rsquo;abord, chacune de nos couleurs est disponible dans une gamme de finitions de peinture d\u2019int\u00e9rieur et d\u2019ext\u00e9rieur. Ensuite, chaque finition est test\u00e9e de mani\u00e8re rigoureuse pour garantir un fini durable et une profondeur de couleur exceptionnelle. Enfin, pour obtenir les meilleurs r\u00e9sultats, nous recommandons toujours d\u2019utiliser une Impression &amp; Sous-couche Farrow &amp; Ball &#8211; voir plus haut pour trouver la tonalit\u00e9 de couleur exacte pour cette peinture.<\/p>\n","protected":false},"excerpt":{"rendered":"<h3>Tout simplement bleu vert<\/h3>\n<p>Cette couleur cam\u00e9l\u00e9on, change de teinte entre bleu et vert selon la lumi\u00e8re du jour, ce qui en fait un choix id\u00e9al car le vert ajoute de la chaleur et le bleu une touche de fra\u00eecheur.<\/p>\n<p>Sous-couche recommand\u00e9e : <a href=\"https:\/\/www.sorainstyles.com\/boutique\/categorie-produit\/appret-sous-couches\/mid-tones\/\" target=\"_blank\" rel=\"noopener\">Mid Tones<\/a><\/p>\n","protected":false},"featured_media":14220,"template":"","meta":{"_acf_changed":false,"_et_pb_use_builder":"","_et_pb_old_content":"","_et_gb_content_width":""},"product_brand":[],"product_cat":[330,98,143,81],"product_tag":[743,406,371,366,742,362],"class_list":{"0":"post-2319","1":"product","2":"type-product","3":"status-publish","4":"has-post-thumbnail","6":"product_cat-bleu","7":"product_cat-moyen","8":"product_cat-nuancier-actuel","9":"product_cat-peintures-de-finition","10":"product_tag-743","11":"product_tag-couleur","12":"product_tag-farrow","13":"product_tag-farrowball","14":"product_tag-green-blue","15":"product_tag-peinture","17":"first","18":"instock","19":"taxable","20":"shipping-taxable","21":"purchasable","22":"product-type-variable"},"acf":[],"_links":{"self":[{"href":"https:\/\/www.sorainstyles.com\/boutique\/wp-json\/wp\/v2\/product\/2319","targetHints":{"allow":["GET"]}}],"collection":[{"href":"https:\/\/www.sorainstyles.com\/boutique\/wp-json\/wp\/v2\/product"}],"about":[{"href":"https:\/\/www.sorainstyles.com\/boutique\/wp-json\/wp\/v2\/types\/product"}],"wp:featuredmedia":[{"embeddable":true,"href":"https:\/\/www.sorainstyles.com\/boutique\/wp-json\/wp\/v2\/media\/14220"}],"wp:attachment":[{"href":"https:\/\/www.sorainstyles.com\/boutique\/wp-json\/wp\/v2\/media?parent=2319"}],"wp:term":[{"taxonomy":"product_brand","embeddable":true,"href":"https:\/\/www.sorainstyles.com\/boutique\/wp-json\/wp\/v2\/product_brand?post=2319"},{"taxonomy":"product_cat","embeddable":true,"href":"https:\/\/www.sorainstyles.com\/boutique\/wp-json\/wp\/v2\/product_cat?post=2319"},{"taxonomy":"product_tag","embeddable":true,"href":"https:\/\/www.sorainstyles.com\/boutique\/wp-json\/wp\/v2\/product_tag?post=2319"}],"curies":[{"name":"wp","href":"https:\/\/api.w.org\/{rel}","templated":true}]}}