{"id":2314,"date":"2021-12-07T18:34:05","date_gmt":"2021-12-07T17:34:05","guid":{"rendered":"https:\/\/www.sorainstyles.com\/boutique\/produit\/chappell-green-83\/"},"modified":"2025-10-15T15:40:12","modified_gmt":"2025-10-15T13:40:12","slug":"chappell-green-83","status":"publish","type":"product","link":"https:\/\/www.sorainstyles.com\/boutique\/produit\/chappell-green-83\/","title":{"rendered":"Chappell Green 83"},"content":{"rendered":"<h1 class=\"product-hero__title\">Archive Collection: Chappell Green &#8211;\u00a0No. 83 de chez Farrow &amp; Ball<\/h1>\n<h2>Un vert-bleu l\u00e9g\u00e8rement assourdi<\/h2>\n<p>La teinte No.83 &#8211; Chappell Green est \u00e0 la fois l\u00e9g\u00e8rement plus vert et plus intense que Green Blue, et tout aussi changeant. Il para\u00eet r\u00e9solument bleu quand il est mis en contraste avec des tons plus chauds, et vert quand il est associ\u00e9 \u00e0 des teintes plus froides. Tr\u00e8s gai et accueillant, c\u2019est un grand favori pour les <a href=\"https:\/\/www.cotemaison.fr\/cuisine\/diaporama\/la-cuisine-pastel-des-modeles-a-adopter_34535.html\" target=\"_blank\" rel=\"noopener\">cuisines<\/a>.<\/p>\n<p>Primer &amp; Undercoat recommand\u00e9e: <a href=\"https:\/\/www.sorainstyles.com\/boutique\/categorie-produit\/appret-sous-couches\/mid-tones\/\" target=\"_blank\" rel=\"noopener\">Mid Tones<\/a><\/p>\n<p>Blanc compl\u00e9mentaire: <a href=\"https:\/\/www.sorainstyles.com\/boutique\/produit\/slipper-satin-2004\/\" target=\"_blank\" rel=\"noopener\">Slipper Satin<\/a><\/p>\n<h3>5 exemples d&rsquo;harmonies de couleurs avec la teinte Chappell Green &#8211; No.83<\/h3>\n<ul>\n<li>Green Blue No.84 &#8211; Stony Ground No.211<\/li>\n<li>Dead Salmon No.28 &#8211; Farrow&rsquo;s Cream No.67<\/li>\n<li>Pavilion Blue No.252 &#8211; Lime White No.1<\/li>\n<li>Pale Powder No.204 &#8211; Teresa&rsquo;s Green No.236<\/li>\n<li>Green Blue No.84 &#8211; Tanner&rsquo;s Brown No.255<\/li>\n<\/ul>\n<h3>Information produit<\/h3>\n<h4>A base d&rsquo;eau et sans danger pour les enfants<\/h4>\n<p>En 2010, Farrow &amp; Ball a \u00e9t\u00e9 les premiers du secteur \u00e0 passer \u00e0 une gamme de finitions \u00e9labor\u00e9es enti\u00e8rement \u00e0 base d\u2019eau. En effet, ces finitions \u00e0 faible teneur en COV et pratiquement sans odeur sont faciles \u00e0 nettoyer sans recourir \u00e0 des solvants nocifs.<\/p>\n<h4>Finitions de qualit\u00e9<\/h4>\n<p>Tout d&rsquo;abord, chacune de nos couleurs est disponible dans une gamme de finitions de peinture d\u2019int\u00e9rieur et d\u2019ext\u00e9rieur. Ensuite, chaque finition est test\u00e9e de mani\u00e8re rigoureuse pour garantir un fini durable et une profondeur de couleur exceptionnelle. Enfin, pour obtenir les meilleurs r\u00e9sultats, nous recommandons toujours d\u2019utiliser une Impression &amp; Sous-couche Farrow &amp; Ball &#8211; voir plus haut pour trouver la tonalit\u00e9 de couleur exacte pour cette peinture.<\/p>\n","protected":false},"excerpt":{"rendered":"<h3>Un vert-bleu l\u00e9g\u00e8rement assourdi<\/h3>\n<p>Cette couleur para\u00eet bleue lorsqu&rsquo;elle est en contraste avec des tons plus chauds, et se transforme en vert lorsqu&rsquo;elle est associ\u00e9e \u00e0 des teintes plus froides.<\/p>\n<p>Sous-couche recommand\u00e9e : <a href=\"https:\/\/www.sorainstyles.com\/boutique\/categorie-produit\/appret-sous-couches\/mid-tones\/\" target=\"_blank\" rel=\"noopener\">Mid Tones<\/a><\/p>\n","protected":false},"featured_media":14070,"template":"","meta":{"_acf_changed":false,"_et_pb_use_builder":"","_et_pb_old_content":"","_et_gb_content_width":""},"product_brand":[],"product_cat":[343,98,81,92],"product_tag":[745,744,406,371,366,362,350],"class_list":{"0":"post-2314","1":"product","2":"type-product","3":"status-publish","4":"has-post-thumbnail","6":"product_cat-archive","7":"product_cat-moyen","8":"product_cat-peintures-de-finition","9":"product_cat-vert","10":"product_tag-745","11":"product_tag-chappell-green","12":"product_tag-couleur","13":"product_tag-farrow","14":"product_tag-farrowball","15":"product_tag-peinture","16":"product_tag-vert","18":"first","19":"instock","20":"taxable","21":"shipping-taxable","22":"purchasable","23":"product-type-variable"},"acf":[],"_links":{"self":[{"href":"https:\/\/www.sorainstyles.com\/boutique\/wp-json\/wp\/v2\/product\/2314","targetHints":{"allow":["GET"]}}],"collection":[{"href":"https:\/\/www.sorainstyles.com\/boutique\/wp-json\/wp\/v2\/product"}],"about":[{"href":"https:\/\/www.sorainstyles.com\/boutique\/wp-json\/wp\/v2\/types\/product"}],"wp:featuredmedia":[{"embeddable":true,"href":"https:\/\/www.sorainstyles.com\/boutique\/wp-json\/wp\/v2\/media\/14070"}],"wp:attachment":[{"href":"https:\/\/www.sorainstyles.com\/boutique\/wp-json\/wp\/v2\/media?parent=2314"}],"wp:term":[{"taxonomy":"product_brand","embeddable":true,"href":"https:\/\/www.sorainstyles.com\/boutique\/wp-json\/wp\/v2\/product_brand?post=2314"},{"taxonomy":"product_cat","embeddable":true,"href":"https:\/\/www.sorainstyles.com\/boutique\/wp-json\/wp\/v2\/product_cat?post=2314"},{"taxonomy":"product_tag","embeddable":true,"href":"https:\/\/www.sorainstyles.com\/boutique\/wp-json\/wp\/v2\/product_tag?post=2314"}],"curies":[{"name":"wp","href":"https:\/\/api.w.org\/{rel}","templated":true}]}}