{"id":2311,"date":"2021-12-07T18:34:00","date_gmt":"2021-12-07T17:34:00","guid":{"rendered":"https:\/\/www.sorainstyles.com\/boutique\/produit\/dix-blue-82\/"},"modified":"2025-10-02T08:56:21","modified_gmt":"2025-10-02T06:56:21","slug":"dix-blue-82","status":"publish","type":"product","link":"https:\/\/www.sorainstyles.com\/boutique\/produit\/dix-blue-82\/","title":{"rendered":"Dix Blue 82"},"content":{"rendered":"<h1 class=\"product-hero__title\">Dix Blue &#8211;\u00a0No. 82 de chez Farrow &amp; Ball<\/h1>\n<h2>Un bleu vert propice \u00e0 la d\u00e9tente<\/h2>\n<p>Ce bleu vintage rend hommage \u00e0 l\u2019un des premiers revendeurs Farrow &amp; Ball, bas\u00e9 dans le sud-est de l\u2019Angleterre. Comme bon nombre de nos bleus, la teinte No.82 &#8211; Dix Blue contient une large dose de vert, ce qui le rend \u00e0 la fois chaud et facile \u00e0 vivre. Une touche de pigment noir lui donne un aspect l\u00e9g\u00e8rement patin\u00e9 et vintage, ce qui le rend id\u00e9al pour d\u00e9corer <a href=\"https:\/\/blogs.cotemaison.fr\/studiodarchi\/2012\/10\/18\/xx-e-pour-un-meuble-sur-mesure\/\" target=\"_blank\" rel=\"noopener\">meubles<\/a> r\u00e9nov\u00e9s, lambris et boiseries, ainsi que les murs des salles de s\u00e9jour.<\/p>\n<p>Primer &amp; Undercoat recommand\u00e9e: <a href=\"https:\/\/www.sorainstyles.com\/boutique\/categorie-produit\/appret-sous-couches\/mid-tones\/\" target=\"_blank\" rel=\"noopener\">Mid Tones<\/a><\/p>\n<p>Blanc compl\u00e9mentaire : <a href=\"https:\/\/www.sorainstyles.com\/boutique\/produit\/wevet-273\/\" target=\"_blank\" rel=\"noopener\">Wevet<\/a><\/p>\n<h3>4 exemples d&rsquo;harmonies de couleurs avec la teinte Dix Blue &#8211; No.82<\/h3>\n<ul>\n<li>School House White No.291 &#8211; Pointing No.2003<\/li>\n<li>Shaded White No.201 &#8211; Drop Cloth No.283<\/li>\n<li>Vardo No.288 &#8211; London Clay No.244<\/li>\n<li>Farrow&rsquo;s Cream No.67 &#8211; Cooking Apple Green No.32<\/li>\n<\/ul>\n<h3>Information produit<\/h3>\n<h4>A base d&rsquo;eau et sans danger pour les enfants<\/h4>\n<p>En 2010, Farrow &amp; Ball a \u00e9t\u00e9 les premiers du secteur \u00e0 passer \u00e0 une gamme de finitions \u00e9labor\u00e9es enti\u00e8rement \u00e0 base d\u2019eau. En effet, ces finitions \u00e0 faible teneur en COV et pratiquement sans odeur sont faciles \u00e0 nettoyer sans recourir \u00e0 des solvants nocifs.<\/p>\n<h4>Finitions de qualit\u00e9<\/h4>\n<p>Tout d&rsquo;abord, chacune de nos couleurs est disponible dans une gamme de finitions de peinture d\u2019int\u00e9rieur et d\u2019ext\u00e9rieur. Ensuite, chaque finition est test\u00e9e de mani\u00e8re rigoureuse pour garantir un fini durable et une profondeur de couleur exceptionnelle. Enfin, pour obtenir les meilleurs r\u00e9sultats, nous recommandons toujours d\u2019utiliser une Impression &amp; Sous-couche Farrow &amp; Ball &#8211; voir plus haut pour trouver la tonalit\u00e9 de couleur exacte pour cette peinture.<\/p>\n","protected":false},"excerpt":{"rendered":"<h3>Un bleu vert propice \u00e0 la d\u00e9tente<\/h3>\n<p>Dix Blue, un bleu vintage m\u00eale des tons verts et un soup\u00e7on de pigment noir pour cr\u00e9er une teinte chaude et patin\u00e9e.<span class=\"Apple-converted-space\">\u00a0<\/span><\/p>\n<p>Sous-couche recommand\u00e9e : <a href=\"https:\/\/www.sorainstyles.com\/boutique\/categorie-produit\/appret-sous-couches\/mid-tones\/\" target=\"_blank\" rel=\"noopener\">Mid Tones<\/a><\/p>\n","protected":false},"featured_media":14218,"template":"","meta":{"_acf_changed":false,"_et_pb_use_builder":"","_et_pb_old_content":"","_et_gb_content_width":""},"product_brand":[],"product_cat":[330,98,143,81],"product_tag":[747,406,746,371,366,362],"class_list":{"0":"post-2311","1":"product","2":"type-product","3":"status-publish","4":"has-post-thumbnail","6":"product_cat-bleu","7":"product_cat-moyen","8":"product_cat-nuancier-actuel","9":"product_cat-peintures-de-finition","10":"product_tag-747","11":"product_tag-couleur","12":"product_tag-dix-blue","13":"product_tag-farrow","14":"product_tag-farrowball","15":"product_tag-peinture","17":"first","18":"instock","19":"taxable","20":"shipping-taxable","21":"purchasable","22":"product-type-variable"},"acf":[],"_links":{"self":[{"href":"https:\/\/www.sorainstyles.com\/boutique\/wp-json\/wp\/v2\/product\/2311","targetHints":{"allow":["GET"]}}],"collection":[{"href":"https:\/\/www.sorainstyles.com\/boutique\/wp-json\/wp\/v2\/product"}],"about":[{"href":"https:\/\/www.sorainstyles.com\/boutique\/wp-json\/wp\/v2\/types\/product"}],"wp:featuredmedia":[{"embeddable":true,"href":"https:\/\/www.sorainstyles.com\/boutique\/wp-json\/wp\/v2\/media\/14218"}],"wp:attachment":[{"href":"https:\/\/www.sorainstyles.com\/boutique\/wp-json\/wp\/v2\/media?parent=2311"}],"wp:term":[{"taxonomy":"product_brand","embeddable":true,"href":"https:\/\/www.sorainstyles.com\/boutique\/wp-json\/wp\/v2\/product_brand?post=2311"},{"taxonomy":"product_cat","embeddable":true,"href":"https:\/\/www.sorainstyles.com\/boutique\/wp-json\/wp\/v2\/product_cat?post=2311"},{"taxonomy":"product_tag","embeddable":true,"href":"https:\/\/www.sorainstyles.com\/boutique\/wp-json\/wp\/v2\/product_tag?post=2311"}],"curies":[{"name":"wp","href":"https:\/\/api.w.org\/{rel}","templated":true}]}}