{"id":2308,"date":"2021-12-07T18:33:59","date_gmt":"2021-12-07T17:33:59","guid":{"rendered":"https:\/\/www.sorainstyles.com\/boutique\/produit\/breakfast-room-green-81\/"},"modified":"2025-10-15T15:49:16","modified_gmt":"2025-10-15T13:49:16","slug":"breakfast-room-green-81","status":"publish","type":"product","link":"https:\/\/www.sorainstyles.com\/boutique\/produit\/breakfast-room-green-81\/","title":{"rendered":"Breakfast Room Green 81"},"content":{"rendered":"<div class=\"product-hero__heading-container\">\n<div class=\"product-hero__heading\">\n<h1 class=\"product-hero__title\">Breakfast Room Green &#8211;\u00a0No. 81 de chez Farrow &amp; Ball<\/h1>\n<h2>Un vert joyeux<\/h2>\n<\/div>\n<\/div>\n<p>La teinte No.81 &#8211; Breakfast Room Green est le plus joyeux de tous nos verts. En effet, c&rsquo;est une couleur vivante : de jour, comme \u00e0 la lumi\u00e8re plus douce des chandelles. Tenant son nom des pi\u00e8ces g\u00e9n\u00e9ralement orient\u00e9es \u00e0 l\u2019est o\u00f9 l\u2019on servait le premier repas de la journ\u00e9e, ce vert est particuli\u00e8rement magnifique \u00e0 la lumi\u00e8re de l\u2019aube. Il est d\u2019une beaut\u00e9 particuli\u00e8re lorsqu\u2019il est utilis\u00e9 seul \u00e0 la fois sur les murs et les boiseries.<\/p>\n<p>Primer &amp; Undercoat recommand\u00e9e: <a href=\"https:\/\/www.sorainstyles.com\/boutique\/categorie-produit\/appret-sous-couches\/mid-tones\/\" target=\"_blank\" rel=\"noopener\">Mid Tones<\/a><\/p>\n<p>Blanc compl\u00e9mentaire : <a href=\"https:\/\/www.sorainstyles.com\/boutique\/produit\/slipper-satin-2004\/\" target=\"_blank\" rel=\"noopener\">Slipper Satin<\/a><\/p>\n<h3>4 exemples d&rsquo;harmonies de couleurs avec la teinte Breakfast Room Green &#8211; No.81<\/h3>\n<ul>\n<li>Slipper Satin No.2004 &#8211; Lime White No.1<\/li>\n<li>Off-White No.3 &#8211; Whirlybird No.309<\/li>\n<li>Calke Green No.34 &#8211; Studio Green No.93<\/li>\n<li>Middleton Pink No.245 &#8211; Oval Room Blue No.85<\/li>\n<\/ul>\n<h3>Information produit<\/h3>\n<h4>A base d&rsquo;eau et sans danger pour les enfants<\/h4>\n<p>En 2010, Farrow &amp; Ball a \u00e9t\u00e9 les premiers du secteur \u00e0 passer \u00e0 une gamme de finitions \u00e9labor\u00e9es enti\u00e8rement \u00e0 base d\u2019eau. En effet, ces finitions \u00e0 faible teneur en COV et pratiquement sans odeur sont faciles \u00e0 nettoyer sans recourir \u00e0 des solvants nocifs.<\/p>\n<h4>Finitions de qualit\u00e9<\/h4>\n<p>Tout d&rsquo;abord, chacune de nos couleurs est disponible dans une gamme de finitions de peinture d\u2019int\u00e9rieur et d\u2019ext\u00e9rieur. Ensuite, chaque finition est test\u00e9e de mani\u00e8re rigoureuse pour garantir un fini durable et une profondeur de couleur exceptionnelle. Enfin, pour obtenir les meilleurs r\u00e9sultats, nous recommandons toujours d\u2019utiliser une Impression &amp; Sous-couche Farrow &amp; Ball &#8211; voir plus haut pour trouver la tonalit\u00e9 de couleur exacte pour cette peinture.<\/p>\n","protected":false},"excerpt":{"rendered":"<h3>Un vert joyeux<\/h3>\n<p>Breakfast Room Green est le vert le plus joyeux et vivant du nuancier Farrow &amp; Ball. C\u2019est une couleur tr\u00e8s chaleureuse \u00e0 utiliser autant pour les pi\u00e8ces de vies que pour les chambres.<span class=\"Apple-converted-space\">\u00a0<\/span><\/p>\n<p>Sous-couche recommand\u00e9e : <a href=\"https:\/\/www.sorainstyles.com\/boutique\/categorie-produit\/appret-sous-couches\/mid-tones\/\" target=\"_blank\" rel=\"noopener\">Mid Tones<\/a><\/p>\n","protected":false},"featured_media":14210,"template":"","meta":{"_acf_changed":false,"_et_pb_use_builder":"","_et_pb_old_content":"","_et_gb_content_width":""},"product_brand":[],"product_cat":[341,143,81,92],"product_tag":[748,406,371,366,362,350],"class_list":{"0":"post-2308","1":"product","2":"type-product","3":"status-publish","4":"has-post-thumbnail","6":"product_cat-fonce-luminosite","7":"product_cat-nuancier-actuel","8":"product_cat-peintures-de-finition","9":"product_cat-vert","10":"product_tag-breakfast-room-green","11":"product_tag-couleur","12":"product_tag-farrow","13":"product_tag-farrowball","14":"product_tag-peinture","15":"product_tag-vert","17":"first","18":"instock","19":"taxable","20":"shipping-taxable","21":"purchasable","22":"product-type-variable"},"acf":[],"_links":{"self":[{"href":"https:\/\/www.sorainstyles.com\/boutique\/wp-json\/wp\/v2\/product\/2308","targetHints":{"allow":["GET"]}}],"collection":[{"href":"https:\/\/www.sorainstyles.com\/boutique\/wp-json\/wp\/v2\/product"}],"about":[{"href":"https:\/\/www.sorainstyles.com\/boutique\/wp-json\/wp\/v2\/types\/product"}],"wp:featuredmedia":[{"embeddable":true,"href":"https:\/\/www.sorainstyles.com\/boutique\/wp-json\/wp\/v2\/media\/14210"}],"wp:attachment":[{"href":"https:\/\/www.sorainstyles.com\/boutique\/wp-json\/wp\/v2\/media?parent=2308"}],"wp:term":[{"taxonomy":"product_brand","embeddable":true,"href":"https:\/\/www.sorainstyles.com\/boutique\/wp-json\/wp\/v2\/product_brand?post=2308"},{"taxonomy":"product_cat","embeddable":true,"href":"https:\/\/www.sorainstyles.com\/boutique\/wp-json\/wp\/v2\/product_cat?post=2308"},{"taxonomy":"product_tag","embeddable":true,"href":"https:\/\/www.sorainstyles.com\/boutique\/wp-json\/wp\/v2\/product_tag?post=2308"}],"curies":[{"name":"wp","href":"https:\/\/api.w.org\/{rel}","templated":true}]}}