{"id":2302,"date":"2021-12-07T18:33:53","date_gmt":"2021-12-07T17:33:53","guid":{"rendered":"https:\/\/www.sorainstyles.com\/boutique\/produit\/card-room-green-79\/"},"modified":"2025-10-15T15:52:34","modified_gmt":"2025-10-15T13:52:34","slug":"card-room-green-79","status":"publish","type":"product","link":"https:\/\/www.sorainstyles.com\/boutique\/produit\/card-room-green-79\/","title":{"rendered":"Card Room Green 79"},"content":{"rendered":"<h1 class=\"product-hero__title\">Card Room Green &#8211; No. 79 de chez Farrow &amp; Ball<\/h1>\n<p>En effet, cette couleur doit son nom aux pi\u00e8ces ressemblant \u00e0 des bureaux tr\u00e8s pris\u00e9s durant la p\u00e9riode victorienne. Il prend vraiment vie lorsqu\u2019il est contrast\u00e9 avec un Neutre Traditionnel comme <a href=\"https:\/\/www.farrow-ball.com\/fr\/couleurs\/off-white\" target=\"_blank\" rel=\"noopener\">Off-White<\/a>\u00a0ou avec la teinte plus fonc\u00e9e\u00a0<a href=\"https:\/\/www.farrow-ball.com\/fr\/couleurs\/studio-green\" target=\"_blank\" rel=\"noopener\">Studio Green<\/a>, mais il para\u00eet plus contemporain sans aucun contraste.<\/p>\n<p>Primer &amp; Undercoat recommand\u00e9e: <a href=\"https:\/\/www.sorainstyles.com\/boutique\/categorie-produit\/appret-sous-couches\/dark-tones\/\" target=\"_blank\" rel=\"noopener\">Dark Tones<\/a><\/p>\n<p>Blanc compl\u00e9mentaire :\u00a0<a href=\"https:\/\/www.sorainstyles.com\/boutique\/produit\/shaded-white-201\/\" target=\"_blank\" rel=\"noopener\">Shaded White<\/a><\/p>\n<h3>4 exemples d&rsquo;harmonies de couleurs avec la teinte Card Room Green &#8211; No.79<\/h3>\n<ul>\n<li>School House White No.291 &#8211; Drop Cloth No.283<\/li>\n<li>Oval Room Blue No.85 &#8211; Dead Salmon No.28<\/li>\n<li>Studio Green No.93 &#8211; Preference Red No.297<\/li>\n<li>Picture Gallery Red No.42 &#8211; Inchyra Blue No.289<\/li>\n<\/ul>\n<h3>Information produit<\/h3>\n<h4>A base d&rsquo;eau et sans danger pour les enfants<\/h4>\n<p>En 2010, Farrow &amp; Ball a \u00e9t\u00e9 les premiers du secteur \u00e0 passer \u00e0 une gamme de finitions \u00e9labor\u00e9es enti\u00e8rement \u00e0 base d\u2019eau. En effet, ces finitions \u00e0 faible teneur en COV et pratiquement sans odeur sont faciles \u00e0 nettoyer sans recourir \u00e0 des solvants nocifs.<\/p>\n<h4>Finitions de qualit\u00e9<\/h4>\n<p>Tout d&rsquo;abord, chacune de nos couleurs est disponible dans une gamme de finitions de peinture d\u2019int\u00e9rieur et d\u2019ext\u00e9rieur. Ensuite, chaque finition est test\u00e9e de mani\u00e8re rigoureuse pour garantir un fini durable et une profondeur de couleur exceptionnelle. Enfin, pour obtenir les meilleurs r\u00e9sultats, nous recommandons toujours d\u2019utiliser une Impression &amp; Sous-couche Farrow &amp; Ball &#8211; voir plus haut pour trouver la tonalit\u00e9 de couleur exacte pour cette peinture.<\/p>\n","protected":false},"excerpt":{"rendered":"<h3>Un gris vert masculin<\/h3>\n<p>Ce vert gris fonc\u00e9 se r\u00e9v\u00e8le particuli\u00e8rement beau en contraste avec des tons neutres chauds ou des nuances plus sombres. Utilis\u00e9 seul, il cr\u00e9e une atmosph\u00e8re contemporaine avec un l\u00e9ger c\u00f4t\u00e9 masculin.<\/p>\n<p>Sous-couche recommand\u00e9e : <a href=\"https:\/\/www.sorainstyles.com\/boutique\/categorie-produit\/appret-sous-couches\/dark-tones\/\" target=\"_blank\" rel=\"noopener\">Dark Tones<\/a><\/p>\n","protected":false},"featured_media":14201,"template":"","meta":{"_acf_changed":false,"_et_pb_use_builder":"","_et_pb_old_content":"","_et_gb_content_width":""},"product_brand":[],"product_cat":[341,143,81,92],"product_tag":[752,751,406,371,366,362,350],"class_list":{"0":"post-2302","1":"product","2":"type-product","3":"status-publish","4":"has-post-thumbnail","6":"product_cat-fonce-luminosite","7":"product_cat-nuancier-actuel","8":"product_cat-peintures-de-finition","9":"product_cat-vert","10":"product_tag-752","11":"product_tag-card-room-green","12":"product_tag-couleur","13":"product_tag-farrow","14":"product_tag-farrowball","15":"product_tag-peinture","16":"product_tag-vert","18":"first","19":"instock","20":"taxable","21":"shipping-taxable","22":"purchasable","23":"product-type-variable"},"acf":[],"_links":{"self":[{"href":"https:\/\/www.sorainstyles.com\/boutique\/wp-json\/wp\/v2\/product\/2302","targetHints":{"allow":["GET"]}}],"collection":[{"href":"https:\/\/www.sorainstyles.com\/boutique\/wp-json\/wp\/v2\/product"}],"about":[{"href":"https:\/\/www.sorainstyles.com\/boutique\/wp-json\/wp\/v2\/types\/product"}],"wp:featuredmedia":[{"embeddable":true,"href":"https:\/\/www.sorainstyles.com\/boutique\/wp-json\/wp\/v2\/media\/14201"}],"wp:attachment":[{"href":"https:\/\/www.sorainstyles.com\/boutique\/wp-json\/wp\/v2\/media?parent=2302"}],"wp:term":[{"taxonomy":"product_brand","embeddable":true,"href":"https:\/\/www.sorainstyles.com\/boutique\/wp-json\/wp\/v2\/product_brand?post=2302"},{"taxonomy":"product_cat","embeddable":true,"href":"https:\/\/www.sorainstyles.com\/boutique\/wp-json\/wp\/v2\/product_cat?post=2302"},{"taxonomy":"product_tag","embeddable":true,"href":"https:\/\/www.sorainstyles.com\/boutique\/wp-json\/wp\/v2\/product_tag?post=2302"}],"curies":[{"name":"wp","href":"https:\/\/api.w.org\/{rel}","templated":true}]}}